{"id":1394,"date":"2014-11-18T08:08:08","date_gmt":"2014-11-18T11:08:08","guid":{"rendered":"https:\/\/ffyh.unc.edu.ar\/publicaciones\/?post_type=product&#038;p=1394"},"modified":"2021-12-14T20:22:34","modified_gmt":"2021-12-14T23:22:34","slug":"estudios-interdisciplinarios-de-historia-antigua-iv","status":"publish","type":"product","link":"https:\/\/ffyh.unc.edu.ar\/publicaciones\/tienda\/publicaciones-de-investigacion\/seicyt\/colecciones\/estudios-interdisciplinarios-de-historia-antigua-iv\/","title":{"rendered":"Estudios interdisciplinarios de Historia Antigua IV"},"content":{"rendered":"<p>El presente volumen re\u00fane las contribuciones de los conferenciantes invitados a las Cuartas Jornadas Nacionales \u2013Terceras Internacionales &#8211; de Historia Antigua, que tuvieron lugar en la ciudad de C\u00f3rdoba (Rep\u00fablica Argentina), durante los d\u00edas 21, 22, 23 y 24 de mayo de 2012.<\/p>\n<p>Estas Jornadas surgieron en el a\u00f1o 2005 a partir de una convocatoria realizada por la c\u00e1tedra de Historia Antigua de la Universidad Nacional de C\u00f3rdoba (R. A.), dirigida a los estudiosos del Mundo Antiguo, a fin de fortalecer los lazos entre la Historia Antigua de Oriente, la Historia Grecorromana y los Estudios Cl\u00e1sicos, con el objetivo de reunir a docentes e investigadores de las Universidades del pa\u00eds y del extranjero.<\/p>\n<p>En la motivaci\u00f3n y organizaci\u00f3n del evento ha primado siempre un criterio interdisciplinario, dado que el objetivo fundamental es generar un espacio de confluencia de diferentes disciplinas que comparten problem\u00e1ticas comunes en torno a la Antig\u00fcedad Oriental y Cl\u00e1sica y sus diferentes proyecciones, convencidos de que la Antig\u00fcedad sigue siendo, a\u00fan hoy, un espacio en y a partir del cual se pude discutir y reflexionar sobre cuestiones centrales de las ciencias sociales y humanas.<\/p>\n<p>De acuerdo a estos lineamientos, hemos contado en las cuatro convocatorias realizadas hasta el momento (2005, 2007, 2009 y 2012) con las presencia de historiadores, arque\u00f3logos, fil\u00f3logos, fil\u00f3sofos y especialistas en arte y religiones antiguas, con la idea de que est\u00e9n representadas todas las \u00e1reas de conocimiento, y con ello, todas las v\u00edas alternativas de acercamiento e interpretaci\u00f3n a las diferentes problem\u00e1ticas, reafirmando de este modo el car\u00e1cter interdisciplinario del encuentro.<\/p>\n<p>Los diferentes art\u00edculos que integran el presente volumen no giran alrededor de un tema espec\u00edfico sino que abordan los puntos fundamentales de la investigaci\u00f3n, perspectivas y problemas de la antig\u00fcedad, desarrollados en los \u00faltimos a\u00f1os por las disciplinas involucradas en su estudio, de all\u00ed que el presente volumen representa una instancia de actualizaci\u00f3n.<\/p>\n","protected":false},"excerpt":{"rendered":"<p>El presente volumen re\u00fane las contribuciones de los conferenciantes invitados a las Cuartas Jornadas Nacionales \u2013Terceras Internacionales &#8211; de Historia Antigua, que tuvieron lugar en la ciudad de C\u00f3rdoba durante los d\u00edas 21, 22, 23 y 24 de mayo de 2012.\u00a0 Los diferentes art\u00edculos que integran esta publicaci\u00f3n no giran alrededor de un tema espec\u00edfico sino que abordan los puntos fundamentales de la investigaci\u00f3n, perspectivas y problemas de la antig\u00fcedad, desarrollados en los \u00faltimos a\u00f1os por las disciplinas involucradas en su estudio.<\/p>\n","protected":false},"featured_media":1386,"comment_status":"closed","ping_status":"closed","template":"","meta":{"_acf_changed":false,"colormag_page_container_layout":"default_layout","colormag_page_sidebar_layout":"default_layout"},"product_brand":[],"product_cat":[34,27,33],"product_tag":[1242,1241,1243],"autor":[1049,1051,1050,933,1053,1048,932,1045,1052,1047,1055,1044,1054,1056,1046],"editor":[],"traductor":[],"compilador":[942,943],"coordinador":[],"director":[],"class_list":{"0":"post-1394","1":"product","2":"type-product","3":"status-publish","4":"has-post-thumbnail","6":"product_cat-colecciones","7":"product_cat-publicaciones-de-investigacion","8":"product_cat-seicyt","9":"product_tag-antigua-grecia","10":"product_tag-antiguo-oriente","11":"product_tag-roma","12":"autor-ana-iriarte","13":"autor-ana-teresa-marques-goncalves","14":"autor-carlos-garcia-mac-gaw","15":"autor-cecilia-ames","16":"autor-elsa-rodriguez-cidre","17":"autor-fernando-garcia-romero","18":"autor-guillermo-de-santis","19":"autor-jose-fernandez-ubina","20":"autor-juan-francisco-rodriguez-neila","21":"autor-julian-gallego","22":"autor-laura-sancho-rocher","23":"autor-marcelo-campagno","24":"autor-marta-sagristani","25":"autor-raul-buono-core-v","26":"autor-roxana-flammini","27":"compilador-cecilia-ames","28":"compilador-marta-sagristani","30":"first","31":"instock","32":"shipping-taxable","33":"product-type-external"},"acf":[],"_links":{"self":[{"href":"https:\/\/ffyh.unc.edu.ar\/publicaciones\/wp-json\/wp\/v2\/product\/1394","targetHints":{"allow":["GET"]}}],"collection":[{"href":"https:\/\/ffyh.unc.edu.ar\/publicaciones\/wp-json\/wp\/v2\/product"}],"about":[{"href":"https:\/\/ffyh.unc.edu.ar\/publicaciones\/wp-json\/wp\/v2\/types\/product"}],"replies":[{"embeddable":true,"href":"https:\/\/ffyh.unc.edu.ar\/publicaciones\/wp-json\/wp\/v2\/comments?post=1394"}],"wp:featuredmedia":[{"embeddable":true,"href":"https:\/\/ffyh.unc.edu.ar\/publicaciones\/wp-json\/wp\/v2\/media\/1386"}],"wp:attachment":[{"href":"https:\/\/ffyh.unc.edu.ar\/publicaciones\/wp-json\/wp\/v2\/media?parent=1394"}],"wp:term":[{"taxonomy":"product_brand","embeddable":true,"href":"https:\/\/ffyh.unc.edu.ar\/publicaciones\/wp-json\/wp\/v2\/product_brand?post=1394"},{"taxonomy":"product_cat","embeddable":true,"href":"https:\/\/ffyh.unc.edu.ar\/publicaciones\/wp-json\/wp\/v2\/product_cat?post=1394"},{"taxonomy":"product_tag","embeddable":true,"href":"https:\/\/ffyh.unc.edu.ar\/publicaciones\/wp-json\/wp\/v2\/product_tag?post=1394"},{"taxonomy":"autor","embeddable":true,"href":"https:\/\/ffyh.unc.edu.ar\/publicaciones\/wp-json\/wp\/v2\/autor?post=1394"},{"taxonomy":"editor","embeddable":true,"href":"https:\/\/ffyh.unc.edu.ar\/publicaciones\/wp-json\/wp\/v2\/editor?post=1394"},{"taxonomy":"traductor","embeddable":true,"href":"https:\/\/ffyh.unc.edu.ar\/publicaciones\/wp-json\/wp\/v2\/traductor?post=1394"},{"taxonomy":"compilador","embeddable":true,"href":"https:\/\/ffyh.unc.edu.ar\/publicaciones\/wp-json\/wp\/v2\/compilador?post=1394"},{"taxonomy":"coordinador","embeddable":true,"href":"https:\/\/ffyh.unc.edu.ar\/publicaciones\/wp-json\/wp\/v2\/coordinador?post=1394"},{"taxonomy":"director","embeddable":true,"href":"https:\/\/ffyh.unc.edu.ar\/publicaciones\/wp-json\/wp\/v2\/director?post=1394"}],"curies":[{"name":"wp","href":"https:\/\/api.w.org\/{rel}","templated":true}]}}