{"id":1408,"date":"2016-11-19T07:09:09","date_gmt":"2016-11-19T10:09:09","guid":{"rendered":"https:\/\/ffyh.unc.edu.ar\/publicaciones\/?post_type=product&#038;p=1408"},"modified":"2021-12-14T19:55:20","modified_gmt":"2021-12-14T22:55:20","slug":"colectivos-y-parcialidades-politicas-y-sociales-los-desaparecidos-y-asesinados-de-cordoba-en-los70","status":"publish","type":"product","link":"https:\/\/ffyh.unc.edu.ar\/publicaciones\/tienda\/publicaciones-de-investigacion\/seicyt\/colecciones\/colectivos-y-parcialidades-politicas-y-sociales-los-desaparecidos-y-asesinados-de-cordoba-en-los70\/","title":{"rendered":"Colectivos y parcialidades pol\u00edticas y sociales: los desaparecidos y asesinados de C\u00f3rdoba en los\u00b470"},"content":{"rendered":"<p>La presente edici\u00f3n tiene por finalidad difundir el estado actual de nuestra investigaci\u00f3n sobre los desaparecidos y asesinados de C\u00f3rdoba entre 1969 y 1983, por la represi\u00f3n ilegal, el terror paraestatal y el terrorismo de Estado. Es en cierto modo una continuaci\u00f3n pero tambi\u00e9n una actualizaci\u00f3n de dos libros anteriores (<em>Vidas y ausencias. Destinatarios de la represi\u00f3n, <\/em><em>C\u00f3rdoba 1969-1983<\/em> e <em>Historias recientes <\/em><em>de C\u00f3rdoba. Pol\u00edtica y derechos humanos en la segunda mitad del siglo <\/em><em>XX) <\/em>e incluye ahora otras contribuciones relacionadas con ese objeto.<\/p>\n<p>Pensado en t\u00e9rminos de colectivo\/s y parcialidades por cuanto se trata de un universo de sujetos sociales y pol\u00edticos heterog\u00e9neo \u2013de edades, sexos, ocupaciones, estudios y experiencias pol\u00edticas y gremiales diversas\u2013, en nuestra perspectiva tienen en com\u00fan haber sido v\u00edctimas, cuando no destinatarios \u201cprivilegiados\u201d de una espiral de violencia represiva con fines pol\u00edticos que desde mediados de los \u201870 alcanz\u00f3 dimensiones aberrantes e in\u00e9ditas en la historia argentina.<\/p>\n<p>La versi\u00f3n impresa del libro <em>Colectivos y parcialidades pol\u00edticas y sociales<\/em> ha sido revisada para esta publicaci\u00f3n en formato digital. Principalmente para corregir errores ortogr\u00e1ficos y otros que fueron advertidos, como suele ocurrir, luego de la relectura de los textos. Los m\u00e1s significativos fueron salvados con una fe de erratas inserta en el libro impreso. Se incluyeron tambi\u00e9n algunas precisiones y datos complementarios obtenidos en el proceso de<br \/>\nrevisi\u00f3n.<\/p>\n<p>Pese a ello, somos conscientes que dado el volumen de informaci\u00f3n manejado en la elaboraci\u00f3n de la N\u00f3mina de personas de C\u00f3rdoba desaparecidas y asesinadas en los \u201970 y sobre todo por la dispersi\u00f3n y la naturaleza fragmentaria de las fuentes disponibles, otras precisiones ir\u00e1n surgiendo a lo largo del tiempo. Particularmente a partir de los aportes que podamos recibir para enmendar posibles errores y mejorar el conocimiento logrado hasta el presente. Entendemos que el acceso abierto a esta publicaci\u00f3n contribuir\u00e1 a ampliar y enriquecer las biograf\u00edas y trayectorias de las personas presentes en la N\u00f3mina, a incluir otras y, en suma, a seguir recuperando parte de la historia de nuestro pasado reciente.<\/p>\n<p>Si usted tiene informaci\u00f3n que aportar escr\u00edbanos al siguiente correo electr\u00f3nico: archfilm@ffyh.unc.edu.ar<\/p>\n","protected":false},"excerpt":{"rendered":"<p>La presente edici\u00f3n tiene por finalidad difundir el estado actual de nuestra investigaci\u00f3n sobre los desaparecidos y asesinados de C\u00f3rdoba entre 1969 y 1983, por la represi\u00f3n ilegal, el terror paraestatal y el terrorismo de Estado. Este libro es una continuaci\u00f3n pero tambi\u00e9n una actualizaci\u00f3n de dos libros anteriores (<em>Vidas y ausencias. Destinatarios de la represi\u00f3n, <\/em><em>C\u00f3rdoba 1969-1983<\/em> e <em>Historias recientes <\/em><em>de C\u00f3rdoba. Pol\u00edtica y derechos humanos en la segunda mitad del siglo <\/em><em>XX) <\/em>e incluye ahora otras contribuciones relacionadas con ese objeto.<\/p>\n","protected":false},"featured_media":1402,"comment_status":"closed","ping_status":"closed","template":"","meta":{"_acf_changed":false,"colormag_page_container_layout":"default_layout","colormag_page_sidebar_layout":"default_layout"},"product_brand":[],"product_cat":[34,1335,27,33],"product_tag":[1215,1238],"autor":[1057,857,1058,854,856,859,858],"editor":[1059],"traductor":[],"compilador":[],"coordinador":[],"director":[],"class_list":{"0":"post-1408","1":"product","2":"type-product","3":"status-publish","4":"has-post-thumbnail","6":"product_cat-colecciones","7":"product_cat-publicaciones-de-ddhh-y-genero","8":"product_cat-publicaciones-de-investigacion","9":"product_cat-seicyt","10":"product_tag-derechos-humanos","11":"product_tag-terrorismo-de-estado","12":"autor-abel-bohoslavsky","13":"autor-gonzalo-pedano","14":"autor-juan-ignacio-gonzalez","15":"autor-malvina-gonzalez-lanfir","16":"autor-marta-palacios","17":"autor-norma-san-nicolas","18":"autor-silvia-romano","19":"editor-silvia-romano","21":"first","22":"instock","23":"shipping-taxable","24":"product-type-external"},"acf":[],"_links":{"self":[{"href":"https:\/\/ffyh.unc.edu.ar\/publicaciones\/wp-json\/wp\/v2\/product\/1408","targetHints":{"allow":["GET"]}}],"collection":[{"href":"https:\/\/ffyh.unc.edu.ar\/publicaciones\/wp-json\/wp\/v2\/product"}],"about":[{"href":"https:\/\/ffyh.unc.edu.ar\/publicaciones\/wp-json\/wp\/v2\/types\/product"}],"replies":[{"embeddable":true,"href":"https:\/\/ffyh.unc.edu.ar\/publicaciones\/wp-json\/wp\/v2\/comments?post=1408"}],"wp:featuredmedia":[{"embeddable":true,"href":"https:\/\/ffyh.unc.edu.ar\/publicaciones\/wp-json\/wp\/v2\/media\/1402"}],"wp:attachment":[{"href":"https:\/\/ffyh.unc.edu.ar\/publicaciones\/wp-json\/wp\/v2\/media?parent=1408"}],"wp:term":[{"taxonomy":"product_brand","embeddable":true,"href":"https:\/\/ffyh.unc.edu.ar\/publicaciones\/wp-json\/wp\/v2\/product_brand?post=1408"},{"taxonomy":"product_cat","embeddable":true,"href":"https:\/\/ffyh.unc.edu.ar\/publicaciones\/wp-json\/wp\/v2\/product_cat?post=1408"},{"taxonomy":"product_tag","embeddable":true,"href":"https:\/\/ffyh.unc.edu.ar\/publicaciones\/wp-json\/wp\/v2\/product_tag?post=1408"},{"taxonomy":"autor","embeddable":true,"href":"https:\/\/ffyh.unc.edu.ar\/publicaciones\/wp-json\/wp\/v2\/autor?post=1408"},{"taxonomy":"editor","embeddable":true,"href":"https:\/\/ffyh.unc.edu.ar\/publicaciones\/wp-json\/wp\/v2\/editor?post=1408"},{"taxonomy":"traductor","embeddable":true,"href":"https:\/\/ffyh.unc.edu.ar\/publicaciones\/wp-json\/wp\/v2\/traductor?post=1408"},{"taxonomy":"compilador","embeddable":true,"href":"https:\/\/ffyh.unc.edu.ar\/publicaciones\/wp-json\/wp\/v2\/compilador?post=1408"},{"taxonomy":"coordinador","embeddable":true,"href":"https:\/\/ffyh.unc.edu.ar\/publicaciones\/wp-json\/wp\/v2\/coordinador?post=1408"},{"taxonomy":"director","embeddable":true,"href":"https:\/\/ffyh.unc.edu.ar\/publicaciones\/wp-json\/wp\/v2\/director?post=1408"}],"curies":[{"name":"wp","href":"https:\/\/api.w.org\/{rel}","templated":true}]}}