{"id":1410,"date":"2016-11-19T07:24:09","date_gmt":"2016-11-19T10:24:09","guid":{"rendered":"https:\/\/ffyh.unc.edu.ar\/publicaciones\/?post_type=product&#038;p=1410"},"modified":"2021-12-14T19:57:12","modified_gmt":"2021-12-14T22:57:12","slug":"cordoba-a-40-anos-del-golpe-estudios-de-la-dictadura-en-clave-local","status":"publish","type":"product","link":"https:\/\/ffyh.unc.edu.ar\/publicaciones\/tienda\/publicaciones-de-investigacion\/seicyt\/colecciones\/cordoba-a-40-anos-del-golpe-estudios-de-la-dictadura-en-clave-local\/","title":{"rendered":"C\u00f3rdoba a 40 a\u00f1os del Golpe: estudios de la dictadura en clave local"},"content":{"rendered":"<p>A prop\u00f3sito de cumplirse cuarenta a\u00f1os del \u00faltimo y m\u00e1s fat\u00eddico golpe de estado perpetrado en la Argentina, algunos docentes de la c\u00e1tedra <em>Historia Argentina Contempor\u00e1nea<\/em> de la Facultad de Ciencias de la Comunicaci\u00f3n, Universidad Nacional de C\u00f3rdoba; consideramos oportuno editar un libro que reuniera una serie de estudios dispersos en torno a los ejes C\u00f3rdoba y dictadura.<\/p>\n<p>En su origen, la idea central fue elaborar un texto que diera cuenta de las preocupaciones investigativas en temas de pasado reciente con un fuerte anclaje territorial, en virtud de reflejar las singularidades que nos diferencian del resto del pa\u00eds. Con esa consigna, y a los fines de enriquecer el proyecto, se convocaron a diversas personas que ven\u00edan trabajando en temas afines con el af\u00e1n de recibir sus aportes y experticia. Si bien, por diferentes razones, no todos pudieron participar, se consigui\u00f3 articular ocho investigaciones que expresan las principales l\u00edneas de debate e indagaci\u00f3n hist\u00f3rica en el tema.<\/p>\n<p>El presente libro re\u00fane ocho cap\u00edtulos agrupados en cuatro ejes que reflejan experiencias de militancia, represiones, prensa y continuidades entre la dictadura y el presente.<\/p>\n<p>En primer lugar, la preocupaci\u00f3n por hacer confluir la reconstrucci\u00f3n del universo de los represaliados y los estudios de la militancia se integran en el cap\u00edtulo de Alicia Servetto y Ana Noguera dedicado a construir un perfil de los y las militantes de las organizaciones revolucionarias armadas de C\u00f3rdoba.<\/p>\n<p>En segundo lugar y desde la perspectiva <em>contrarrevolucionaria<\/em>, el cap\u00edtulo de Eliana Lacombe analiza la llamada <em>infiltraci\u00f3n marxista<\/em> como enemigo pol\u00edtico-religioso.<\/p>\n<p>En tercer lugar, y en cuanto al amplio y diverso debate que se ha venido realizando en los \u00faltimos a\u00f1os acerca de la lucha armada y, en particular sobre las desviaciones militaristas de algunas organizaciones de izquierda, Gabriel Montali analiza la acci\u00f3n pol\u00edtica y militar de la Organizaci\u00f3n Comunista Poder Obrero (OCPO), que en C\u00f3rdoba -entre 1974 y 1976- se convirti\u00f3 en la tercera organizaci\u00f3n revolucionaria m\u00e1s importante detr\u00e1s de Montoneros y del PRT-ERP.<\/p>\n<p>En cuarto lugar, y en relaci\u00f3n a la militancia sindical, Ana Elisa Arriaga presenta una aproximaci\u00f3n al impacto de la violencia y la represi\u00f3n estatal entre los trabajadores el\u00e9ctricos de C\u00f3rdoba, atendiendo tanto a la progresiva p\u00e9rdida de derechos colectivos en t\u00e9rminos del debilitamiento de su capacidad de acci\u00f3n sindical, como al cercenamiento de derechos laborales individuales.<\/p>\n<p>En quinto lugar, y partir del asesinato de nueve estudiantes universitarios ocurridos en C\u00f3rdoba a comienzos de diciembre de 1975, Melisa Paiaro se detiene en la formaci\u00f3n y el accionar del autodenominado <em>Comando Libertadores de Am\u00e9rica<\/em>.<\/p>\n<p>En sexto lugar, y en cuanto a la violencia sufrida en el \u00e1mbito de la comunicaci\u00f3n social, Pablo Ponza y Jos\u00e9 Soaje recorren las l\u00edneas de continuidad y ruptura del accionar represivo sobre los periodistas y la prensa gr\u00e1fica de C\u00f3rdoba, a partir del singular escenario pol\u00edtico que inaugur\u00f3 el <em>Navarrazo. <\/em><\/p>\n<p>En s\u00e9ptimo lugar, e inscripta en el campo de los derechos humanos, Ana Carol Solis indaga los modos en que la prensa favoreci\u00f3 o no la creaci\u00f3n de un sentido com\u00fan alternativo sobre las denuncias de violaciones cometidas, que fuese solidario con la causa de los represaliados, sus familiares y allegados.<\/p>\n<p>En octavo y \u00faltimo lugar, Marta Philp investiga c\u00f3mo la dictadura fund\u00f3 su accionar en ideas claves acerca del orden pol\u00edtico, el papel de los distintos sectores sociales y el lugar de la Argentina en el mundo.<\/p>\n","protected":false},"excerpt":{"rendered":"<p>Esta publicaci\u00f3n da cuenta de las preocupaciones investigativas en temas de pasado reciente con un fuerte anclaje territorial. Con esa consigna, y a los fines de enriquecer el proyecto, se convocaron a diversas personas que ven\u00edan trabajando en temas afines con el af\u00e1n de recibir sus aportes y experticia. Si bien, por diferentes razones, no todos pudieron participar, se consigui\u00f3 articular ocho investigaciones que expresan las principales l\u00edneas de debate e indagaci\u00f3n hist\u00f3rica en el tema. El presente libro re\u00fane ocho cap\u00edtulos agrupados en cuatro ejes que reflejan experiencias de militancia, represiones, prensa y continuidades entre la dictadura y el presente.<\/p>\n","protected":false},"featured_media":1406,"comment_status":"closed","ping_status":"closed","template":"","meta":{"_acf_changed":false,"colormag_page_container_layout":"default_layout","colormag_page_sidebar_layout":"default_layout"},"product_brand":[],"product_cat":[34,1335,27,33],"product_tag":[1096,1238],"autor":[525,526,826,1060,1061,1062,1065,530,1063,1064],"editor":[],"traductor":[],"compilador":[1066,1067],"coordinador":[],"director":[],"class_list":{"0":"post-1410","1":"product","2":"type-product","3":"status-publish","4":"has-post-thumbnail","6":"product_cat-colecciones","7":"product_cat-publicaciones-de-ddhh-y-genero","8":"product_cat-publicaciones-de-investigacion","9":"product_cat-seicyt","10":"product_tag-cordoba","11":"product_tag-terrorismo-de-estado","12":"autor-alicia-servetto","13":"autor-ana-carol-solis","14":"autor-ana-elisa-arriaga","15":"autor-ana-noguera","16":"autor-eliana-lacombe","17":"autor-gabriel-montali","18":"autor-jose-soaje","19":"autor-marta-philp","20":"autor-melisa-paiaro","21":"autor-pablo-ponza","22":"compilador-ana-carol-solis","23":"compilador-pablo-ponza","25":"first","26":"instock","27":"shipping-taxable","28":"product-type-external"},"acf":[],"_links":{"self":[{"href":"https:\/\/ffyh.unc.edu.ar\/publicaciones\/wp-json\/wp\/v2\/product\/1410","targetHints":{"allow":["GET"]}}],"collection":[{"href":"https:\/\/ffyh.unc.edu.ar\/publicaciones\/wp-json\/wp\/v2\/product"}],"about":[{"href":"https:\/\/ffyh.unc.edu.ar\/publicaciones\/wp-json\/wp\/v2\/types\/product"}],"replies":[{"embeddable":true,"href":"https:\/\/ffyh.unc.edu.ar\/publicaciones\/wp-json\/wp\/v2\/comments?post=1410"}],"wp:featuredmedia":[{"embeddable":true,"href":"https:\/\/ffyh.unc.edu.ar\/publicaciones\/wp-json\/wp\/v2\/media\/1406"}],"wp:attachment":[{"href":"https:\/\/ffyh.unc.edu.ar\/publicaciones\/wp-json\/wp\/v2\/media?parent=1410"}],"wp:term":[{"taxonomy":"product_brand","embeddable":true,"href":"https:\/\/ffyh.unc.edu.ar\/publicaciones\/wp-json\/wp\/v2\/product_brand?post=1410"},{"taxonomy":"product_cat","embeddable":true,"href":"https:\/\/ffyh.unc.edu.ar\/publicaciones\/wp-json\/wp\/v2\/product_cat?post=1410"},{"taxonomy":"product_tag","embeddable":true,"href":"https:\/\/ffyh.unc.edu.ar\/publicaciones\/wp-json\/wp\/v2\/product_tag?post=1410"},{"taxonomy":"autor","embeddable":true,"href":"https:\/\/ffyh.unc.edu.ar\/publicaciones\/wp-json\/wp\/v2\/autor?post=1410"},{"taxonomy":"editor","embeddable":true,"href":"https:\/\/ffyh.unc.edu.ar\/publicaciones\/wp-json\/wp\/v2\/editor?post=1410"},{"taxonomy":"traductor","embeddable":true,"href":"https:\/\/ffyh.unc.edu.ar\/publicaciones\/wp-json\/wp\/v2\/traductor?post=1410"},{"taxonomy":"compilador","embeddable":true,"href":"https:\/\/ffyh.unc.edu.ar\/publicaciones\/wp-json\/wp\/v2\/compilador?post=1410"},{"taxonomy":"coordinador","embeddable":true,"href":"https:\/\/ffyh.unc.edu.ar\/publicaciones\/wp-json\/wp\/v2\/coordinador?post=1410"},{"taxonomy":"director","embeddable":true,"href":"https:\/\/ffyh.unc.edu.ar\/publicaciones\/wp-json\/wp\/v2\/director?post=1410"}],"curies":[{"name":"wp","href":"https:\/\/api.w.org\/{rel}","templated":true}]}}