{"id":1412,"date":"2016-11-19T07:39:26","date_gmt":"2016-11-19T10:39:26","guid":{"rendered":"https:\/\/ffyh.unc.edu.ar\/publicaciones\/?post_type=product&#038;p=1412"},"modified":"2021-12-14T20:29:47","modified_gmt":"2021-12-14T23:29:47","slug":"instituciones-sujetos-y-contextos-recorridos-de-investigacion-educativa-en-tiempos-de-transformaciones-sociales","status":"publish","type":"product","link":"https:\/\/ffyh.unc.edu.ar\/publicaciones\/tienda\/publicaciones-de-investigacion\/seicyt\/colecciones\/instituciones-sujetos-y-contextos-recorridos-de-investigacion-educativa-en-tiempos-de-transformaciones-sociales\/","title":{"rendered":"Instituciones, sujetos y contextos. Recorridos de investigaci\u00f3n educativa en tiempos de transformaciones sociales"},"content":{"rendered":"<p>Este volumen recopila los trabajos elaborados en el marco del proyecto: \u00abInstituciones, sujetos y transformaciones sociales. Cruces cr\u00edticos y procesos instituyentes en la educaci\u00f3n de ni\u00f1os y j\u00f3venes\u00bb, subsidiado por Secyt- UNC y radicado en el Centro de Investigaciones\u00bbMar\u00eda Saleme de Burnich\u00f3n\u00bb de la Facultad de Filosof\u00eda y Humanidades UNC.<\/p>\n<p>El proyecto constituye el espacio aglutinante del trabajo desarrollado por el equipo en los \u00faltimos a\u00f1os, y se centra en el estudio de las instituciones, los sujetos y las transformaciones sociales, proponiendo una mirada articulada entre la escuela como instituci\u00f3n constituida a partir delas pr\u00e1cticas colectivas, las experiencias de ni\u00f1ez\/adolescencia en sus pluralidades y heterogeneidades, y los procesos recientes en contextos urbanos. Atendiendo a la configuraci\u00f3n socio hist\u00f3rica de los espacios locales, se busc\u00f3 analizar el devenir institucional y sus transformaciones en el seno de estas redes, el lugar de los sujetos y las elaboraciones subjetivas acu\u00f1adas en esas tramas, as\u00ed como las construcciones<br \/>\nde ni\u00f1ez\/adolescencia en organizaciones comunitarias y sus articulaciones escolares.<\/p>\n<p>Interesa destacar que este primer esfuerzo de concretar una publicaci\u00f3n surgida de la investigaci\u00f3n educativa -que ha pasado ya por instancias de intercambio con los colegas investigadores en diversos eventos cient\u00edficos- persigue la finalidad d salir de las fronteras acad\u00e9micas y fortalecer los di\u00e1logos ya iniciados desde diferentes propuestas con docentes, directivos, profesionales del sistema, estudiantes de magisterio y profesorados, integrantes de organizaciones preocupadas por la educaci\u00f3n, y con todos aquellos a quienes interese compartir y confrontar miradas y preguntas en el campo de problemas que se abordan en estas p\u00e1ginas.<\/p>\n","protected":false},"excerpt":{"rendered":"<p>Esta publicaci\u00f3n recupera los trabajos elaborados en el marco del proyecto: \u00abInstituciones, sujetos y transformaciones sociales. Cruces cr\u00edticos y procesos instituyentes en la educaci\u00f3n de ni\u00f1os y j\u00f3venes\u00bb, subsidiado por Secyt- UNC y radicado en el Centro de Investigaciones \u00abMar\u00eda Saleme de Burnich\u00f3n\u00bb de la Facultad de Filosof\u00eda y Humanidades UNC.<\/p>\n","protected":false},"featured_media":1400,"comment_status":"closed","ping_status":"closed","template":"","meta":{"_acf_changed":false,"colormag_page_container_layout":"default_layout","colormag_page_sidebar_layout":"default_layout"},"product_brand":[],"product_cat":[34,27,33],"product_tag":[1138,1235],"autor":[592,1074,1076,1070,1069,1068,426,1071,422,1075,1073,1072],"editor":[],"traductor":[],"compilador":[1077],"coordinador":[],"director":[],"class_list":{"0":"post-1412","1":"product","2":"type-product","3":"status-publish","4":"has-post-thumbnail","6":"product_cat-colecciones","7":"product_cat-publicaciones-de-investigacion","8":"product_cat-seicyt","9":"product_tag-investigacion","10":"product_tag-politicas-educativas","11":"autor-alejandra-castro","12":"autor-andrea-martino","13":"autor-carina-bertolino","14":"autor-claudia-bruno","15":"autor-gustavo-enrique-rinaudo","16":"autor-laura-romera-largo","17":"autor-marcela-carignano","18":"autor-maria-carla-herbstein","19":"autor-marina-yazyi","20":"autor-marisa-muchiut","21":"autor-olga-silvia-avila","22":"autor-pamela-reisin","23":"compilador-olga-silvia-avila","25":"first","26":"instock","27":"shipping-taxable","28":"product-type-external"},"acf":[],"_links":{"self":[{"href":"https:\/\/ffyh.unc.edu.ar\/publicaciones\/wp-json\/wp\/v2\/product\/1412","targetHints":{"allow":["GET"]}}],"collection":[{"href":"https:\/\/ffyh.unc.edu.ar\/publicaciones\/wp-json\/wp\/v2\/product"}],"about":[{"href":"https:\/\/ffyh.unc.edu.ar\/publicaciones\/wp-json\/wp\/v2\/types\/product"}],"replies":[{"embeddable":true,"href":"https:\/\/ffyh.unc.edu.ar\/publicaciones\/wp-json\/wp\/v2\/comments?post=1412"}],"wp:featuredmedia":[{"embeddable":true,"href":"https:\/\/ffyh.unc.edu.ar\/publicaciones\/wp-json\/wp\/v2\/media\/1400"}],"wp:attachment":[{"href":"https:\/\/ffyh.unc.edu.ar\/publicaciones\/wp-json\/wp\/v2\/media?parent=1412"}],"wp:term":[{"taxonomy":"product_brand","embeddable":true,"href":"https:\/\/ffyh.unc.edu.ar\/publicaciones\/wp-json\/wp\/v2\/product_brand?post=1412"},{"taxonomy":"product_cat","embeddable":true,"href":"https:\/\/ffyh.unc.edu.ar\/publicaciones\/wp-json\/wp\/v2\/product_cat?post=1412"},{"taxonomy":"product_tag","embeddable":true,"href":"https:\/\/ffyh.unc.edu.ar\/publicaciones\/wp-json\/wp\/v2\/product_tag?post=1412"},{"taxonomy":"autor","embeddable":true,"href":"https:\/\/ffyh.unc.edu.ar\/publicaciones\/wp-json\/wp\/v2\/autor?post=1412"},{"taxonomy":"editor","embeddable":true,"href":"https:\/\/ffyh.unc.edu.ar\/publicaciones\/wp-json\/wp\/v2\/editor?post=1412"},{"taxonomy":"traductor","embeddable":true,"href":"https:\/\/ffyh.unc.edu.ar\/publicaciones\/wp-json\/wp\/v2\/traductor?post=1412"},{"taxonomy":"compilador","embeddable":true,"href":"https:\/\/ffyh.unc.edu.ar\/publicaciones\/wp-json\/wp\/v2\/compilador?post=1412"},{"taxonomy":"coordinador","embeddable":true,"href":"https:\/\/ffyh.unc.edu.ar\/publicaciones\/wp-json\/wp\/v2\/coordinador?post=1412"},{"taxonomy":"director","embeddable":true,"href":"https:\/\/ffyh.unc.edu.ar\/publicaciones\/wp-json\/wp\/v2\/director?post=1412"}],"curies":[{"name":"wp","href":"https:\/\/api.w.org\/{rel}","templated":true}]}}