{"id":1416,"date":"2016-11-19T08:14:26","date_gmt":"2016-11-19T11:14:26","guid":{"rendered":"https:\/\/ffyh.unc.edu.ar\/publicaciones\/?post_type=product&#038;p=1416"},"modified":"2021-12-14T20:59:48","modified_gmt":"2021-12-14T23:59:48","slug":"relaciones-del-estado-con-el-mundo-del-trabajo-cordoba-1910-1943-compilacion-documental","status":"publish","type":"product","link":"https:\/\/ffyh.unc.edu.ar\/publicaciones\/tienda\/publicaciones-de-investigacion\/seicyt\/actas-seicyt\/relaciones-del-estado-con-el-mundo-del-trabajo-cordoba-1910-1943-compilacion-documental\/","title":{"rendered":"Relaciones del Estado con el mundo del trabajo. C\u00f3rdoba 1910-1943. Compilaci\u00f3n documental"},"content":{"rendered":"<p>La preservaci\u00f3n, sistematizaci\u00f3n y puesta a disposici\u00f3n del usuario de fuentes documentales constituye una de las preocupaciones m\u00e1s acuciantes para la archivolog\u00eda, asimismo para la historia y los cientistas sociales en general, que, a la par de la b\u00fasqueda de nuevas fuentes, emprenden la relectura de otras a partir de renovados interrogantes y paradigmas te\u00f3rico-metodol\u00f3gicos.<\/p>\n<p>La presente compilaci\u00f3n tiene por objeto difundir fuentes que permiten visualizar las problem\u00e1ticas relativas al mundo del trabajo, expresi\u00f3n que hace referencia a un amplio conjunto de cuestiones: el accionar de las organizaciones sindicales, su orientaci\u00f3n ideol\u00f3gica, los partidos obreros, las condiciones de vida material, los marcos culturales, los modos de relaci\u00f3n de los trabajadores con el Estado y con otros actores sociales. La expresi\u00f3n involucra al Estado, desde la perspectiva de la construcci\u00f3n institucional, a trav\u00e9s de la cual ejerci\u00f3 el papel de mediador entre el capital y el trabajo, tanto para dar satisfacci\u00f3n a las demandas como para aplicar pol\u00edticas represivas a trav\u00e9s de las fuerzas de seguridad.<\/p>\n<p>Esta obra es producto del proyecto de investigaci\u00f3n <em>La producci\u00f3n documental de las organizaciones obreras de C\u00f3rdoba a lo largo del siglo XX. Archivos sindicales<\/em>.<em> Archivo de Gobierno de la Provincia<\/em>, dirigido por Patricia Roggio, con aval acad\u00e9mico y subsidio de la Secretar\u00eda de Ciencia y Tecnolog\u00eda de la Universidad Nacional de C\u00f3rdoba, durante el per\u00edodo 2014-2015,<\/p>\n<p>La presente compilaci\u00f3n se construy\u00f3 a partir de la identificaci\u00f3n, digitalizaci\u00f3n, selecci\u00f3n y transcripci\u00f3n de la documentaci\u00f3n del Archivo de Gobierno de la Provincia de C\u00f3rdoba (AGPC), que contiene la documentaci\u00f3n generada a partir de la relaci\u00f3n entre el Estado provincial y lo que denominamos el mundo el trabajo. En este repositorio, la investigaci\u00f3n se desarroll\u00f3 en el subfondo Gobierno, examinando los documentos de las series: Jefaturas Pol\u00edticas, Municipalidades, Asuntos Municipales, Polic\u00eda de Capital, Reparticiones Diversas, Personer\u00edas Jur\u00eddicas, Oficinas y Ministerios Nacionales, Cuesti\u00f3n Obrera, Ferrocarriles, Huelgas, Denuncias y Sumarios, Solicitudes y Asuntos Diversos, Solicitudes Diversas, entre otras, en la etapa que se extiende entre 1910 y 1943.<\/p>\n","protected":false},"excerpt":{"rendered":"<p>La presente compilaci\u00f3n tiene por objeto difundir fuentes que permiten visualizar las problem\u00e1ticas relativas al mundo del trabajo, expresi\u00f3n que hace referencia a un amplio conjunto de cuestiones: el accionar de las organizaciones sindicales, su orientaci\u00f3n ideol\u00f3gica, los partidos obreros, las condiciones de vida material, los marcos culturales, los modos de relaci\u00f3n de los trabajadores con el Estado y con otros actores sociales. La expresi\u00f3n involucra al Estado, desde la perspectiva de la construcci\u00f3n institucional, a trav\u00e9s de la cual ejerci\u00f3 el papel de mediador entre el capital y el trabajo, tanto para dar satisfacci\u00f3n a las demandas como para aplicar pol\u00edticas represivas a trav\u00e9s de las fuerzas de seguridad.<\/p>\n","protected":false},"featured_media":1403,"comment_status":"closed","ping_status":"closed","template":"","meta":{"_acf_changed":false,"colormag_page_container_layout":"default_layout","colormag_page_sidebar_layout":"default_layout"},"product_brand":[],"product_cat":[35,27,33],"product_tag":[1096,1095,1097],"autor":[],"editor":[],"traductor":[],"compilador":[1101,1098,1102,1100,1099],"coordinador":[],"director":[1103],"class_list":{"0":"post-1416","1":"product","2":"type-product","3":"status-publish","4":"has-post-thumbnail","6":"product_cat-actas-seicyt","7":"product_cat-publicaciones-de-investigacion","8":"product_cat-seicyt","9":"product_tag-cordoba","10":"product_tag-estado","11":"product_tag-movimiento-obrero","12":"compilador-antonela-isoglio","13":"compilador-ines-achaval-becu","14":"compilador-laura-blanca-perpetuo","15":"compilador-maria-del-rosario-fuertes","16":"compilador-monica-diaz-mariano","17":"director-patricia-roggio","19":"first","20":"instock","21":"shipping-taxable","22":"product-type-external"},"acf":[],"_links":{"self":[{"href":"https:\/\/ffyh.unc.edu.ar\/publicaciones\/wp-json\/wp\/v2\/product\/1416","targetHints":{"allow":["GET"]}}],"collection":[{"href":"https:\/\/ffyh.unc.edu.ar\/publicaciones\/wp-json\/wp\/v2\/product"}],"about":[{"href":"https:\/\/ffyh.unc.edu.ar\/publicaciones\/wp-json\/wp\/v2\/types\/product"}],"replies":[{"embeddable":true,"href":"https:\/\/ffyh.unc.edu.ar\/publicaciones\/wp-json\/wp\/v2\/comments?post=1416"}],"wp:featuredmedia":[{"embeddable":true,"href":"https:\/\/ffyh.unc.edu.ar\/publicaciones\/wp-json\/wp\/v2\/media\/1403"}],"wp:attachment":[{"href":"https:\/\/ffyh.unc.edu.ar\/publicaciones\/wp-json\/wp\/v2\/media?parent=1416"}],"wp:term":[{"taxonomy":"product_brand","embeddable":true,"href":"https:\/\/ffyh.unc.edu.ar\/publicaciones\/wp-json\/wp\/v2\/product_brand?post=1416"},{"taxonomy":"product_cat","embeddable":true,"href":"https:\/\/ffyh.unc.edu.ar\/publicaciones\/wp-json\/wp\/v2\/product_cat?post=1416"},{"taxonomy":"product_tag","embeddable":true,"href":"https:\/\/ffyh.unc.edu.ar\/publicaciones\/wp-json\/wp\/v2\/product_tag?post=1416"},{"taxonomy":"autor","embeddable":true,"href":"https:\/\/ffyh.unc.edu.ar\/publicaciones\/wp-json\/wp\/v2\/autor?post=1416"},{"taxonomy":"editor","embeddable":true,"href":"https:\/\/ffyh.unc.edu.ar\/publicaciones\/wp-json\/wp\/v2\/editor?post=1416"},{"taxonomy":"traductor","embeddable":true,"href":"https:\/\/ffyh.unc.edu.ar\/publicaciones\/wp-json\/wp\/v2\/traductor?post=1416"},{"taxonomy":"compilador","embeddable":true,"href":"https:\/\/ffyh.unc.edu.ar\/publicaciones\/wp-json\/wp\/v2\/compilador?post=1416"},{"taxonomy":"coordinador","embeddable":true,"href":"https:\/\/ffyh.unc.edu.ar\/publicaciones\/wp-json\/wp\/v2\/coordinador?post=1416"},{"taxonomy":"director","embeddable":true,"href":"https:\/\/ffyh.unc.edu.ar\/publicaciones\/wp-json\/wp\/v2\/director?post=1416"}],"curies":[{"name":"wp","href":"https:\/\/api.w.org\/{rel}","templated":true}]}}