{"id":1428,"date":"2014-11-19T08:26:55","date_gmt":"2014-11-19T11:26:55","guid":{"rendered":"https:\/\/ffyh.unc.edu.ar\/publicaciones\/?post_type=product&#038;p=1428"},"modified":"2021-11-19T12:45:20","modified_gmt":"2021-11-19T15:45:20","slug":"la-facultad-de-filosofia-en-cuatrociencia-experiencias-y-saberes-compartidos","status":"publish","type":"product","link":"https:\/\/ffyh.unc.edu.ar\/publicaciones\/tienda\/publicaciones-de-investigacion\/seicyt\/colecciones\/la-facultad-de-filosofia-en-cuatrociencia-experiencias-y-saberes-compartidos\/","title":{"rendered":"La Facultad de Filosof\u00eda en cuatrociencia, experiencias y saberes compartidos"},"content":{"rendered":"<p>Entre el 15 de marzo y el 14 de abril de 2013 y en el marco de las celebraciones por los 400 a\u00f1os de la UNC se desarroll\u00f3 Cuatrociencia. Se trat\u00f3 de una gran fiesta de la ciencia, la tecnolog\u00eda y las artes, con la que se busc\u00f3 compartir con la comunidad, los conocimientos producidos en la UNC, en todas sus \u00e1reas disciplinarias y en marco de la vigencia de fuertes pol\u00edticas de promoci\u00f3n de la ciencia y la tecnolog\u00eda a nivel nacional.<\/p>\n<p>La FFyH particip\u00f3 del proceso de la muestra y junto a la Facultad de Artes tuvo a su cargo la gesti\u00f3n y producci\u00f3n del stand \u201cDesde el R\u00edo\u201d. El stand fue una ocasi\u00f3n privilegiada para potenciar y profundizar el v\u00ednculo entre las facultades de filosof\u00eda y humanidades y la facultad de artes y la sociedad cordobesa de la que forman parte; sociedad que al mismo tiempo las conforma, interpela, sostiene y modifica.<\/p>\n<p>No obstante, \u201cDesde el r\u00edo\u201d no fue la \u00fanica forma en que la FFyH hizo la experiencia de la feria, ya que con m\u00e1s de 27 propuestas la facultad se present\u00f3 en el Aula Interactiva que desarroll\u00f3 sus actividades en el Sal\u00f3n de Actos del Pabell\u00f3n Argentina y de la que participaron cientos de estudiantes de colegios de toda la provincia y p\u00fablico en general. El Aula Interactiva fue entendida desde nuestra Facultad como una instancia en la que investigadores\/as, docentes y extensionistas de la Universidad pudieran dar cuenta en primera persona de sus procesos de producci\u00f3n de conocimiento junto al resto de la comunidad. La organizaci\u00f3n de las propuestas presentadas fue asumida desde la FFyH por la SeICyT FFyH en coordinaci\u00f3n con la organizaci\u00f3n de Cuatrociencia.<\/p>\n<p>Dado lo novedoso y rico de la experiencia desarrollada, la FFyH consider\u00f3 relevante una instancia posterior a las presentaciones en el Aula Interactiva que recuperara la experiencia y deviniera espacio de reflexi\u00f3n sobre dicha<br \/>\npr\u00e1ctica concreta. Fue as\u00ed que se invit\u00f3 a los equipos participantes a formar parte de la presente publicaci\u00f3n.<\/p>\n<p>Se invit\u00f3 a los\/as expositores\/as a referir sus experiencias teniendo en cuenta las razones que motivaron el abordaje de la tem\u00e1tica, las decisiones metodol\u00f3gicas respecto a su forma de presentaci\u00f3n, las expectativas que esta circunstancia generaba en los equipos. Asimismo se solicit\u00f3 que en las comunicaciones se diera cuenta de las situaciones nuevas que se presentaron en el encuentro, como as\u00ed tambi\u00e9n de las reflexiones en relaci\u00f3n al modo en que fueron afectados\/modificados por la experiencia tanto el equipo, como los temas abordados y las nociones previas al encuentro.<\/p>\n<p>En los trabajos, los autores reflexionan c\u00f3mo hicieron la selecci\u00f3n de los contenidos te\u00f3ricos y pr\u00e1cticos que expusieron. Tambi\u00e9n dan cuenta c\u00f3mo decidieron exponer p\u00fablicamente los procesos cient\u00edficos, los m\u00e9todos e incluso, las incertidumbres que ten\u00edan sobre la recepci\u00f3n del p\u00fablico, cuyo perfil desconoc\u00edan a la hora de la preparaci\u00f3n de la actividad. Asimismo, reflejan el esfuerzo que hicieron en la apelaci\u00f3n de met\u00e1foras, comparaciones y analog\u00edas para explicar ideas o modelos te\u00f3ricos complejos. Varias de las experiencias reconocen haber invitado expl\u00edcitamente a las personas presentes a ofrecer sus voces, perspectivas, participaci\u00f3n y mirada, lo que se relata en la mayor\u00eda de los casos como un momento de participaci\u00f3n entusiasta e intensa. Y para varios equipos el Aula Interactiva fue un espacio que permiti\u00f3 fortalecer v\u00ednculos entre actores universitarios y extrauniversitarios que desde tiempo atr\u00e1s desarrollan algunos proyectos juntos<\/p>\n","protected":false},"excerpt":{"rendered":"<p>Esta publicaci\u00f3n recupera la experiencia del Aula Interactiva en el marco de Cuatrociencia, una evento realizado con motivo de festejar los 400 a\u00f1os de la UNC. El Aula Interactiva fue entendida desde nuestra Facultad como una instancia en la que investigadores\/as, docentes y extensionistas de la Universidad pudieran dar cuenta en primera persona de sus procesos de producci\u00f3n de conocimiento junto al resto de la comunidad. Dado lo novedoso y rico de la experiencia desarrollada, la FFyH consider\u00f3 relevante una instancia posterior a las presentaciones en el Aula Interactiva que recuperara la experiencia y deviniera espacio de reflexi\u00f3n sobre dicha pr\u00e1ctica concreta. Fue as\u00ed que se invit\u00f3 a los equipos participantes a formar parte de la presente publicaci\u00f3n.<\/p>\n","protected":false},"featured_media":1424,"comment_status":"closed","ping_status":"closed","template":"","meta":{"_acf_changed":false,"colormag_page_container_layout":"default_layout","colormag_page_sidebar_layout":"default_layout"},"product_brand":[],"product_cat":[34,27,33],"product_tag":[1106,1107,1105],"autor":[1132,1126,976,1112,1131,1130,1111,1123,1109,1115,1120,1114,1108,1118,1113,507,980,1133,1110,1129,1127,1122,1128,498,1124,1117,1125,1121,1119,1116,824,1023],"editor":[],"traductor":[],"compilador":[1134,1135],"coordinador":[],"director":[],"class_list":{"0":"post-1428","1":"product","2":"type-product","3":"status-publish","4":"has-post-thumbnail","6":"product_cat-colecciones","7":"product_cat-publicaciones-de-investigacion","8":"product_cat-seicyt","9":"product_tag-ciencias-sociales","10":"product_tag-filosofia","11":"product_tag-historia","12":"autor-aldana-tavarone","13":"autor-alejandra-freytes","14":"autor-ana-beatriz-flores","15":"autor-ana-maria-martinez-de-sanchez","16":"autor-claudina-gonzalez","17":"autor-cristina-de-carli","18":"autor-cynthia-alejandra-pizarro","19":"autor-daniel-di-mari","20":"autor-diego-buffa","21":"autor-emma-song","22":"autor-erika-schuster","23":"autor-eugenia-aravena","24":"autor-jaqueline-vassallo","25":"autor-javier-berdini","26":"autor-julieta-consigli","27":"autor-liliana-pereyra","28":"autor-maria-florencia-ortiz","29":"autor-maria-griselda-angelelli","30":"autor-maria-jose-becerra","31":"autor-maria-lucia-aichino","32":"autor-mariana-fabra","33":"autor-mariana-mondin","34":"autor-mariela-zabala","35":"autor-mateo-paganini","36":"autor-noelia-garcia","37":"autor-norma-fenoglio","38":"autor-nuria-cortes","39":"autor-sebastian-munoz","40":"autor-sergio-saiz-bonzano","41":"autor-silvano-benito-moya","42":"autor-silvia-moron","43":"autor-sofia-yanina-brunero","44":"compilador-jaqueline-vassallo","45":"compilador-liliana-pereyra","47":"first","48":"instock","49":"shipping-taxable","50":"product-type-external"},"acf":[],"_links":{"self":[{"href":"https:\/\/ffyh.unc.edu.ar\/publicaciones\/wp-json\/wp\/v2\/product\/1428","targetHints":{"allow":["GET"]}}],"collection":[{"href":"https:\/\/ffyh.unc.edu.ar\/publicaciones\/wp-json\/wp\/v2\/product"}],"about":[{"href":"https:\/\/ffyh.unc.edu.ar\/publicaciones\/wp-json\/wp\/v2\/types\/product"}],"replies":[{"embeddable":true,"href":"https:\/\/ffyh.unc.edu.ar\/publicaciones\/wp-json\/wp\/v2\/comments?post=1428"}],"wp:featuredmedia":[{"embeddable":true,"href":"https:\/\/ffyh.unc.edu.ar\/publicaciones\/wp-json\/wp\/v2\/media\/1424"}],"wp:attachment":[{"href":"https:\/\/ffyh.unc.edu.ar\/publicaciones\/wp-json\/wp\/v2\/media?parent=1428"}],"wp:term":[{"taxonomy":"product_brand","embeddable":true,"href":"https:\/\/ffyh.unc.edu.ar\/publicaciones\/wp-json\/wp\/v2\/product_brand?post=1428"},{"taxonomy":"product_cat","embeddable":true,"href":"https:\/\/ffyh.unc.edu.ar\/publicaciones\/wp-json\/wp\/v2\/product_cat?post=1428"},{"taxonomy":"product_tag","embeddable":true,"href":"https:\/\/ffyh.unc.edu.ar\/publicaciones\/wp-json\/wp\/v2\/product_tag?post=1428"},{"taxonomy":"autor","embeddable":true,"href":"https:\/\/ffyh.unc.edu.ar\/publicaciones\/wp-json\/wp\/v2\/autor?post=1428"},{"taxonomy":"editor","embeddable":true,"href":"https:\/\/ffyh.unc.edu.ar\/publicaciones\/wp-json\/wp\/v2\/editor?post=1428"},{"taxonomy":"traductor","embeddable":true,"href":"https:\/\/ffyh.unc.edu.ar\/publicaciones\/wp-json\/wp\/v2\/traductor?post=1428"},{"taxonomy":"compilador","embeddable":true,"href":"https:\/\/ffyh.unc.edu.ar\/publicaciones\/wp-json\/wp\/v2\/compilador?post=1428"},{"taxonomy":"coordinador","embeddable":true,"href":"https:\/\/ffyh.unc.edu.ar\/publicaciones\/wp-json\/wp\/v2\/coordinador?post=1428"},{"taxonomy":"director","embeddable":true,"href":"https:\/\/ffyh.unc.edu.ar\/publicaciones\/wp-json\/wp\/v2\/director?post=1428"}],"curies":[{"name":"wp","href":"https:\/\/api.w.org\/{rel}","templated":true}]}}