{"id":1430,"date":"2014-11-19T08:55:31","date_gmt":"2014-11-19T11:55:31","guid":{"rendered":"https:\/\/ffyh.unc.edu.ar\/publicaciones\/?post_type=product&#038;p=1430"},"modified":"2021-12-14T19:39:57","modified_gmt":"2021-12-14T22:39:57","slug":"aportes-para-pensar-la-archivologia-en-el-siglo-xxi-desde-la-investigacion-la-extension-y-la-practica","status":"publish","type":"product","link":"https:\/\/ffyh.unc.edu.ar\/publicaciones\/tienda\/publicaciones-de-investigacion\/seicyt\/colecciones\/aportes-para-pensar-la-archivologia-en-el-siglo-xxi-desde-la-investigacion-la-extension-y-la-practica\/","title":{"rendered":"Aportes para pensar la Archivolog\u00eda en el siglo XXI, desde la investigaci\u00f3n, la extensi\u00f3n y la pr\u00e1ctica"},"content":{"rendered":"<p>La Archivolog\u00eda, como ciencia, ha experimentado durante las \u00faltimas d\u00e9cadas una transformaci\u00f3n radical, ocupando un lugar destacado tanto en Europa como en Am\u00e9rica Latina. Factores de diversa \u00edndole han contribuido a su desarrollo cient\u00edfico y profesional, entre los que podemos citar algunos marcos regulatorios que se ocupan de los archivos, el avance del asociacionismo profesional, la constituci\u00f3n de numerosos grupos de trabajo institucionalizados y no institucionalizados a nivel nacional e internacional y, obviamente, la introducci\u00f3n formal de los estudios archiv\u00edsticos en universidades p\u00fablicas y privadas.<\/p>\n<p>Las <em>III Jornadas Archiv\u00edsticas de Reflexi\u00f3n<\/em> (2013) co-organizadas por el Estamento de Egresados de la Escuela de Archivolog\u00eda y la Secretar\u00eda de Investigaci\u00f3n, Ciencia y T\u00e9cnica de la Facultad de Filosof\u00eda y Humanidades -con aval de la Escuela de Archivolog\u00eda-; resultaron un espacio de encuentro y reflexi\u00f3n al que asistieron m\u00e1s de un centenar de docentes, profesionales y alumnos y que cont\u00f3 con la participaci\u00f3n de m\u00e1s de veinte expositores de la U.N.C, el CONICET, el Poder Judicial de la Provincia de C\u00f3rdoba, la Universidad Cat\u00f3lica de C\u00f3rdoba, la Universidad Nacional de La Rioja y representantes de Proyectos de I+D radicados en el Consejo Internacional de Archivos, de la UNESCO.<\/p>\n<p>Se trat\u00f3 de un espacio en el que se busc\u00f3 compartir con los distintos agentes del campo archiv\u00edstico, los saberes generados en distintas instituciones y en el que todos pudieran dar cuenta, en primera persona, de sus procesos de producci\u00f3n de conocimiento y sus pr\u00e1cticas profesionales.<\/p>\n<p>Dado que el evento result\u00f3 disparador de discusiones y debates surgidos en la sala -pero tambi\u00e9n en los pasillos y durante la pausa del caf\u00e9-, se consider\u00f3 relevante una instancia posterior que recuperara la experiencia relatada, as\u00ed como los resultados expuestos. De esta manera, se invit\u00f3 a los\/as expositores\/as a formar parte de la presente publicaci\u00f3n, como tambi\u00e9n a otros asistentes, que no expusieron p\u00fablicamente durante el encuentro.<\/p>\n<p>Las l\u00edneas de trabajo que aparecen en este libro, son muy heterog\u00e9neas y responden a intereses individuales y\/o grupales diferenciados, que giran en torno a ciertas preocupaciones profesionales de car\u00e1cter pr\u00e1ctico, como a reflexiones te\u00f3ricas m\u00e1s apegadas a la investigaci\u00f3n cient\u00edfica; lo que refleja las dis\u00edmiles trayectorias acad\u00e9micas y profesionales de sus autores y autoras. En definitiva, nuevos y viejos problemas, son trabajados, en algunos casos, desde perspectivas innovadoras.<\/p>\n<p>Los aportes rondan en torno a la vinculaci\u00f3n de los archivos con la sociedad, el uso de las nuevas tecnolog\u00edas, los tipos de archivo en funci\u00f3n de su soporte, la evaluaci\u00f3n de los documentos digitales, el derecho de acceso a la informaci\u00f3n, el derecho al olvido en Internet y nuevas posibilidades curriculares para la carrera de Archivolog\u00eda.<\/p>\n<p>Asimismo, tampoco faltan las cl\u00e1sicas l\u00edneas de trabajo relacionadas con la paleograf\u00eda y los estudios orientados a la identificaci\u00f3n y an\u00e1lisis de tipos documentales concretos y de su contexto de creaci\u00f3n. En definitiva, en esta obra conviven experiencias extensionistas con reflexiones te\u00f3ricas y metodol\u00f3gicas y discusiones vinculadas con la archiv\u00edstica y ciencias afines, de autores tanto argentinos como espa\u00f1oles.<\/p>\n","protected":false},"excerpt":{"rendered":"<p>Esta publicaci\u00f3n re\u00fane los trabajos presentados en el marco de las <em>III Jornadas Archiv\u00edsticas de Reflexi\u00f3n<\/em> (2013) co-organizadas por el Estamento de Egresados de la Escuela de Archivolog\u00eda y la Secretar\u00eda de Investigaci\u00f3n, Ciencia y T\u00e9cnica de la Facultad de Filosof\u00eda y Humanidades -con aval de la Escuela de Archivolog\u00eda. Las l\u00edneas de trabajo que aparecen en este libro, son muy heterog\u00e9neas y responden a intereses individuales y\/o grupales diferenciados, que giran en torno a ciertas preocupaciones profesionales de car\u00e1cter pr\u00e1ctico, como a reflexiones te\u00f3ricas m\u00e1s apegadas a la investigaci\u00f3n cient\u00edfica; lo que refleja las dis\u00edmiles trayectorias acad\u00e9micas y profesionales de sus autores y autoras.<\/p>\n","protected":false},"featured_media":1425,"comment_status":"closed","ping_status":"closed","template":"","meta":{"_acf_changed":false,"colormag_page_container_layout":"default_layout","colormag_page_sidebar_layout":"default_layout"},"product_brand":[],"product_cat":[34,26,33],"product_tag":[1136,1137,1138],"autor":[1142,1148,1139,1151,1146,1145,1108,1143,1141,1150,1124,1117,859,1144,1140,1149,1116,1147,1023],"editor":[],"traductor":[],"compilador":[1134,1152],"coordinador":[],"director":[],"class_list":{"0":"post-1430","1":"product","2":"type-product","3":"status-publish","4":"has-post-thumbnail","6":"product_cat-colecciones","7":"product_cat-publicaciones-de-extension","8":"product_cat-seicyt","9":"product_tag-archivologia","10":"product_tag-extension-universitaria","11":"product_tag-investigacion","12":"autor-armando-rios","13":"autor-clelia-ivone-gutierrez","14":"autor-daniel-lorenzo-di-mari","15":"autor-francisco-chacon-gomez-monedero","16":"autor-graciela-del-valle-costilla","17":"autor-graciela-quevedo","18":"autor-jaqueline-vassallo","19":"autor-jesica-gallardo","20":"autor-julio-melian","21":"autor-manuel-joaquin-salamanca-lopez","22":"autor-noelia-garcia","23":"autor-norma-fenoglio","24":"autor-norma-san-nicolas","25":"autor-rosa-lopez","26":"autor-ruth-gilda-gomez","27":"autor-sandra-veronica-perez","28":"autor-silvano-benito-moya","29":"autor-silvia-graciela-fois","30":"autor-sofia-yanina-brunero","31":"compilador-jaqueline-vassallo","32":"compilador-noelia-garcia","34":"first","35":"instock","36":"shipping-taxable","37":"product-type-external"},"acf":[],"_links":{"self":[{"href":"https:\/\/ffyh.unc.edu.ar\/publicaciones\/wp-json\/wp\/v2\/product\/1430","targetHints":{"allow":["GET"]}}],"collection":[{"href":"https:\/\/ffyh.unc.edu.ar\/publicaciones\/wp-json\/wp\/v2\/product"}],"about":[{"href":"https:\/\/ffyh.unc.edu.ar\/publicaciones\/wp-json\/wp\/v2\/types\/product"}],"replies":[{"embeddable":true,"href":"https:\/\/ffyh.unc.edu.ar\/publicaciones\/wp-json\/wp\/v2\/comments?post=1430"}],"wp:featuredmedia":[{"embeddable":true,"href":"https:\/\/ffyh.unc.edu.ar\/publicaciones\/wp-json\/wp\/v2\/media\/1425"}],"wp:attachment":[{"href":"https:\/\/ffyh.unc.edu.ar\/publicaciones\/wp-json\/wp\/v2\/media?parent=1430"}],"wp:term":[{"taxonomy":"product_brand","embeddable":true,"href":"https:\/\/ffyh.unc.edu.ar\/publicaciones\/wp-json\/wp\/v2\/product_brand?post=1430"},{"taxonomy":"product_cat","embeddable":true,"href":"https:\/\/ffyh.unc.edu.ar\/publicaciones\/wp-json\/wp\/v2\/product_cat?post=1430"},{"taxonomy":"product_tag","embeddable":true,"href":"https:\/\/ffyh.unc.edu.ar\/publicaciones\/wp-json\/wp\/v2\/product_tag?post=1430"},{"taxonomy":"autor","embeddable":true,"href":"https:\/\/ffyh.unc.edu.ar\/publicaciones\/wp-json\/wp\/v2\/autor?post=1430"},{"taxonomy":"editor","embeddable":true,"href":"https:\/\/ffyh.unc.edu.ar\/publicaciones\/wp-json\/wp\/v2\/editor?post=1430"},{"taxonomy":"traductor","embeddable":true,"href":"https:\/\/ffyh.unc.edu.ar\/publicaciones\/wp-json\/wp\/v2\/traductor?post=1430"},{"taxonomy":"compilador","embeddable":true,"href":"https:\/\/ffyh.unc.edu.ar\/publicaciones\/wp-json\/wp\/v2\/compilador?post=1430"},{"taxonomy":"coordinador","embeddable":true,"href":"https:\/\/ffyh.unc.edu.ar\/publicaciones\/wp-json\/wp\/v2\/coordinador?post=1430"},{"taxonomy":"director","embeddable":true,"href":"https:\/\/ffyh.unc.edu.ar\/publicaciones\/wp-json\/wp\/v2\/director?post=1430"}],"curies":[{"name":"wp","href":"https:\/\/api.w.org\/{rel}","templated":true}]}}