{"id":1435,"date":"2014-11-19T09:14:47","date_gmt":"2014-11-19T12:14:47","guid":{"rendered":"https:\/\/ffyh.unc.edu.ar\/publicaciones\/?post_type=product&#038;p=1435"},"modified":"2021-12-14T21:03:17","modified_gmt":"2021-12-15T00:03:17","slug":"resena-biografica-de-dirigentes-que-interpelaron-el-mundo-del-trabajo-en-cordoba-1900-1950","status":"publish","type":"product","link":"https:\/\/ffyh.unc.edu.ar\/publicaciones\/tienda\/publicaciones-de-investigacion\/seicyt\/colecciones\/resena-biografica-de-dirigentes-que-interpelaron-el-mundo-del-trabajo-en-cordoba-1900-1950\/","title":{"rendered":"Rese\u00f1a biogr\u00e1fica de dirigentes que interpelaron el mundo del trabajo en C\u00f3rdoba 1900-1950"},"content":{"rendered":"<p><em>Rese\u00f1a biogr\u00e1fica de dirigentes que interpelaron el mundo del trabajo en C\u00f3rdoba 1900-1950<\/em>, es un e-book dirigido por Gardenia Vidal.<\/p>\n<p>\u201cEl trabajo prosopogr\u00e1fico sobre los personajes con los que trabajamos siempre me pareci\u00f3 de suma utilidad para conocer m\u00e1s all\u00e1 de la l\u00f3gica pol\u00edtica o social en la que concentramos nuestras pesquisas, porque nos permite conocer subjetividades que enriquecen, sin duda, el contexto hist\u00f3rico con el que trabajamos. De all\u00ed que, mientras realizamos nuestros estudios hemos decidido dedicarnos a la recolecci\u00f3n de datos de los individuos sobresalientes de cada una de nuestras indagaciones a fin de acercarnos al mundo cotidiano de aquellos que conformaron cada agrupaci\u00f3n e impactaron de una u otra forma en el mundo del trabajo. Por el momento, y como esta es nuestra primera sistematizaci\u00f3n, decidimos denominarla Rese\u00f1a Biogr\u00e1fica, aclarando que el objetivo es continuar con la misma y convertir nuestra labor en un Diccionario de los dirigentes ocupados y preocupados\u00a0-aunque ciertamente por motivos diferentes- por los trabajadores\u201d, se\u00f1ala Vidal.<\/p>\n<p>Este proyecto surge de estudios focalizados en asociaciones y fuerzas pol\u00edticas particulares, en ese sentido, no se trata todo el universo de dirigentes que intervinieron a favor de los sectores trabajadores, ya sea en calidad de legisladores, miembros de asociaciones, pol\u00edticos, militantes sindicales, etc., ni tampoco es un listado de personajes estructurado bajo el criterio de la relevancia p\u00fablica, sino un conjunto de individuos que aparecieron en las investigaciones particulares de los componentes del grupo y de los cuales se buscaron y sistematizaron sus datos biogr\u00e1ficos, con intenci\u00f3n de aportar al conocimiento de actores singulares a trav\u00e9s de su participaci\u00f3n en determinadas organizaciones. Objetivo que no impide realizar la biograf\u00eda de varios individuos que no proven\u00edan precisamente del mundo del trabajo, si no por el contrario, eran claros pertenecientes de la \u00e9lite local; de todos modos todos los protagonistas se mixturan de una u otra forma con ese mundo.<\/p>\n","protected":false},"excerpt":{"rendered":"<p><em>Rese\u00f1a biogr\u00e1fica de dirigentes que interpelaron el mundo del trabajo en C\u00f3rdoba 1900-1950<\/em>, es un e-book dirigido por Gardenia Vidal que surge de estudios focalizados en asociaciones y fuerzas pol\u00edticas particulares. En ese sentido, no se trata todo el universo de dirigentes que intervinieron a favor de los sectores trabajadores ni tampoco es un listado de personajes estructurado bajo el criterio de la relevancia p\u00fablica, sino un conjunto de individuos que aparecieron en investigaciones particulares de los cuales se buscaron y sistematizaron sus datos biogr\u00e1ficos, con intenci\u00f3n de aportar al conocimiento de actores singulares a trav\u00e9s de su participaci\u00f3n en determinadas organizaciones.<\/p>\n","protected":false},"featured_media":1426,"comment_status":"closed","ping_status":"closed","template":"","meta":{"_acf_changed":false,"colormag_page_container_layout":"default_layout","colormag_page_sidebar_layout":"default_layout"},"product_brand":[],"product_cat":[34,27,33],"product_tag":[1159],"autor":[],"editor":[],"traductor":[],"compilador":[],"coordinador":[],"director":[1160],"class_list":{"0":"post-1435","1":"product","2":"type-product","3":"status-publish","4":"has-post-thumbnail","6":"product_cat-colecciones","7":"product_cat-publicaciones-de-investigacion","8":"product_cat-seicyt","9":"product_tag-historia-regional","10":"director-gardenia-vidal","12":"first","13":"instock","14":"shipping-taxable","15":"product-type-external"},"acf":[],"_links":{"self":[{"href":"https:\/\/ffyh.unc.edu.ar\/publicaciones\/wp-json\/wp\/v2\/product\/1435","targetHints":{"allow":["GET"]}}],"collection":[{"href":"https:\/\/ffyh.unc.edu.ar\/publicaciones\/wp-json\/wp\/v2\/product"}],"about":[{"href":"https:\/\/ffyh.unc.edu.ar\/publicaciones\/wp-json\/wp\/v2\/types\/product"}],"replies":[{"embeddable":true,"href":"https:\/\/ffyh.unc.edu.ar\/publicaciones\/wp-json\/wp\/v2\/comments?post=1435"}],"wp:featuredmedia":[{"embeddable":true,"href":"https:\/\/ffyh.unc.edu.ar\/publicaciones\/wp-json\/wp\/v2\/media\/1426"}],"wp:attachment":[{"href":"https:\/\/ffyh.unc.edu.ar\/publicaciones\/wp-json\/wp\/v2\/media?parent=1435"}],"wp:term":[{"taxonomy":"product_brand","embeddable":true,"href":"https:\/\/ffyh.unc.edu.ar\/publicaciones\/wp-json\/wp\/v2\/product_brand?post=1435"},{"taxonomy":"product_cat","embeddable":true,"href":"https:\/\/ffyh.unc.edu.ar\/publicaciones\/wp-json\/wp\/v2\/product_cat?post=1435"},{"taxonomy":"product_tag","embeddable":true,"href":"https:\/\/ffyh.unc.edu.ar\/publicaciones\/wp-json\/wp\/v2\/product_tag?post=1435"},{"taxonomy":"autor","embeddable":true,"href":"https:\/\/ffyh.unc.edu.ar\/publicaciones\/wp-json\/wp\/v2\/autor?post=1435"},{"taxonomy":"editor","embeddable":true,"href":"https:\/\/ffyh.unc.edu.ar\/publicaciones\/wp-json\/wp\/v2\/editor?post=1435"},{"taxonomy":"traductor","embeddable":true,"href":"https:\/\/ffyh.unc.edu.ar\/publicaciones\/wp-json\/wp\/v2\/traductor?post=1435"},{"taxonomy":"compilador","embeddable":true,"href":"https:\/\/ffyh.unc.edu.ar\/publicaciones\/wp-json\/wp\/v2\/compilador?post=1435"},{"taxonomy":"coordinador","embeddable":true,"href":"https:\/\/ffyh.unc.edu.ar\/publicaciones\/wp-json\/wp\/v2\/coordinador?post=1435"},{"taxonomy":"director","embeddable":true,"href":"https:\/\/ffyh.unc.edu.ar\/publicaciones\/wp-json\/wp\/v2\/director?post=1435"}],"curies":[{"name":"wp","href":"https:\/\/api.w.org\/{rel}","templated":true}]}}