{"id":1437,"date":"2014-11-19T09:46:59","date_gmt":"2014-11-19T12:46:59","guid":{"rendered":"https:\/\/ffyh.unc.edu.ar\/publicaciones\/?post_type=product&#038;p=1437"},"modified":"2021-12-14T20:17:46","modified_gmt":"2021-12-14T23:17:46","slug":"diccionario-critico-de-terminos-del-humor-y-breve-enciclopedia-de-la-cultura-humoristica-argentina","status":"publish","type":"product","link":"https:\/\/ffyh.unc.edu.ar\/publicaciones\/tienda\/publicaciones-de-investigacion\/seicyt\/colecciones\/diccionario-critico-de-terminos-del-humor-y-breve-enciclopedia-de-la-cultura-humoristica-argentina\/","title":{"rendered":"Diccionario cr\u00edtico de t\u00e9rminos del humor y breve enciclopedia de la cultura humor\u00edstica  argentina"},"content":{"rendered":"<p>Este libro surge de algunas demandas (no masivas, por cierto) de colegas, estudiantes, becarios, gente que confi\u00f3 inadvertidamente en que se pudieran aclarar algunas cuestiones en torno al humor, acercar bibliograf\u00eda, opiniones.<\/p>\n<p>El Grupo de Investigadores del Humor (GIH) es un equipo que en el marco de la Facultad de Filosof\u00eda y Humanidades de la Universidad de C\u00f3rdoba viene trabajando desde hace un tiempo con los discursos del humor. Desde esa ocupaci\u00f3n, se decidi\u00f3 que era hora de reunir la parte de las investigaciones que ten\u00edan hasta el momento que no hab\u00eda aparecido en las publicaciones del grupo: el sustrato te\u00f3rico de las investigaciones sobre el humor en diversas discursividades de la cultura argentina.<\/p>\n<p>De esta manera, este libro que empez\u00f3 siendo hijo de la econom\u00eda, una forma de ordenar el bagaje de una incipiente experiencia, se constituy\u00f3 en un fascinante viaje. Al comienzo se pens\u00f3 s\u00f3lo en la elaboraci\u00f3n de un diccionario cr\u00edtico de t\u00e9rminos de estudio del humor que reuniera, de una manera sistem\u00e1tica y de f\u00e1cil manejo, las definiciones m\u00e1s corrientes de las categor\u00edas con que se lo estudia. El estado de la cuesti\u00f3n era el de un campo terminol\u00f3gico amplio, diverso y disperso, y por lo tanto, de dif\u00edcil acceso. No se pretendi\u00f3 seleccionar excluyentemente la \u201cmejor definici\u00f3n\u201d, en cuanto al nivel de legitimaci\u00f3n de autores o teor\u00edas, o en tanto s\u00edntesis de posturas diferentes, sino por el contrario, mostrar la diversidad en el tratamiento del humor desde diferentes posturas te\u00f3ricas y disciplinares. Por eso se trabaj\u00f3 de manera extensa las teor\u00edas de las que surgen los conceptos. En ese sentido, este diccionario se acerca a un glosario, en tanto se propone presentar las definiciones de los t\u00e9rminos de uso m\u00e1s frecuente, sin pretensiones de univocidad ni de exactitud. Antes bien, historiza los conocimientos, se propone mostrar un men\u00fa de definiciones desde diferentes perspectivas te\u00f3ricas y disciplinares, se\u00f1alar el contexto hist\u00f3rico-disciplinar del t\u00e9rmino, sus usos, comentarios cr\u00edticos, las remisiones bibliogr\u00e1ficas que permitan una lectura m\u00e1s extensa y completa y remisiones intratextuales a t\u00e9rminos del mismo diccionario y enciclopedia que den cuenta de la red conceptual.<\/p>\n<p>La perspectiva te\u00f3rica es entonces interdisciplinaria, centrada fundamental, aunque no excluyentemente, en las concepciones contempor\u00e1neas: pretendemos dar cuenta de las definiciones sobre el humor, la risa, lo c\u00f3mico, el chiste, la parodia, la s\u00e1tira, la iron\u00eda, el rid\u00edculo, los diferentes tipos de risa, los diferentes tipos de humor, el calambur, el grotesco, etc., que dan la filosof\u00eda, la est\u00e9tica, la historia de la cultura, el psicoan\u00e1lisis, la etnolog\u00eda, la ling\u00fc\u00edstica textual, la semi\u00f3tica estructuralista, la sociosemi\u00f3tica.<\/p>\n<p>Al respecto, la hip\u00f3tesis de trabajo es que las definiciones de t\u00e9rminos de estudio de la cultura humor\u00edstica var\u00edan seg\u00fan las perspectivas disciplinares que las elaboran, las que a su vez, responden a diferentes momentos en la historia de la cultura que las ha generado. As\u00ed, las de m\u00e1s larga tradici\u00f3n provienen de la filosof\u00eda, la ret\u00f3rica y la po\u00e9tica, mientras que las m\u00e1s recientes se producen dentro de las perspectivas del psicoan\u00e1lisis, la etnolog\u00eda, la semi\u00f3tica.<\/p>\n<p>El trabajo con las categor\u00edas con que se estudia el humor, puso de manifiesto tambi\u00e9n una relativa escasez y dispersi\u00f3n de estudios culturales e hist\u00f3ricos que lo aborden. Si bien cada t\u00e9rmino fue acompa\u00f1ado de ejemplos eso no sustituye el estudio de producciones humor\u00edsticas particulares de una cultura en sus diferentes estratos sociales, hist\u00f3ricos, territoriales, soportes materiales y medios de circulaci\u00f3n, construcci\u00f3n de p\u00fablicos, etc. Entonces, priorizando el trabajo del <em>bricoleur<\/em> que hace su plan a medida que procede, d\u00e1ndole as\u00ed oportunidades al objeto, tom\u00f3 cuerpo la idea de una breve enciclopedia, construida sobre todo sobre la base de valiosas y generosas colaboraciones de colegas ajenos al grupo.<\/p>\n<p>La necesidad de una breve Enciclopedia que acompa\u00f1e al diccionario de t\u00e9rminos nace en la tensi\u00f3n entre el deseo de organizar aunque sea sucintamente las producciones humor\u00edsticas argentinas, mientras se trabajan los conceptos y el temor a las exigencias de un saber erudito. As\u00ed se adoptaron dos estrategias sedantes frente a esta empresa reduccionista: pedir colaboraciones a destacados especialistas y subrayar que, al estilo macedoniano, esta enciclopedia est\u00e1 llena de vac\u00edos.<\/p>\n","protected":false},"excerpt":{"rendered":"<p>Este libro surge de algunas demandas de colegas, estudiantes, becarios&#8230;por aclarar algunas cuestiones en torno al humor.\u00a0 El libro re\u00fane una parte de las investigaciones del Grupo de Investigadores del Humor (un equipo de la Facultad de Filosof\u00eda y Humanidades de la UNC) que hasta el momento que no hab\u00eda sido publicada: el sustrato te\u00f3rico de las investigaciones sobre el humor en diversas discursividades de la cultura argentina.<\/p>\n<p>&nbsp;<\/p>\n","protected":false},"featured_media":1422,"comment_status":"closed","ping_status":"closed","template":"","meta":{"_acf_changed":false,"colormag_page_container_layout":"default_layout","colormag_page_sidebar_layout":"default_layout"},"product_brand":[],"product_cat":[34,27,33],"product_tag":[1163,1161,1162],"autor":[672,1166,1171,1167,1169,1164,553,749,673,753,1172,982,1173,657,980,979,1170,1168,1165,491],"editor":[],"traductor":[],"compilador":[],"coordinador":[985],"director":[],"class_list":{"0":"post-1437","1":"product","2":"type-product","3":"status-publish","4":"has-post-thumbnail","6":"product_cat-colecciones","7":"product_cat-publicaciones-de-investigacion","8":"product_cat-seicyt","9":"product_tag-cultura-argentina","10":"product_tag-diccionario","11":"product_tag-enciclopedia","12":"autor-adriana-musitano","13":"autor-amelia-hernandez","14":"autor-andrea-bocco","15":"autor-antonio-oviedo","16":"autor-elena-perez","17":"autor-eugenia-almeida","18":"autor-gustavo-blazquez","19":"autor-jorge-dubatti","20":"autor-laura-fobbio","21":"autor-mabel-brizuela","22":"autor-marcela-carranza","23":"autor-marcelo-alejandro-moreno","24":"autor-maria-amelia-hernandez","25":"autor-maria-celeste-aichino","26":"autor-maria-florencia-ortiz","27":"autor-maria-ximena-avila","28":"autor-silvia-barei","29":"autor-silvina-patrignoni","30":"autor-stella-maris-navarro-cima","31":"autor-susana-gomez","32":"coordinador-ana-beatriz-flores","34":"first","35":"instock","36":"shipping-taxable","37":"product-type-external"},"acf":[],"_links":{"self":[{"href":"https:\/\/ffyh.unc.edu.ar\/publicaciones\/wp-json\/wp\/v2\/product\/1437","targetHints":{"allow":["GET"]}}],"collection":[{"href":"https:\/\/ffyh.unc.edu.ar\/publicaciones\/wp-json\/wp\/v2\/product"}],"about":[{"href":"https:\/\/ffyh.unc.edu.ar\/publicaciones\/wp-json\/wp\/v2\/types\/product"}],"replies":[{"embeddable":true,"href":"https:\/\/ffyh.unc.edu.ar\/publicaciones\/wp-json\/wp\/v2\/comments?post=1437"}],"wp:featuredmedia":[{"embeddable":true,"href":"https:\/\/ffyh.unc.edu.ar\/publicaciones\/wp-json\/wp\/v2\/media\/1422"}],"wp:attachment":[{"href":"https:\/\/ffyh.unc.edu.ar\/publicaciones\/wp-json\/wp\/v2\/media?parent=1437"}],"wp:term":[{"taxonomy":"product_brand","embeddable":true,"href":"https:\/\/ffyh.unc.edu.ar\/publicaciones\/wp-json\/wp\/v2\/product_brand?post=1437"},{"taxonomy":"product_cat","embeddable":true,"href":"https:\/\/ffyh.unc.edu.ar\/publicaciones\/wp-json\/wp\/v2\/product_cat?post=1437"},{"taxonomy":"product_tag","embeddable":true,"href":"https:\/\/ffyh.unc.edu.ar\/publicaciones\/wp-json\/wp\/v2\/product_tag?post=1437"},{"taxonomy":"autor","embeddable":true,"href":"https:\/\/ffyh.unc.edu.ar\/publicaciones\/wp-json\/wp\/v2\/autor?post=1437"},{"taxonomy":"editor","embeddable":true,"href":"https:\/\/ffyh.unc.edu.ar\/publicaciones\/wp-json\/wp\/v2\/editor?post=1437"},{"taxonomy":"traductor","embeddable":true,"href":"https:\/\/ffyh.unc.edu.ar\/publicaciones\/wp-json\/wp\/v2\/traductor?post=1437"},{"taxonomy":"compilador","embeddable":true,"href":"https:\/\/ffyh.unc.edu.ar\/publicaciones\/wp-json\/wp\/v2\/compilador?post=1437"},{"taxonomy":"coordinador","embeddable":true,"href":"https:\/\/ffyh.unc.edu.ar\/publicaciones\/wp-json\/wp\/v2\/coordinador?post=1437"},{"taxonomy":"director","embeddable":true,"href":"https:\/\/ffyh.unc.edu.ar\/publicaciones\/wp-json\/wp\/v2\/director?post=1437"}],"curies":[{"name":"wp","href":"https:\/\/api.w.org\/{rel}","templated":true}]}}