{"id":1444,"date":"2021-04-19T13:20:17","date_gmt":"2021-04-19T16:20:17","guid":{"rendered":"https:\/\/ffyh.unc.edu.ar\/publicaciones\/?post_type=product&#038;p=1444"},"modified":"2021-11-19T13:37:27","modified_gmt":"2021-11-19T16:37:27","slug":"escrivid-2020-reflexiones-y-escrituras-en-torno-a-pandemias-y-asilamientos","status":"publish","type":"product","link":"https:\/\/ffyh.unc.edu.ar\/publicaciones\/tienda\/publicaciones-de-la-editorial-de-la-ffyh\/escrivid-2020-reflexiones-y-escrituras-en-torno-a-pandemias-y-asilamientos\/","title":{"rendered":"EscriVid 2020. Reflexiones y escrituras en torno a pandemia(s) y asilamiento(s)"},"content":{"rendered":"<p>Con el prop\u00f3sito de comenzar esta exploraci\u00f3n colectiva, surgi\u00f3 la idea de realizar una convocatoria para la presentaci\u00f3n de ensayos titulada <em>Escrivid 2020. Reflexiones y escrituras en torno a pandemia(s) y aislamiento(s)<\/em>, de iniciativa conjunta entre el \u00c1rea de Publicaciones, el \u00c1rea de Cultura, la Secretar\u00eda de Asuntos Estudiantiles y la Oficina de Graduadxs de la FFyH. En el mes de mayo, se lanz\u00f3 la convocatoria que finaliz\u00f3 el 15 de septiembre. El presente volumen re\u00fane las colaboraciones de docentes, estudiantes, investigadorxs, becarixs, adscritpxs y egresadxs que se formaron o desarrollan sus tareas en la FFyH.<\/p>\n<p>La capacidad cr\u00edtica de las humanidades para leer los cambios hist\u00f3ricos y sociales, para conjeturar acerca de sus efectos en distintos lugares (p\u00fablicos y privados) y en distintas poblaciones (humanas y no humanas) y para se\u00f1alar los modos en que ellos \u2013cambios y efectos\u2013 son dichos con viejas o nuevas formas discursivas, inspira esta publicaci\u00f3n.<\/p>\n<p>El libro\u00a0<em>EscriVid 2020.\u00a0<\/em><em>Reflexiones y escrituras en torno a pandemia(s) y asilamiento(s)<\/em>\u00a0constituye un espacio de intercambio y debate para aquellas reflexiones que, desde sus respectivos escenarios de trabajo, docentes, estudiantes y graduades no han dejado de hacer en este tiempo (signado por el cambio brusco de rutina, la modificaci\u00f3n igualmente brusca de nuestros modos de ense\u00f1ar, aprender, trabajar y vincularnos) y que, acaso, no han encontrado otros lugares de inscripci\u00f3n que la charla informal con colegas y amigos y\/o el di\u00e1logo, tambi\u00e9n informal, que habilitan las redes.<\/p>\n<p>A sabiendas de que pensar, escribir y ensayar la cr\u00edtica y el di\u00e1logo son nuestras pr\u00e1cticas m\u00e1s frecuentes como estudiosos y profesionales de las ciencias humanas y sociales y de que todas ellas demandan una morosidad prudente, este libro invita a dar visibilidad a las reflexiones que la experiencia actual de la pandemia y el aislamiento social nos han suscitado y que acaso signifiquen un aporte valioso para abrir debates presentes y futuros.<\/p>\n<p>&nbsp;<\/p>\n","protected":false},"excerpt":{"rendered":"<p>El presente volumen re\u00fane las colaboraciones que docentes, estudiantes, investigadorxs, becarixs, adscritpxs y egresadxs que se formaron o desarrollan sus tareas en la FFyH, produjeron en el marco de una convocatoria para la presentaci\u00f3n de ensayos titulada <em>Escrivid 2020. Reflexiones y escrituras en torno a pandemia(s) y aislamiento(s)<\/em>, de iniciativa conjunta entre el \u00c1rea de Publicaciones, el \u00c1rea de Cultura, la Secretar\u00eda de Asuntos Estudiantiles y la Oficina de Graduadxs de la FFyH.<\/p>\n<p>&nbsp;<\/p>\n","protected":false},"featured_media":112,"comment_status":"closed","ping_status":"closed","template":"","meta":{"_acf_changed":false,"colormag_page_container_layout":"default_layout","colormag_page_sidebar_layout":"default_layout"},"product_brand":[],"product_cat":[771],"product_tag":[1191,1106,1190],"autor":[1273,1265,1285,1284,1272,1259,1252,1276,1274,1253,508,1250,1291,1277,1275,1061,1115,1288,1280,263,396,1258,1256,1249,1260,1257,1281,1261,1287,1271,1270,1262,1127,1245,1247,1246,1283,1254,1248,1063,1289,1268,306,1264,1244,1282,1278,1251,1290,1255,1269,1121,1286,1266,1267,1279,1263,269,127],"editor":[],"traductor":[],"compilador":[1293,1292],"coordinador":[],"director":[],"class_list":{"0":"post-1444","1":"product","2":"type-product","3":"status-publish","4":"has-post-thumbnail","6":"product_cat-publicaciones-de-la-editorial-de-la-ffyh","7":"product_tag-aislamiento","8":"product_tag-ciencias-sociales","9":"product_tag-pandemia","10":"autor-adriana-barrionuevo","11":"autor-agustin-dominguez","12":"autor-agustin-enrique-nunez-paez","13":"autor-alfonsina-munoz-paganoni","14":"autor-ana-belen-hwang","15":"autor-andres-landoni","16":"autor-carina-tumini","17":"autor-carlos-blasco","18":"autor-constanza-labate","19":"autor-constanza-san-pedro","20":"autor-daniel-saur","21":"autor-david-schafer","22":"autor-dora-lucia-laino","23":"autor-eduardo-contreras","24":"autor-elena-del-carmen-moiraghi","25":"autor-eliana-lacombe","26":"autor-emma-song","27":"autor-florencia-camila-ayelen-avila","28":"autor-franco-solavagione","29":"autor-fwala-lo-marin","30":"autor-gabriel-armando-nieve","31":"autor-gabriel-gerbaldo","32":"autor-ignacio-davies","33":"autor-itati-pedro","34":"autor-jimena-ines-garrido","35":"autor-juan-manuel-zeballos","36":"autor-katya-smrekar","37":"autor-leonardo-garzon","38":"autor-lucia-moro-eik","39":"autor-marcos-barinboim","40":"autor-maria-alvarez-vallero","41":"autor-maria-teresa-borneo","42":"autor-mariana-fabra","43":"autor-mariana-mondini","44":"autor-maricel-lopez","45":"autor-mariel-slavin","46":"autor-mariela-eleonora-zabala","47":"autor-martina-bonacossa","48":"autor-melina-masi","49":"autor-melisa-paiaro","50":"autor-milagros-del-pilar-chain","51":"autor-nadia-victoria-wenk","52":"autor-pascual-scarpino","53":"autor-paula-diaz-romero","54":"autor-paula-vega","55":"autor-priscila-biber","56":"autor-ramiro-puertas","57":"autor-romina-chain","58":"autor-sandra-maria-gomez","59":"autor-santiago-ciordia","60":"autor-santiago-marcelo-alvarez","61":"autor-sebastian-munoz","62":"autor-sebastian-veron","63":"autor-silvana-melisa-herranz","64":"autor-silvia-susana-anderlini","65":"autor-silvio-seoane","66":"autor-sofia-de-mauro","67":"autor-talma-salem","68":"autor-tamara-nizetich","69":"compilador-alicia-vaggione","70":"compilador-guadalupe-reinoso","72":"first","73":"instock","74":"shipping-taxable","75":"product-type-external"},"acf":[],"_links":{"self":[{"href":"https:\/\/ffyh.unc.edu.ar\/publicaciones\/wp-json\/wp\/v2\/product\/1444","targetHints":{"allow":["GET"]}}],"collection":[{"href":"https:\/\/ffyh.unc.edu.ar\/publicaciones\/wp-json\/wp\/v2\/product"}],"about":[{"href":"https:\/\/ffyh.unc.edu.ar\/publicaciones\/wp-json\/wp\/v2\/types\/product"}],"replies":[{"embeddable":true,"href":"https:\/\/ffyh.unc.edu.ar\/publicaciones\/wp-json\/wp\/v2\/comments?post=1444"}],"wp:featuredmedia":[{"embeddable":true,"href":"https:\/\/ffyh.unc.edu.ar\/publicaciones\/wp-json\/wp\/v2\/media\/112"}],"wp:attachment":[{"href":"https:\/\/ffyh.unc.edu.ar\/publicaciones\/wp-json\/wp\/v2\/media?parent=1444"}],"wp:term":[{"taxonomy":"product_brand","embeddable":true,"href":"https:\/\/ffyh.unc.edu.ar\/publicaciones\/wp-json\/wp\/v2\/product_brand?post=1444"},{"taxonomy":"product_cat","embeddable":true,"href":"https:\/\/ffyh.unc.edu.ar\/publicaciones\/wp-json\/wp\/v2\/product_cat?post=1444"},{"taxonomy":"product_tag","embeddable":true,"href":"https:\/\/ffyh.unc.edu.ar\/publicaciones\/wp-json\/wp\/v2\/product_tag?post=1444"},{"taxonomy":"autor","embeddable":true,"href":"https:\/\/ffyh.unc.edu.ar\/publicaciones\/wp-json\/wp\/v2\/autor?post=1444"},{"taxonomy":"editor","embeddable":true,"href":"https:\/\/ffyh.unc.edu.ar\/publicaciones\/wp-json\/wp\/v2\/editor?post=1444"},{"taxonomy":"traductor","embeddable":true,"href":"https:\/\/ffyh.unc.edu.ar\/publicaciones\/wp-json\/wp\/v2\/traductor?post=1444"},{"taxonomy":"compilador","embeddable":true,"href":"https:\/\/ffyh.unc.edu.ar\/publicaciones\/wp-json\/wp\/v2\/compilador?post=1444"},{"taxonomy":"coordinador","embeddable":true,"href":"https:\/\/ffyh.unc.edu.ar\/publicaciones\/wp-json\/wp\/v2\/coordinador?post=1444"},{"taxonomy":"director","embeddable":true,"href":"https:\/\/ffyh.unc.edu.ar\/publicaciones\/wp-json\/wp\/v2\/director?post=1444"}],"curies":[{"name":"wp","href":"https:\/\/api.w.org\/{rel}","templated":true}]}}