{"id":1473,"date":"2013-11-19T17:23:58","date_gmt":"2013-11-19T20:23:58","guid":{"rendered":"https:\/\/ffyh.unc.edu.ar\/publicaciones\/?post_type=product&#038;p=1473"},"modified":"2021-11-19T17:28:24","modified_gmt":"2021-11-19T20:28:24","slug":"memorias-de-mi-plaza-plazas-a-los-cuatro-vientos-plaza-alberdi-plaza-libertad-plaza-colon-plaza-rivadavia","status":"publish","type":"product","link":"https:\/\/ffyh.unc.edu.ar\/publicaciones\/tienda\/publicaciones-de-extension\/memorias-de-mi-plaza\/memorias-de-mi-plaza-plazas-a-los-cuatro-vientos-plaza-alberdi-plaza-libertad-plaza-colon-plaza-rivadavia\/","title":{"rendered":"Memorias de mi Plaza: Plazas a los cuatro vientos | Plaza Alberdi | Plaza Libertad | Plaza Col\u00f3n | Plaza Rivadavia"},"content":{"rendered":"<p>En nuestra C\u00f3rdoba, como en todas las ciudades, las plazas, parques y calles, son el lugar natural de encuentros ciudadanos espont\u00e1neos u organizados, y lo que es realmente importante, donde todos tenemos la posibilidad de juntarnos sin distinciones de posici\u00f3n social, ideolog\u00edas pol\u00edticas o religiosas. Esos espacios, los abiertos y p\u00fablicos, son la verdadera y real esencia de la ciudad, sin ellos la ciudad no existir\u00eda. A lo largo del tiempo, desde el \u00e1gora griega hasta nuestros d\u00edas, la plaza ha sido siempre un lugar de privilegio, donde los cordobeses hemos escrito nuestra historia, sedimentada en la cultura colectiva.<\/p>\n<p>La plaza es s\u00f3lo \u201clugar\u201d, al cual hay que llenar de significados y s\u00f3lo la gente con su presencia y posesi\u00f3n puede hacerlo. Cuando vemos al pasado de un barrio todo cambia, pero siempre est\u00e1n ah\u00ed las plazas, conservando el retazo de naturaleza, soportando muchas veces descuidos y maltratos; pero como una madre enamorada de su hijo, nos da una, dos y miles de oportunidades m\u00e1s para amarla, cuidarla y sentirla. La tierra p\u00fablica urbana se transforma en un recurso no renovable, por lo tanto de mucho valor. Es un deber del Estado y un derecho de los ciudadanos, que la ciudad ofrezca espacios p\u00fablicos adecuados, suficientes, bien distribuidos e inclusivos.<\/p>\n<p>En esta edici\u00f3n nos encontraremos con las plazas de los primeros barrios pueblos que se consolidaron, tras la construcci\u00f3n de los puentes que cruzaron el r\u00edo Suqu\u00eda; General Paz, San Vicente, Alberdi y Alta C\u00f3rdoba; espacios verdes que se instauraron con caracter\u00edsticas barriales propias y rasgos urban\u00edsticos que perduran hasta nuestros d\u00edas. Los barrios pueblos fueron sitio de la incipiente expansi\u00f3n hist\u00f3rica de C\u00f3rdoba, ya que conformados como un anillo que rodea el \u00e1rea central fundacional, act\u00faan como nexo entre \u00e9sta y los nuevos barrios que, expansiones posteriores generaron en la periferia. Dicho fen\u00f3meno tiene entidad propia y singular resultando elementos estructurantes estrat\u00e9gicos de la comprensi\u00f3n global de la ciudad. \u00c9stos se presentan as\u00ed como lugares con una importante trayectoria hist\u00f3rica<\/p>\n","protected":false},"excerpt":{"rendered":"<p>La colecci\u00f3n <em>Memorias de mi Plaza<\/em> es una iniciativa de la Secretar\u00eda de Ambiente de la Municipalidad de C\u00f3rdoba, la que solicit\u00f3 la colaboraci\u00f3n de la Facultad de Filosof\u00eda y Humanidades de la UNC a trav\u00e9s del Vicedecanato y la Secretar\u00eda de Extensi\u00f3n.\u00a0En esta edici\u00f3n nos encontraremos con las plazas de los primeros barrios pueblos que se consolidaron, tras la construcci\u00f3n de los puentes que cruzaron el r\u00edo Suqu\u00eda; General Paz, San Vicente, Alberdi y Alta C\u00f3rdoba<\/p>\n","protected":false},"featured_media":1461,"comment_status":"closed","ping_status":"closed","template":"","meta":{"_acf_changed":false,"colormag_page_container_layout":"default_layout","colormag_page_sidebar_layout":"default_layout"},"product_brand":[],"product_cat":[1294,26],"product_tag":[1296,1295],"autor":[1298,1297,1299],"editor":[],"traductor":[],"compilador":[],"coordinador":[1300],"director":[],"class_list":{"0":"post-1473","1":"product","2":"type-product","3":"status-publish","4":"has-post-thumbnail","6":"product_cat-memorias-de-mi-plaza","7":"product_cat-publicaciones-de-extension","8":"product_tag-espacios-publicos","9":"product_tag-historia-de-cordoba","10":"autor-ana-sofia-maizon","11":"autor-maria-cristina-boixados","12":"autor-mariana-eguia","13":"coordinador-liliana-pereyra","15":"first","16":"instock","17":"shipping-taxable","18":"product-type-external"},"acf":[],"_links":{"self":[{"href":"https:\/\/ffyh.unc.edu.ar\/publicaciones\/wp-json\/wp\/v2\/product\/1473","targetHints":{"allow":["GET"]}}],"collection":[{"href":"https:\/\/ffyh.unc.edu.ar\/publicaciones\/wp-json\/wp\/v2\/product"}],"about":[{"href":"https:\/\/ffyh.unc.edu.ar\/publicaciones\/wp-json\/wp\/v2\/types\/product"}],"replies":[{"embeddable":true,"href":"https:\/\/ffyh.unc.edu.ar\/publicaciones\/wp-json\/wp\/v2\/comments?post=1473"}],"wp:featuredmedia":[{"embeddable":true,"href":"https:\/\/ffyh.unc.edu.ar\/publicaciones\/wp-json\/wp\/v2\/media\/1461"}],"wp:attachment":[{"href":"https:\/\/ffyh.unc.edu.ar\/publicaciones\/wp-json\/wp\/v2\/media?parent=1473"}],"wp:term":[{"taxonomy":"product_brand","embeddable":true,"href":"https:\/\/ffyh.unc.edu.ar\/publicaciones\/wp-json\/wp\/v2\/product_brand?post=1473"},{"taxonomy":"product_cat","embeddable":true,"href":"https:\/\/ffyh.unc.edu.ar\/publicaciones\/wp-json\/wp\/v2\/product_cat?post=1473"},{"taxonomy":"product_tag","embeddable":true,"href":"https:\/\/ffyh.unc.edu.ar\/publicaciones\/wp-json\/wp\/v2\/product_tag?post=1473"},{"taxonomy":"autor","embeddable":true,"href":"https:\/\/ffyh.unc.edu.ar\/publicaciones\/wp-json\/wp\/v2\/autor?post=1473"},{"taxonomy":"editor","embeddable":true,"href":"https:\/\/ffyh.unc.edu.ar\/publicaciones\/wp-json\/wp\/v2\/editor?post=1473"},{"taxonomy":"traductor","embeddable":true,"href":"https:\/\/ffyh.unc.edu.ar\/publicaciones\/wp-json\/wp\/v2\/traductor?post=1473"},{"taxonomy":"compilador","embeddable":true,"href":"https:\/\/ffyh.unc.edu.ar\/publicaciones\/wp-json\/wp\/v2\/compilador?post=1473"},{"taxonomy":"coordinador","embeddable":true,"href":"https:\/\/ffyh.unc.edu.ar\/publicaciones\/wp-json\/wp\/v2\/coordinador?post=1473"},{"taxonomy":"director","embeddable":true,"href":"https:\/\/ffyh.unc.edu.ar\/publicaciones\/wp-json\/wp\/v2\/director?post=1473"}],"curies":[{"name":"wp","href":"https:\/\/api.w.org\/{rel}","templated":true}]}}