{"id":158,"date":"2021-05-18T16:43:56","date_gmt":"2021-05-18T19:43:56","guid":{"rendered":"https:\/\/ffyh.unc.edu.ar\/publicaciones\/?post_type=product&#038;p=158"},"modified":"2021-11-19T11:29:24","modified_gmt":"2021-11-19T14:29:24","slug":"lengua-y-literatura-temas-de-ensenanza-e-investigacion-a-20-anos-de-la-carrera-de-especializacion-en-la-ensenanza-de-la-lengua-y-la-literatura","status":"publish","type":"product","link":"https:\/\/ffyh.unc.edu.ar\/publicaciones\/tienda\/publicaciones-de-investigacion\/seicyt-posgrado\/lengua-y-literatura-temas-de-ensenanza-e-investigacion-a-20-anos-de-la-carrera-de-especializacion-en-la-ensenanza-de-la-lengua-y-la-literatura\/","title":{"rendered":"Posgrado. Lengua y Literatura: temas de ense\u00f1anza e investigaci\u00f3n: a 20 a\u00f1os de la carrera de Especializaci\u00f3n en la Ense\u00f1anza de la Lengua y la Literatura"},"content":{"rendered":"<p>\u201cLengua y Literatura: temas de ense\u00f1anza e investigaci\u00f3n\u201d es el nombre del e-book que se public\u00f3 con motivo de la conmemoraci\u00f3n de los 20 a\u00f1os de la Especializaci\u00f3n en la Ense\u00f1anza de la Lengua y la Literatura.<\/p>\n<p>La compilaci\u00f3n de art\u00edculos que se recuperan en este libro estuvo a cargo de Graciela Herrera de Bett, quien destaca en el pr\u00f3logo que \u201cno es por casualidad que el t\u00edtulo del libro reitera el de una publicaci\u00f3n realizada hace 20 a\u00f1os donde reun\u00edamos producciones de profesores e investigadores de Lengua y Literatura, presentados en unas Jornadas que organizamos en el a\u00f1o 1995 sobre Did\u00e1ctica de la Lengua y la Literatura\u201d.<\/p>\n<p>En el e-book se pueden leer art\u00edculos derivados de Trabajos Finales de la carrera al conmemorar, en 2018, los 20 a\u00f1os de su existencia como propuesta de Posgrado de la Facultad de Filosof\u00eda y Humanidades de la UNC.<\/p>\n<p>&nbsp;<\/p>\n","protected":false},"excerpt":{"rendered":"<p>\u201cLengua y Literatura: temas de ense\u00f1anza e investigaci\u00f3n\u201d es el nombre del e-book que se public\u00f3 con motivo de la conmemoraci\u00f3n de los 20 a\u00f1os de la Especializaci\u00f3n en la Ense\u00f1anza de la Lengua y la Literatura. En el e-book se pueden leer art\u00edculos derivados de Trabajos Finales de la carrera al conmemorar, en 2018, los 20 a\u00f1os de su existencia como propuesta de Posgrado de la Facultad de Filosof\u00eda y Humanidades de la UNC.<\/p>\n<p>&nbsp;<\/p>\n","protected":false},"featured_media":107,"comment_status":"open","ping_status":"closed","template":"","meta":{"_acf_changed":false,"colormag_page_container_layout":"default_layout","colormag_page_sidebar_layout":"default_layout"},"product_brand":[],"product_cat":[27,28,36],"product_tag":[1192,1193,1181],"autor":[1196,448,1194,1198,1156,1200,1195,1199,1158,1201,1202,1197],"editor":[],"traductor":[],"compilador":[1203],"coordinador":[],"director":[],"class_list":{"0":"post-158","1":"product","2":"type-product","3":"status-publish","4":"has-post-thumbnail","6":"product_cat-publicaciones-de-investigacion","7":"product_cat-publicaciones-pedagogicas","8":"product_cat-seicyt-posgrado","9":"product_tag-investigacion-cultural","10":"product_tag-lenguas","11":"product_tag-literatura","12":"autor-beatriz-suriani","13":"autor-candelaria-stancato","14":"autor-david-emilio-abalos","15":"autor-ines-yeraci","16":"autor-leticia-colafigli","17":"autor-maria-alejandra-forgiarini","18":"autor-maria-pia-otero","19":"autor-mariana-mitelman","20":"autor-melisa-maina","21":"autor-nadia-veronica-marconi","22":"autor-natalia-rodriguez","23":"autor-vanesa-testa","24":"compilador-graciela-herrera-de-bett","26":"first","27":"instock","28":"shipping-taxable","29":"product-type-external"},"acf":[],"_links":{"self":[{"href":"https:\/\/ffyh.unc.edu.ar\/publicaciones\/wp-json\/wp\/v2\/product\/158","targetHints":{"allow":["GET"]}}],"collection":[{"href":"https:\/\/ffyh.unc.edu.ar\/publicaciones\/wp-json\/wp\/v2\/product"}],"about":[{"href":"https:\/\/ffyh.unc.edu.ar\/publicaciones\/wp-json\/wp\/v2\/types\/product"}],"replies":[{"embeddable":true,"href":"https:\/\/ffyh.unc.edu.ar\/publicaciones\/wp-json\/wp\/v2\/comments?post=158"}],"wp:featuredmedia":[{"embeddable":true,"href":"https:\/\/ffyh.unc.edu.ar\/publicaciones\/wp-json\/wp\/v2\/media\/107"}],"wp:attachment":[{"href":"https:\/\/ffyh.unc.edu.ar\/publicaciones\/wp-json\/wp\/v2\/media?parent=158"}],"wp:term":[{"taxonomy":"product_brand","embeddable":true,"href":"https:\/\/ffyh.unc.edu.ar\/publicaciones\/wp-json\/wp\/v2\/product_brand?post=158"},{"taxonomy":"product_cat","embeddable":true,"href":"https:\/\/ffyh.unc.edu.ar\/publicaciones\/wp-json\/wp\/v2\/product_cat?post=158"},{"taxonomy":"product_tag","embeddable":true,"href":"https:\/\/ffyh.unc.edu.ar\/publicaciones\/wp-json\/wp\/v2\/product_tag?post=158"},{"taxonomy":"autor","embeddable":true,"href":"https:\/\/ffyh.unc.edu.ar\/publicaciones\/wp-json\/wp\/v2\/autor?post=158"},{"taxonomy":"editor","embeddable":true,"href":"https:\/\/ffyh.unc.edu.ar\/publicaciones\/wp-json\/wp\/v2\/editor?post=158"},{"taxonomy":"traductor","embeddable":true,"href":"https:\/\/ffyh.unc.edu.ar\/publicaciones\/wp-json\/wp\/v2\/traductor?post=158"},{"taxonomy":"compilador","embeddable":true,"href":"https:\/\/ffyh.unc.edu.ar\/publicaciones\/wp-json\/wp\/v2\/compilador?post=158"},{"taxonomy":"coordinador","embeddable":true,"href":"https:\/\/ffyh.unc.edu.ar\/publicaciones\/wp-json\/wp\/v2\/coordinador?post=158"},{"taxonomy":"director","embeddable":true,"href":"https:\/\/ffyh.unc.edu.ar\/publicaciones\/wp-json\/wp\/v2\/director?post=158"}],"curies":[{"name":"wp","href":"https:\/\/api.w.org\/{rel}","templated":true}]}}