{"id":1617,"date":"2021-12-15T10:39:18","date_gmt":"2021-12-15T13:39:18","guid":{"rendered":"https:\/\/ffyh.unc.edu.ar\/publicaciones\/?post_type=product&#038;p=1617"},"modified":"2022-02-24T10:41:44","modified_gmt":"2022-02-24T13:41:44","slug":"experiencias-formativas-en-territorios-rurales-en-transformacion","status":"publish","type":"product","link":"https:\/\/ffyh.unc.edu.ar\/publicaciones\/tienda\/publicaciones-de-investigacion\/ciffyh\/colecciones-del-ciffyh\/experiencias-formativas-en-territorios-rurales-en-transformacion\/","title":{"rendered":"Experiencias formativas en territorios rurales en transformaci\u00f3n"},"content":{"rendered":"<p><i>Experiencias formativas en territorios rurales en transformaci\u00f3n<\/i>\u00a0re\u00fane una compilaci\u00f3n de art\u00edculos originales resultado de investigaciones individuales y colectivas dentro de un equipo de investigaci\u00f3n radicado en el Centro de Investigaciones Mar\u00eda Saleme de Burnichon. Las contribuciones abordan problem\u00e1ticas referidas a la educaci\u00f3n en espacios rurales. A partir de las diversas experiencias interdisciplinarias en investigaci\u00f3n, docencia y extensi\u00f3n, cuya matriz es marcadamente interdisciplinar, esta publicaci\u00f3n reconstruye procesos y pr\u00e1cticas educativas rurales cotidianas en diferentes lugares de Argentina y Brasil.<\/p>\n<p>Las perspectivas de investigaci\u00f3n se enmarcan desde enfoques hist\u00f3rico-relacionales y socio-antropol\u00f3gicos, enfoc\u00e1ndose en la configuraci\u00f3n de experiencias formativas que incluyen, pero tambi\u00e9n exceden las escolares. Al mismo tiempo la publicaci\u00f3n propone una mirada cr\u00edtica de entender las espacialidades y territorialidades rurales, alej\u00e1ndose del binomio campo-ciudad. Los cap\u00edtulos en este libro incluyen, por lo tanto, paisajes y sujetos t\u00edpicamente considerados como rurales, as\u00ed como tambi\u00e9n centros urbanos y organizaciones extrasectoriales que participan o expresan el avance del modelo de agronegocios.<\/p>\n<p>El libro compilado por Sof\u00eda Ambrogi y Elisa Cragnolino se divide en cuatro secciones: Pol\u00edticas de educaci\u00f3n rural desde las iniciativas estatales y las organizaciones sociales; J\u00f3venes rurales, experiencias formativas, escolarizaciones y construcciones de futuro; Educaci\u00f3n universitaria, ruralidades y experiencias formativas; Configuraciones locales del modelo de agronegocios. Cada una de esas secciones cuentan con valiosas contribuciones que logran reflexionar acerca de las experiencias y pr\u00e1cticas formativas en los diversos territorios rurales en transformaci\u00f3n.<\/p>\n","protected":false},"excerpt":{"rendered":"<p><i>Experiencias formativas en territorios rurales en transformaci\u00f3n<\/i> es un libro compilado por Sof\u00eda Ambrogi y Elisa Cragnolino que re\u00fane una compilaci\u00f3n de art\u00edculos originales que abordan problem\u00e1ticas referidas a la educaci\u00f3n en espacios rurales. A partir de las diversas experiencias interdisciplinarias en investigaci\u00f3n, docencia y extensi\u00f3n, cuya matriz es marcadamente interdisciplinar, esta publicaci\u00f3n reconstruye procesos y pr\u00e1cticas educativas rurales cotidianas en diferentes lugares de Argentina y Brasil.<\/p>\n","protected":false},"featured_media":1615,"comment_status":"closed","ping_status":"closed","template":"","meta":{"_acf_changed":false,"colormag_page_container_layout":"default_layout","colormag_page_sidebar_layout":"default_layout"},"product_brand":[],"product_cat":[30,31,27],"product_tag":[1404,1402,1403],"autor":[1410,1409,1407,1421,1405,1406,1408,1418,1420,1412,1411,1419,1416,1415,1414,1417,299,1413],"editor":[],"traductor":[],"compilador":[1423,1422],"coordinador":[],"director":[],"class_list":{"0":"post-1617","1":"product","2":"type-product","3":"status-publish","4":"has-post-thumbnail","6":"product_cat-ciffyh","7":"product_cat-colecciones-del-ciffyh","8":"product_cat-publicaciones-de-investigacion","9":"product_tag-educacion-en-contextos-rurales","10":"product_tag-estudios-sociales-rurales","11":"product_tag-experiencias-formativas","12":"autor-aylen-ochoa","13":"autor-carolina-velez-funes","14":"autor-conceicao-coutinho-melo","15":"autor-elisa-cragnolino","16":"autor-eva-mara-petitti","17":"autor-guillermina-carreno","18":"autor-hernan-flores","19":"autor-lucia-caisso","20":"autor-macarena-romero-acuna","21":"autor-maria-emilia-schmuck","22":"autor-maria-roberta-mina","23":"autor-marina-espoturno","24":"autor-mercedes-catalina-funes","25":"autor-roberto-dacuna","26":"autor-roxana-mercado","27":"autor-sofia-ambrogi","28":"autor-valeria-b-gili-diez","29":"autor-veronica-ligorria","30":"compilador-elisa-cragnolino","31":"compilador-sofia-ambrogi","33":"first","34":"instock","35":"shipping-taxable","36":"product-type-external"},"acf":[],"_links":{"self":[{"href":"https:\/\/ffyh.unc.edu.ar\/publicaciones\/wp-json\/wp\/v2\/product\/1617","targetHints":{"allow":["GET"]}}],"collection":[{"href":"https:\/\/ffyh.unc.edu.ar\/publicaciones\/wp-json\/wp\/v2\/product"}],"about":[{"href":"https:\/\/ffyh.unc.edu.ar\/publicaciones\/wp-json\/wp\/v2\/types\/product"}],"replies":[{"embeddable":true,"href":"https:\/\/ffyh.unc.edu.ar\/publicaciones\/wp-json\/wp\/v2\/comments?post=1617"}],"wp:featuredmedia":[{"embeddable":true,"href":"https:\/\/ffyh.unc.edu.ar\/publicaciones\/wp-json\/wp\/v2\/media\/1615"}],"wp:attachment":[{"href":"https:\/\/ffyh.unc.edu.ar\/publicaciones\/wp-json\/wp\/v2\/media?parent=1617"}],"wp:term":[{"taxonomy":"product_brand","embeddable":true,"href":"https:\/\/ffyh.unc.edu.ar\/publicaciones\/wp-json\/wp\/v2\/product_brand?post=1617"},{"taxonomy":"product_cat","embeddable":true,"href":"https:\/\/ffyh.unc.edu.ar\/publicaciones\/wp-json\/wp\/v2\/product_cat?post=1617"},{"taxonomy":"product_tag","embeddable":true,"href":"https:\/\/ffyh.unc.edu.ar\/publicaciones\/wp-json\/wp\/v2\/product_tag?post=1617"},{"taxonomy":"autor","embeddable":true,"href":"https:\/\/ffyh.unc.edu.ar\/publicaciones\/wp-json\/wp\/v2\/autor?post=1617"},{"taxonomy":"editor","embeddable":true,"href":"https:\/\/ffyh.unc.edu.ar\/publicaciones\/wp-json\/wp\/v2\/editor?post=1617"},{"taxonomy":"traductor","embeddable":true,"href":"https:\/\/ffyh.unc.edu.ar\/publicaciones\/wp-json\/wp\/v2\/traductor?post=1617"},{"taxonomy":"compilador","embeddable":true,"href":"https:\/\/ffyh.unc.edu.ar\/publicaciones\/wp-json\/wp\/v2\/compilador?post=1617"},{"taxonomy":"coordinador","embeddable":true,"href":"https:\/\/ffyh.unc.edu.ar\/publicaciones\/wp-json\/wp\/v2\/coordinador?post=1617"},{"taxonomy":"director","embeddable":true,"href":"https:\/\/ffyh.unc.edu.ar\/publicaciones\/wp-json\/wp\/v2\/director?post=1617"}],"curies":[{"name":"wp","href":"https:\/\/api.w.org\/{rel}","templated":true}]}}