{"id":1619,"date":"2021-12-24T10:42:30","date_gmt":"2021-12-24T13:42:30","guid":{"rendered":"https:\/\/ffyh.unc.edu.ar\/publicaciones\/?post_type=product&#038;p=1619"},"modified":"2022-02-24T10:51:56","modified_gmt":"2022-02-24T13:51:56","slug":"la-via-de-lo-inutil","status":"publish","type":"product","link":"https:\/\/ffyh.unc.edu.ar\/publicaciones\/tienda\/publicaciones-de-investigacion\/ciffyh\/colecciones-del-ciffyh\/la-via-de-lo-inutil\/","title":{"rendered":"La v\u00eda de lo in\u00fatil. Aportes para una revoluci\u00f3n improductiva"},"content":{"rendered":"<p><span style=\"font-weight: 400\">El e-book <\/span><i><span style=\"font-weight: 400\">La v\u00eda de lo in\u00fatil. Aportes para una revoluci\u00f3n improductiva<\/span><\/i><span style=\"font-weight: 400\"> compilado por Juan M. Conforte y Natalia Lorio consta de una serie de ensayos producto del desarrollo de una investigaci\u00f3n desde la filosof\u00eda contempor\u00e1nea y el psicoan\u00e1lisis, en torno al tema de lo \u201cin\u00fatil\u201d como un tipo de actividad no orientada por los marcos de la productividad capitalista.\u00a0<\/span><\/p>\n<p><span style=\"font-weight: 400\">Esta publicaci\u00f3n consta de doce ensayos y un pr\u00f3logo del psicoanalista radicado en Francia, Fabi\u00e1n Fanjwaks. \u201cLa v\u00eda de lo in\u00fatil\u201d se divide en tres secciones tituladas:1. De lo in\u00fatil frente al discurso capitalista. 2. Entre restos y deshechos. 3. Modos de vida.<\/span><\/p>\n<p><span style=\"font-weight: 400\">Los textos compilados en este e-book rastrean distintas formas de lo in\u00fatil, pero tambi\u00e9n diversas trampas a las que una consideraci\u00f3n superficial de la cuesti\u00f3n nos podr\u00eda conducir. La maquinaria capitalista es h\u00e1bil en generar falsas crisis, s\u00edmiles de revoluciones y libertades enajenantes. En definitiva es h\u00e1bil en la creaci\u00f3n de \u201csimulacros\u201d al decir de Klossowski, convirtiendo todo en mercanc\u00eda, hasta el deseo mismo.\u00a0<\/span><\/p>\n<p><span style=\"font-weight: 400\">Por ello, adem\u00e1s de demorarse en la literatura, la filosof\u00eda, el arte y los modos de vida no humanos, estos textos tienen su potencia en escapar a lo que de un modo temible el discurso universitario e intelectual llaman \u201cla \u00e9poca\u201d, confundiendo esto con \u201cla novedad\u201d, \u201clo in\u00e9dito\u201d, o los formatos que cambian todo el tiempo. Por ello, estos textos se proponen una exigencia \u00e9tica de lo in\u00fatil: \u201cde nuestra posici\u00f3n ante lo in\u00fatil somos siempre responsables\u201d, escribe Patricio Debiase en la apertura de este libro.<\/span><\/p>\n<p>El libro forma parte de las Colecciones del CIFFyH, una iniciativa del Centro de Investigaciones Mar\u00eda Saleme de Burnichon (FFyH) en vinculaci\u00f3n con el \u00c1rea de Publicaciones de la FFyH que busca fortalecer la producci\u00f3n y difusi\u00f3n del trabajo de los grupos de investigaci\u00f3n del Centro, fomentar la participaci\u00f3n en la producci\u00f3n y circulaci\u00f3n del conocimiento de estudiantes, egresados\/as y docentes, y generar espacios institucionales que habiliten dicha circulaci\u00f3n15<\/p>\n","protected":false},"excerpt":{"rendered":"<p><em>La v\u00eda de lo in\u00fatil. Aportes para una revoluci\u00f3n improductiva<\/em> compilado por Juan M. Conforte y Natalia Lorio recupera una serie de ensayos producto del desarrollo de una investigaci\u00f3n desde la filosof\u00eda contempor\u00e1nea y el psicoan\u00e1lisis, en torno al tema de lo \u201cin\u00fatil\u201d como un tipo de actividad no orientada por los marcos de la productividad capitalista.<\/p>\n","protected":false},"featured_media":1616,"comment_status":"closed","ping_status":"closed","template":"","meta":{"_acf_changed":false,"colormag_page_container_layout":"default_layout","colormag_page_sidebar_layout":"default_layout"},"product_brand":[],"product_cat":[30,31,27],"product_tag":[1425,1107,1424],"autor":[348,1435,1433,1429,1426,1428,1436,1432,1437,1434,1427,1430,1431],"editor":[],"traductor":[],"compilador":[1438,1439],"coordinador":[],"director":[],"class_list":{"0":"post-1619","1":"product","2":"type-product","3":"status-publish","4":"has-post-thumbnail","6":"product_cat-ciffyh","7":"product_cat-colecciones-del-ciffyh","8":"product_cat-publicaciones-de-investigacion","9":"product_tag-critica","10":"product_tag-filosofia","11":"product_tag-psicoanalisis","12":"autor-ana-testa","13":"autor-andrea-teruel","14":"autor-andres-petric","15":"autor-david-albano-gonzalez","16":"autor-fabian-fajnwaks","17":"autor-german-david-arroyo","18":"autor-jean-luis-hourgras","19":"autor-mariana-quevedo-esteves","20":"autor-mercedes-vargas","21":"autor-natalia-lorio","22":"autor-patricio-debiase","23":"autor-rodrigo-baudagna","24":"autor-silvia-mariana-mamani","25":"compilador-juan-m-conforte","26":"compilador-natalia-lorio","28":"first","29":"instock","30":"shipping-taxable","31":"product-type-external"},"acf":[],"_links":{"self":[{"href":"https:\/\/ffyh.unc.edu.ar\/publicaciones\/wp-json\/wp\/v2\/product\/1619","targetHints":{"allow":["GET"]}}],"collection":[{"href":"https:\/\/ffyh.unc.edu.ar\/publicaciones\/wp-json\/wp\/v2\/product"}],"about":[{"href":"https:\/\/ffyh.unc.edu.ar\/publicaciones\/wp-json\/wp\/v2\/types\/product"}],"replies":[{"embeddable":true,"href":"https:\/\/ffyh.unc.edu.ar\/publicaciones\/wp-json\/wp\/v2\/comments?post=1619"}],"wp:featuredmedia":[{"embeddable":true,"href":"https:\/\/ffyh.unc.edu.ar\/publicaciones\/wp-json\/wp\/v2\/media\/1616"}],"wp:attachment":[{"href":"https:\/\/ffyh.unc.edu.ar\/publicaciones\/wp-json\/wp\/v2\/media?parent=1619"}],"wp:term":[{"taxonomy":"product_brand","embeddable":true,"href":"https:\/\/ffyh.unc.edu.ar\/publicaciones\/wp-json\/wp\/v2\/product_brand?post=1619"},{"taxonomy":"product_cat","embeddable":true,"href":"https:\/\/ffyh.unc.edu.ar\/publicaciones\/wp-json\/wp\/v2\/product_cat?post=1619"},{"taxonomy":"product_tag","embeddable":true,"href":"https:\/\/ffyh.unc.edu.ar\/publicaciones\/wp-json\/wp\/v2\/product_tag?post=1619"},{"taxonomy":"autor","embeddable":true,"href":"https:\/\/ffyh.unc.edu.ar\/publicaciones\/wp-json\/wp\/v2\/autor?post=1619"},{"taxonomy":"editor","embeddable":true,"href":"https:\/\/ffyh.unc.edu.ar\/publicaciones\/wp-json\/wp\/v2\/editor?post=1619"},{"taxonomy":"traductor","embeddable":true,"href":"https:\/\/ffyh.unc.edu.ar\/publicaciones\/wp-json\/wp\/v2\/traductor?post=1619"},{"taxonomy":"compilador","embeddable":true,"href":"https:\/\/ffyh.unc.edu.ar\/publicaciones\/wp-json\/wp\/v2\/compilador?post=1619"},{"taxonomy":"coordinador","embeddable":true,"href":"https:\/\/ffyh.unc.edu.ar\/publicaciones\/wp-json\/wp\/v2\/coordinador?post=1619"},{"taxonomy":"director","embeddable":true,"href":"https:\/\/ffyh.unc.edu.ar\/publicaciones\/wp-json\/wp\/v2\/director?post=1619"}],"curies":[{"name":"wp","href":"https:\/\/api.w.org\/{rel}","templated":true}]}}