{"id":1623,"date":"2022-02-07T10:52:58","date_gmt":"2022-02-07T13:52:58","guid":{"rendered":"https:\/\/ffyh.unc.edu.ar\/publicaciones\/?post_type=product&#038;p=1623"},"modified":"2022-02-24T10:58:16","modified_gmt":"2022-02-24T13:58:16","slug":"palimpsesto-militancias-dictaduras-y-derechos-humanos","status":"publish","type":"product","link":"https:\/\/ffyh.unc.edu.ar\/publicaciones\/tienda\/publicaciones-de-investigacion\/ciffyh\/colecciones-del-ciffyh\/palimpsesto-militancias-dictaduras-y-derechos-humanos\/","title":{"rendered":"Palimpsesto. Militancias, dictaduras y derechos humanos"},"content":{"rendered":"<p><i><span style=\"font-weight: 400\">Palimpsesto. Militancias, dictaduras y derechos humanos<\/span><\/i><span style=\"font-weight: 400\"> es la primera publicaci\u00f3n de las \u201cColecciones del CIFFyH\u201d para el a\u00f1o 2022 y propone un recorrido por trabajos que indagan sobre tres conceptos que articulan el libro: militancias, dictaduras y derechos humanos. A partir de estos conceptos, la publicaci\u00f3n recupera avances significativos producidos por integrantes del equipo <\/span><i><span style=\"font-weight: 400\">Militancias, dictaduras y derechos humanos en la historia reciente de C\u00f3rdoba<\/span><\/i><span style=\"font-weight: 400\"> (SECyT-CIFFyH)<\/span> <span style=\"font-weight: 400\">y por invitadxs que participaron de algunas actividades motorizadas por este espacio.\u00a0<\/span><\/p>\n<p><span style=\"font-weight: 400\">En ese sentido, esta publicaci\u00f3n construye y sostiene una agenda colaborativa entre actores universitarios interclaustros e integrantes de espacios de memoria que, desde el di\u00e1logo de saberes como apuesta, participaron de intervenciones, debates y pr\u00e1cticas diversas que ayudaron a problematizar los procesos de politizaci\u00f3n, despolitizaci\u00f3n y repolitizaci\u00f3n, a la luz de las transformaciones y continuidades en la historia pr\u00f3xima de C\u00f3rdoba.<\/span><\/p>\n<p><span style=\"font-weight: 400\">Como se afirma en su introducci\u00f3n, el libro fue pensado como la escritura de un palimpsesto, donde las diversas escrituras se hojaldran y sostienen entramadas, haciendo visibles diferentes \u00e9nfasis y tiempos en cada apuesta. En otras palabras, las militancias, las dictaduras y los derechos humanos se disocian interpretativamente pero en la historia reciente est\u00e1n sumamente interconectados, no solo por la configuraci\u00f3n sociohist\u00f3rica de estos \u00faltimos, sino por la recurrencia de las incidencias mutuas.\u00a0<\/span><\/p>\n<p><span style=\"font-weight: 400\">Por lo dem\u00e1s, las escrituras son diversas como lo son sus autorxs: Leandro Inchauspe, Mar\u00eda Paula Puttini, Luc\u00eda Avenda\u00f1o, Romina Molina, Laura Bonaf\u00e9, Marina Giraudo, Mar\u00eda Victoria Tejeda, Ana Carol Solis, Janet Florencia Paez, Guadalupe Samoluk, F\u00e1tima Boccetti y Emiliano Fessia; con procedencias, formaciones y experiencias igualmente variadas que, en conjunto, esperan convocar a diferentes lectorxs.\u00a0<\/span><\/p>\n<p><span style=\"font-weight: 400\">Pese a la pandemia y los avatares de la vida puesta en tensi\u00f3n, este libro es expresi\u00f3n de un esfuerzo que va m\u00e1s all\u00e1 de las individualidades y los derroteros personales. Como un palimpsesto, esperamos que la lectura de este libro convoque nuevas escrituras e intervenciones que hagan dialogar saberes.\u00a0<\/span><\/p>\n<p><span style=\"font-weight: 400\">\u201cPalimpsesto. Militancias, dictaduras y derechos humanos\u201d<\/span> <span style=\"font-weight: 400\">forma parte de las Colecciones del CIFFyH, una iniciativa del Centro de Investigaciones Mar\u00eda Saleme de Burnichon (FFyH) en vinculaci\u00f3n con el \u00c1rea de Publicaciones de la FFyH<\/span> <span style=\"font-weight: 400\">que busca <\/span><span style=\"font-weight: 400\">fortalecer la producci\u00f3n y difusi\u00f3n del trabajo de los grupos de investigaci\u00f3n del Centro, fomentar la participaci\u00f3n en la producci\u00f3n y circulaci\u00f3n del conocimiento de estudiantes, egresados\/as y docentes, y generar espacios institucionales que habiliten dicha circulaci\u00f3n.\u00a0<\/span><\/p>\n","protected":false},"excerpt":{"rendered":"<p>El e-book<i> Palimpsesto. Militancias, dictaduras y derechos humanos, <\/i>compilado por Ana Carol Solis, presenta resultados colectivos del proyecto de investigaci\u00f3n Militancias, dictaduras y derechos humanos en la historia reciente de C\u00f3rdoba, proyecto acreditado por SECYT y radicado en el \u00c1rea de Historia del Centro de Investigaciones Mar\u00eda Saleme de Burnichon.<\/p>\n","protected":false},"featured_media":1610,"comment_status":"closed","ping_status":"closed","template":"","meta":{"_acf_changed":false,"colormag_page_container_layout":"default_layout","colormag_page_sidebar_layout":"default_layout"},"product_brand":[],"product_cat":[30,31,27],"product_tag":[1215,1441,1440],"autor":[526,1435,781,1442,846,779,777,780,830,847,823,782],"editor":[],"traductor":[],"compilador":[1066],"coordinador":[],"director":[],"class_list":{"0":"post-1623","1":"product","2":"type-product","3":"status-publish","4":"has-post-thumbnail","6":"product_cat-ciffyh","7":"product_cat-colecciones-del-ciffyh","8":"product_cat-publicaciones-de-investigacion","9":"product_tag-derechos-humanos","10":"product_tag-dictaduras","11":"product_tag-militancias","12":"autor-ana-carol-solis","13":"autor-andrea-teruel","14":"autor-fatima-boccetti","15":"autor-guadalupe-samoluk","16":"autor-janet-florencia-paez","17":"autor-laura-bonafe","18":"autor-leandro-inchauspe","19":"autor-lucia-avendano","20":"autor-maria-paula-puttini","21":"autor-maria-victoria-tejeda","22":"autor-marina-giraudo","23":"autor-romina-molina","24":"compilador-ana-carol-solis","26":"first","27":"instock","28":"shipping-taxable","29":"product-type-external"},"acf":[],"_links":{"self":[{"href":"https:\/\/ffyh.unc.edu.ar\/publicaciones\/wp-json\/wp\/v2\/product\/1623","targetHints":{"allow":["GET"]}}],"collection":[{"href":"https:\/\/ffyh.unc.edu.ar\/publicaciones\/wp-json\/wp\/v2\/product"}],"about":[{"href":"https:\/\/ffyh.unc.edu.ar\/publicaciones\/wp-json\/wp\/v2\/types\/product"}],"replies":[{"embeddable":true,"href":"https:\/\/ffyh.unc.edu.ar\/publicaciones\/wp-json\/wp\/v2\/comments?post=1623"}],"wp:featuredmedia":[{"embeddable":true,"href":"https:\/\/ffyh.unc.edu.ar\/publicaciones\/wp-json\/wp\/v2\/media\/1610"}],"wp:attachment":[{"href":"https:\/\/ffyh.unc.edu.ar\/publicaciones\/wp-json\/wp\/v2\/media?parent=1623"}],"wp:term":[{"taxonomy":"product_brand","embeddable":true,"href":"https:\/\/ffyh.unc.edu.ar\/publicaciones\/wp-json\/wp\/v2\/product_brand?post=1623"},{"taxonomy":"product_cat","embeddable":true,"href":"https:\/\/ffyh.unc.edu.ar\/publicaciones\/wp-json\/wp\/v2\/product_cat?post=1623"},{"taxonomy":"product_tag","embeddable":true,"href":"https:\/\/ffyh.unc.edu.ar\/publicaciones\/wp-json\/wp\/v2\/product_tag?post=1623"},{"taxonomy":"autor","embeddable":true,"href":"https:\/\/ffyh.unc.edu.ar\/publicaciones\/wp-json\/wp\/v2\/autor?post=1623"},{"taxonomy":"editor","embeddable":true,"href":"https:\/\/ffyh.unc.edu.ar\/publicaciones\/wp-json\/wp\/v2\/editor?post=1623"},{"taxonomy":"traductor","embeddable":true,"href":"https:\/\/ffyh.unc.edu.ar\/publicaciones\/wp-json\/wp\/v2\/traductor?post=1623"},{"taxonomy":"compilador","embeddable":true,"href":"https:\/\/ffyh.unc.edu.ar\/publicaciones\/wp-json\/wp\/v2\/compilador?post=1623"},{"taxonomy":"coordinador","embeddable":true,"href":"https:\/\/ffyh.unc.edu.ar\/publicaciones\/wp-json\/wp\/v2\/coordinador?post=1623"},{"taxonomy":"director","embeddable":true,"href":"https:\/\/ffyh.unc.edu.ar\/publicaciones\/wp-json\/wp\/v2\/director?post=1623"}],"curies":[{"name":"wp","href":"https:\/\/api.w.org\/{rel}","templated":true}]}}