{"id":1639,"date":"2019-02-24T12:00:50","date_gmt":"2019-02-24T15:00:50","guid":{"rendered":"https:\/\/ffyh.unc.edu.ar\/publicaciones\/?post_type=product&#038;p=1639"},"modified":"2024-02-21T11:57:46","modified_gmt":"2024-02-21T14:57:46","slug":"tosco-rucci-el-debate","status":"publish","type":"product","link":"https:\/\/ffyh.unc.edu.ar\/publicaciones\/tienda\/publicaciones-de-la-editorial-de-la-ffyh\/tosco-rucci-el-debate\/","title":{"rendered":"Tosco-Rucci. El debate"},"content":{"rendered":"<p>\u201cTosco-Rucci. El debate\u201d es un libro fue publicado entre la Editorial de la Facultad de Filosof\u00eda y Humanidades de la UNC y el Sindicato Luz y Fuerza C\u00f3rdoba.<\/p>\n<p>El debate entre los dirigentes sindicales Agust\u00edn Tosco y Jos\u00e9 Ignacio Rucci fue emitido en vivo, con gran audiencia, el martes 13 de febrero de 1973, en el programa \u201cLas Dos Campanas\u201d de Canal 11, con la conducci\u00f3n de Gerardo Sofovich y Jorge Conti. Desde aquella fecha a esta parte, ese debate fue publicado en varios libros y revistas. Sin embargo, siempre se hizo sobre el texto transcripto por la revista As\u00ed, publicada tres d\u00edas despu\u00e9s del debate televisivo. En la mayor\u00eda de sus partes, aquella transcripci\u00f3n de la revista ten\u00eda grandes omisiones, tergiversaciones y no era fiel a la oralidad de lo que all\u00ed se discut\u00eda.<\/p>\n<p>Aqu\u00ed se publica por primera vez la versi\u00f3n m\u00e1s completa del debate, fruto de la desgrabaci\u00f3n de la mayor parte de la cinta conservada con el audio original.<\/p>\n<p>La memoria de las luchas populares y de las grandes discusiones sobre los proyectos nacionales que forjaron sus movimientos sociales y pol\u00edticos, se hace hoy fundamental para seguir pensando un horizonte com\u00fan hacia una sociedad m\u00e1s justa, democr\u00e1tica y emancipadora.<\/p>\n<p>A 50 a\u00f1os del Cordobazo, el Sindicato Luz y Fuerza de C\u00f3rdoba junto con la FFyH coeditan esta nueva versi\u00f3n del debate entre dos de los dirigentes m\u00e1s relevantes de la historia del movimiento obrero argentino.<\/p>\n","protected":false},"excerpt":{"rendered":"<p>\u201cTosco-Rucci. El debate\u201d es un libro publicado entre la Editorial de la Facultad de Filosof\u00eda y Humanidades de la UNC y el Sindicato Luz y Fuerza C\u00f3rdoba que recupera por primera vez la versi\u00f3n m\u00e1s completa del debate entre los dirigentes sindicales Agust\u00edn Tosco y Jos\u00e9 Ignacio Rucci emitido en vivo en 1973 en el programa \u201cLas Dos Campanas\u201d.<\/p>\n","protected":false},"featured_media":1641,"comment_status":"closed","ping_status":"closed","template":"","meta":{"_acf_changed":false,"colormag_page_container_layout":"default_layout","colormag_page_sidebar_layout":"default_layout"},"product_brand":[],"product_cat":[771],"product_tag":[1225,1446,1105],"autor":[],"editor":[1447],"traductor":[],"compilador":[],"coordinador":[],"director":[],"class_list":{"0":"post-1639","1":"product","2":"type-product","3":"status-publish","4":"has-post-thumbnail","6":"product_cat-publicaciones-de-la-editorial-de-la-ffyh","7":"product_tag-accion-politica","8":"product_tag-accion-sindical","9":"product_tag-historia","10":"editor-guillermo-vazquez","12":"first","13":"instock","14":"shipping-taxable","15":"purchasable","16":"product-type-simple"},"acf":[],"_links":{"self":[{"href":"https:\/\/ffyh.unc.edu.ar\/publicaciones\/wp-json\/wp\/v2\/product\/1639","targetHints":{"allow":["GET"]}}],"collection":[{"href":"https:\/\/ffyh.unc.edu.ar\/publicaciones\/wp-json\/wp\/v2\/product"}],"about":[{"href":"https:\/\/ffyh.unc.edu.ar\/publicaciones\/wp-json\/wp\/v2\/types\/product"}],"replies":[{"embeddable":true,"href":"https:\/\/ffyh.unc.edu.ar\/publicaciones\/wp-json\/wp\/v2\/comments?post=1639"}],"wp:featuredmedia":[{"embeddable":true,"href":"https:\/\/ffyh.unc.edu.ar\/publicaciones\/wp-json\/wp\/v2\/media\/1641"}],"wp:attachment":[{"href":"https:\/\/ffyh.unc.edu.ar\/publicaciones\/wp-json\/wp\/v2\/media?parent=1639"}],"wp:term":[{"taxonomy":"product_brand","embeddable":true,"href":"https:\/\/ffyh.unc.edu.ar\/publicaciones\/wp-json\/wp\/v2\/product_brand?post=1639"},{"taxonomy":"product_cat","embeddable":true,"href":"https:\/\/ffyh.unc.edu.ar\/publicaciones\/wp-json\/wp\/v2\/product_cat?post=1639"},{"taxonomy":"product_tag","embeddable":true,"href":"https:\/\/ffyh.unc.edu.ar\/publicaciones\/wp-json\/wp\/v2\/product_tag?post=1639"},{"taxonomy":"autor","embeddable":true,"href":"https:\/\/ffyh.unc.edu.ar\/publicaciones\/wp-json\/wp\/v2\/autor?post=1639"},{"taxonomy":"editor","embeddable":true,"href":"https:\/\/ffyh.unc.edu.ar\/publicaciones\/wp-json\/wp\/v2\/editor?post=1639"},{"taxonomy":"traductor","embeddable":true,"href":"https:\/\/ffyh.unc.edu.ar\/publicaciones\/wp-json\/wp\/v2\/traductor?post=1639"},{"taxonomy":"compilador","embeddable":true,"href":"https:\/\/ffyh.unc.edu.ar\/publicaciones\/wp-json\/wp\/v2\/compilador?post=1639"},{"taxonomy":"coordinador","embeddable":true,"href":"https:\/\/ffyh.unc.edu.ar\/publicaciones\/wp-json\/wp\/v2\/coordinador?post=1639"},{"taxonomy":"director","embeddable":true,"href":"https:\/\/ffyh.unc.edu.ar\/publicaciones\/wp-json\/wp\/v2\/director?post=1639"}],"curies":[{"name":"wp","href":"https:\/\/api.w.org\/{rel}","templated":true}]}}