{"id":164,"date":"2019-05-18T17:13:14","date_gmt":"2019-05-18T20:13:14","guid":{"rendered":"https:\/\/ffyh.unc.edu.ar\/publicaciones\/?post_type=product&#038;p=164"},"modified":"2023-04-27T10:57:23","modified_gmt":"2023-04-27T13:57:23","slug":"saberes-en-dialogo-investigar-e-intervenir-con-otrxs-i-jornadas-sobre-derechos-humanos-de-la-facultad-de-filosofia-y-humanidades-actas","status":"publish","type":"product","link":"https:\/\/ffyh.unc.edu.ar\/publicaciones\/tienda\/publicaciones-de-ddhh-y-genero\/saberes-en-dialogo-investigar-e-intervenir-con-otrxs-i-jornadas-sobre-derechos-humanos-de-la-facultad-de-filosofia-y-humanidades-actas\/","title":{"rendered":"Saberes en di\u00e1logo. Investigar e intervenir con otrxs. I Jornadas sobre Derechos Humanos de la Facultad de Filosof\u00eda y Humanidades. Actas"},"content":{"rendered":"<p class=\"ydp4f4c3409MsoNormal\"><span lang=\"ES-AR\">El Programa de Derechos Humanos de la Facultad de Filosof\u00eda y Humanidades public\u00f3 <i>\u201cSaberes en di\u00e1logo. Investigar e intervenir con otrxs\u201d<\/i>, que recoge las m\u00faltiples tem\u00e1ticas y abordajes que tuvieron las \u00abI Jornadas sobre Derechos Humanos\u00bb organizadas por esta unidad acad\u00e9mica en 2019.<\/span><\/p>\n<p class=\"ydp4f4c3409MsoNormal\"><span lang=\"ES-AR\">\u201cLa Facultad de Filosof\u00eda y Humanidades asume la responsabilidad del abordaje de la ense\u00f1anza, investigaci\u00f3n, extensi\u00f3n desde una perspectiva integral en Derechos Humanos, entendi\u00e9ndolo como el fundamento para la consolidaci\u00f3n de una cultura pol\u00edtica y social democr\u00e1tica. Actualmente, en las distintas unidades acad\u00e9micas se desarrollan importantes actividades que la han posicionado como referente en debates, intervenciones en pol\u00edticas p\u00fablicas, en el desarrollo de categor\u00edas, pr\u00e1cticas y sentidos en relaci\u00f3n al tema, concibi\u00e9ndolo como una acci\u00f3n ligada a la responsabilidad de la Universidad P\u00fablica\u201d, se\u00f1alan al comienzo del libro lxs integrantes del Programa de Derechos Humanos de la FFyH.<\/span><\/p>\n<p class=\"ydp4f4c3409MsoNormal\"><span lang=\"ES-AR\">Con un abordaje transversal tanto en lo acad\u00e9mico-institucional como en el proyecto pol\u00edtico, la Decana, Flavia Dezzutto, destaca en la introducci\u00f3n del libro esta interpelaci\u00f3n que la Facultad siente por la noci\u00f3n de derechos humanos: \u201cAludimos a una acepci\u00f3n de la idea de derechos que involucra a la humanidad entendida como una totalidad moral, derechos que le corresponden al ser humano por el hecho de serlo, y que por ello deben ser reivindicados y puestos en foco ante cada persona, comunidad o grupo que es vulnerado por actos o discursos en lo que hace a su condici\u00f3n humana\u201d.<\/span><\/p>\n<p class=\"ydp4f4c3409MsoNormal\"><span lang=\"ES-AR\">Para Dezzutto, \u201cla universidad p\u00fablica es una realidad pol\u00edtica, un actor o una actriz pol\u00edtica que discierne, comprende, entra en conflicto, posibilita escenas, se pone en movimiento y abre su palabra a muchxs. Lo que hay en el mundo puede estar en la universidad con cierta mirada. Cuando la universidad se habla a s\u00ed misma y dialoga con su tiempo y su historia colectiva en la lengua que han tejido las luchas y los horizontes pol\u00edticos marcados por los movimientos de derechos humanos, entonces ella encuentra su m\u00e9dula pol\u00edtica, el lugar desde el cual proyectarse en el largo caminar de nuestros pueblos, por su continuo desvelo, por su exigencia de lucidez\u201d.<\/span><\/p>\n<p class=\"ydp4f4c3409MsoNormal\"><span lang=\"ES-AR\">Siguiendo ese eje conceptual, desde el Programa de Derechos Humanos sostienen que \u201cm\u00e1s all\u00e1 de las divergencias, hoy la mayor parte de la sociedad argentina acuerda respecto a la defensa y promoci\u00f3n de los Derechos Humanos en sentido amplio, teniendo en cuenta diversas demandas de la sociedad civil como son por Memoria, Verdad y Justicia, las luchas de comunidades campesinas e ind\u00edgenas, los g\u00e9neros, los derechos laborales, sexuales y reproductivos, ambientales, culturales, de salud, entre otros\u201d.<\/span><\/p>\n<p class=\"ydp4f4c3409MsoNormal\"><span lang=\"ES-AR\">En este sentido, la Decana de la FFyH afirma que \u201clos derechos no nacen para responder a necesidades o a urgencias en sentido lato, aunque den cuenta de ellas en su mayor profundidad, sino que cuestionan el campo de los hechos se\u00f1alando que un derecho sin una obligaci\u00f3n que lo respalde no significa nada, y esas obligaciones nos comprometen con personas y comunidades concretas\u201d.<\/span><\/p>\n<p class=\"ydp4f4c3409MsoNormal\"><span lang=\"ES-AR\">Aludiendo a la riqueza y diversidad que tuvieron las I Jornadas sobre Derechos Humanos realizadas en 2019, la Decana entiende que \u201cla humanidad resulta ser la condici\u00f3n universal de existencia, del derecho a una vida digna, libre y sin violencias.\u00a0 Entre una universalidad que amenaza volverse abstracta, y el car\u00e1cter incondicionado de las obligaciones que nos enlazan como humanxs, est\u00e1n los derechos, las justicias con rostros y lenguajes determinados, con sus pensamientos, esos que aqu\u00ed se articulan con la fecunda multiplicidad de sus pr\u00e1cticas, las mismas que han sido convocadas en este encuentro y que en \u00e9l han encontrado su inscripci\u00f3n, su escritura\u201d.<\/span><\/p>\n<p>&nbsp;<\/p>\n<p>&nbsp;<\/p>\n<p>&nbsp;<\/p>\n","protected":false},"excerpt":{"rendered":"<p><span lang=\"ES-AR\"><i>\u201cSaberes en di\u00e1logo. Investigar e intervenir con otrxs\u201d<\/i>, es un libro de actas publicado por el la Facultad de Filosof\u00eda y Humanidades junto al Programa de Derechos Humanos. El e-book recoge las m\u00faltiples tem\u00e1ticas y abordajes que tuvieron las \u00abI Jornadas sobre Derechos Humanos\u00bb organizadas por esta unidad acad\u00e9mica en 2019.<\/span><\/p>\n","protected":false},"featured_media":90,"comment_status":"open","ping_status":"closed","template":"","meta":{"_acf_changed":false,"colormag_page_container_layout":"default_layout","colormag_page_sidebar_layout":"default_layout"},"product_brand":[],"product_cat":[1335],"product_tag":[1215,1219,1218],"autor":[],"editor":[],"traductor":[],"compilador":[],"coordinador":[],"director":[322],"class_list":{"0":"post-164","1":"product","2":"type-product","3":"status-publish","4":"has-post-thumbnail","6":"product_cat-publicaciones-de-ddhh-y-genero","7":"product_tag-derechos-humanos","8":"product_tag-investigacion-social","9":"product_tag-universidades","10":"director-cesar-marchesino","12":"first","13":"instock","14":"shipping-taxable","15":"product-type-external"},"acf":[],"_links":{"self":[{"href":"https:\/\/ffyh.unc.edu.ar\/publicaciones\/wp-json\/wp\/v2\/product\/164","targetHints":{"allow":["GET"]}}],"collection":[{"href":"https:\/\/ffyh.unc.edu.ar\/publicaciones\/wp-json\/wp\/v2\/product"}],"about":[{"href":"https:\/\/ffyh.unc.edu.ar\/publicaciones\/wp-json\/wp\/v2\/types\/product"}],"replies":[{"embeddable":true,"href":"https:\/\/ffyh.unc.edu.ar\/publicaciones\/wp-json\/wp\/v2\/comments?post=164"}],"wp:featuredmedia":[{"embeddable":true,"href":"https:\/\/ffyh.unc.edu.ar\/publicaciones\/wp-json\/wp\/v2\/media\/90"}],"wp:attachment":[{"href":"https:\/\/ffyh.unc.edu.ar\/publicaciones\/wp-json\/wp\/v2\/media?parent=164"}],"wp:term":[{"taxonomy":"product_brand","embeddable":true,"href":"https:\/\/ffyh.unc.edu.ar\/publicaciones\/wp-json\/wp\/v2\/product_brand?post=164"},{"taxonomy":"product_cat","embeddable":true,"href":"https:\/\/ffyh.unc.edu.ar\/publicaciones\/wp-json\/wp\/v2\/product_cat?post=164"},{"taxonomy":"product_tag","embeddable":true,"href":"https:\/\/ffyh.unc.edu.ar\/publicaciones\/wp-json\/wp\/v2\/product_tag?post=164"},{"taxonomy":"autor","embeddable":true,"href":"https:\/\/ffyh.unc.edu.ar\/publicaciones\/wp-json\/wp\/v2\/autor?post=164"},{"taxonomy":"editor","embeddable":true,"href":"https:\/\/ffyh.unc.edu.ar\/publicaciones\/wp-json\/wp\/v2\/editor?post=164"},{"taxonomy":"traductor","embeddable":true,"href":"https:\/\/ffyh.unc.edu.ar\/publicaciones\/wp-json\/wp\/v2\/traductor?post=164"},{"taxonomy":"compilador","embeddable":true,"href":"https:\/\/ffyh.unc.edu.ar\/publicaciones\/wp-json\/wp\/v2\/compilador?post=164"},{"taxonomy":"coordinador","embeddable":true,"href":"https:\/\/ffyh.unc.edu.ar\/publicaciones\/wp-json\/wp\/v2\/coordinador?post=164"},{"taxonomy":"director","embeddable":true,"href":"https:\/\/ffyh.unc.edu.ar\/publicaciones\/wp-json\/wp\/v2\/director?post=164"}],"curies":[{"name":"wp","href":"https:\/\/api.w.org\/{rel}","templated":true}]}}