{"id":1648,"date":"2019-02-24T15:56:50","date_gmt":"2019-02-24T18:56:50","guid":{"rendered":"https:\/\/ffyh.unc.edu.ar\/publicaciones\/?post_type=product&#038;p=1648"},"modified":"2024-02-21T11:53:27","modified_gmt":"2024-02-21T14:53:27","slug":"la-revolucion-que-no-fue-escritos-sobre-la-reforma-universitaria","status":"publish","type":"product","link":"https:\/\/ffyh.unc.edu.ar\/publicaciones\/tienda\/publicaciones-de-la-editorial-de-la-ffyh\/la-revolucion-que-no-fue-escritos-sobre-la-reforma-universitaria\/","title":{"rendered":"La revoluci\u00f3n que no fue. Escritos sobre la Reforma Universitaria"},"content":{"rendered":"<p>Tras el fracaso de su experiencia pol\u00edtica en el trotskismo en 1943, Liborio Justo dio por cerrada la etapa de la militancia pol\u00edtica en el mundo de las izquierdas. De hecho, tiempo antes de la disoluci\u00f3n de la Liga Obrera Revolucionaria, su \u00faltima organizaci\u00f3n pol\u00edtica, hab\u00eda roto ya p\u00fablicamente con el mismo Trotsky. Decepcionado, luego de algunos a\u00f1os de alejamiento de la vida p\u00fablica, encar\u00f3 la tarea militante por otros medios: la edici\u00f3n de obras ensay\u00edsticas en torno a la historia pol\u00edtica latinoamericana.<\/p>\n<p>La empresa editorial probablemente m\u00e1s ambiciosa de esta nueva faceta fue <em>Nuestra Patria Vasalla<\/em>. Seis tomos publicados por editorial Grito Sagrado entre 1968 y 1992 recorren la historia argentina desde el Virreinato del R\u00edo de la Plata hasta el menemismo, en clave materialista y revisionista. El cuarto volumen, editado en 1989 aborda el an\u00e1lisis del per\u00edodo 1880-1930 y reconstruye con una prosa descriptiva, aunque con tintes mordaces y provocativos, el estallido de la Reforma y el devenir ideol\u00f3gico de sus principales referentes.<\/p>\n<p>Los apartados que seleccionamos para este volumen comparten el mismo esp\u00edritu que recorre el resto de la serie: antes que sentar expl\u00edcitamente posiciones en torno a la Reforma, la intencionalidad del autor, ya en su madurez, parece estar puesta en dejar hablar a aquellos protagonistas o historiadores que convergen con sus propias claves interpretativas o que evidencian un contrapunto demasiado flagrante con su perspectiva. No hay aqu\u00ed una falsa pretensi\u00f3n de objetividad. De una u otra manera, la postura del autor se advierte con claridad.<\/p>\n<p>La mirada cr\u00edtica de Liborio se cuela a todas luces en la selecci\u00f3n de fuentes y autores citados, en la construcci\u00f3n de los t\u00f3picos centrales que analiza en cada volumen y en la hip\u00f3tesis fundamental de la obra: desde el Golpe de 1930 la Argentina puso en evidencia su conciencia de vasallaje frente a Gran Breta\u00f1a en primer lugar, y a Estados Unidos en segundo lugar, perdiendo su destino como naci\u00f3n rectora latinoamericana.<\/p>\n<p>En este contexto, la Reforma Universitaria emerge como una rebeli\u00f3n de car\u00e1cter estudiantil cuyos alcances \u2013\u00fanicos en el mundo\u2013 quedar\u00e1n confinados en los claustros universitarios.<\/p>\n","protected":false},"excerpt":{"rendered":"<p><em>La revoluci\u00f3n que no fue. Escritos sobre la reforma <\/em>es un\u00a0titulo que se incluye en la Colecci\u00f3n Liminar y que re\u00fane un conjunto de ensayos de Liborio Justo que, antes que sentar expl\u00edcitamente posiciones en torno a la Reforma, tiene como objeto dejar hablar a aquellos protagonistas o historiadores que convergen con sus propias claves interpretativas.<\/p>\n","protected":false},"featured_media":1646,"comment_status":"closed","ping_status":"closed","template":"","meta":{"_acf_changed":false,"colormag_page_container_layout":"default_layout","colormag_page_sidebar_layout":"default_layout"},"product_brand":[],"product_cat":[771],"product_tag":[1225,1224],"autor":[1448],"editor":[],"traductor":[],"compilador":[],"coordinador":[],"director":[],"class_list":{"0":"post-1648","1":"product","2":"type-product","3":"status-publish","4":"has-post-thumbnail","6":"product_cat-publicaciones-de-la-editorial-de-la-ffyh","7":"product_tag-accion-politica","8":"product_tag-historia-social","9":"autor-liborio-justo","11":"first","12":"instock","13":"shipping-taxable","14":"purchasable","15":"product-type-simple"},"acf":[],"_links":{"self":[{"href":"https:\/\/ffyh.unc.edu.ar\/publicaciones\/wp-json\/wp\/v2\/product\/1648","targetHints":{"allow":["GET"]}}],"collection":[{"href":"https:\/\/ffyh.unc.edu.ar\/publicaciones\/wp-json\/wp\/v2\/product"}],"about":[{"href":"https:\/\/ffyh.unc.edu.ar\/publicaciones\/wp-json\/wp\/v2\/types\/product"}],"replies":[{"embeddable":true,"href":"https:\/\/ffyh.unc.edu.ar\/publicaciones\/wp-json\/wp\/v2\/comments?post=1648"}],"wp:featuredmedia":[{"embeddable":true,"href":"https:\/\/ffyh.unc.edu.ar\/publicaciones\/wp-json\/wp\/v2\/media\/1646"}],"wp:attachment":[{"href":"https:\/\/ffyh.unc.edu.ar\/publicaciones\/wp-json\/wp\/v2\/media?parent=1648"}],"wp:term":[{"taxonomy":"product_brand","embeddable":true,"href":"https:\/\/ffyh.unc.edu.ar\/publicaciones\/wp-json\/wp\/v2\/product_brand?post=1648"},{"taxonomy":"product_cat","embeddable":true,"href":"https:\/\/ffyh.unc.edu.ar\/publicaciones\/wp-json\/wp\/v2\/product_cat?post=1648"},{"taxonomy":"product_tag","embeddable":true,"href":"https:\/\/ffyh.unc.edu.ar\/publicaciones\/wp-json\/wp\/v2\/product_tag?post=1648"},{"taxonomy":"autor","embeddable":true,"href":"https:\/\/ffyh.unc.edu.ar\/publicaciones\/wp-json\/wp\/v2\/autor?post=1648"},{"taxonomy":"editor","embeddable":true,"href":"https:\/\/ffyh.unc.edu.ar\/publicaciones\/wp-json\/wp\/v2\/editor?post=1648"},{"taxonomy":"traductor","embeddable":true,"href":"https:\/\/ffyh.unc.edu.ar\/publicaciones\/wp-json\/wp\/v2\/traductor?post=1648"},{"taxonomy":"compilador","embeddable":true,"href":"https:\/\/ffyh.unc.edu.ar\/publicaciones\/wp-json\/wp\/v2\/compilador?post=1648"},{"taxonomy":"coordinador","embeddable":true,"href":"https:\/\/ffyh.unc.edu.ar\/publicaciones\/wp-json\/wp\/v2\/coordinador?post=1648"},{"taxonomy":"director","embeddable":true,"href":"https:\/\/ffyh.unc.edu.ar\/publicaciones\/wp-json\/wp\/v2\/director?post=1648"}],"curies":[{"name":"wp","href":"https:\/\/api.w.org\/{rel}","templated":true}]}}