{"id":1651,"date":"2016-02-24T16:11:09","date_gmt":"2016-02-24T19:11:09","guid":{"rendered":"https:\/\/ffyh.unc.edu.ar\/publicaciones\/?post_type=product&#038;p=1651"},"modified":"2024-02-21T11:46:29","modified_gmt":"2024-02-21T14:46:29","slug":"derechos-humanos-y-poder-conversaciones-con-zaffaroni","status":"publish","type":"product","link":"https:\/\/ffyh.unc.edu.ar\/publicaciones\/tienda\/publicaciones-de-ddhh-y-genero\/derechos-humanos-y-poder-conversaciones-con-zaffaroni\/","title":{"rendered":"Derechos humanos y poder: conversaciones con Zaffaroni"},"content":{"rendered":"<p>La visita de Eugenio Ra\u00fal Zaffaroni a C\u00f3rdoba en agosto de 2015 se motiv\u00f3 en un homenaje a Juan Gelman que organiz\u00f3 Patricia C\u00f3ppola. Y fue en un escenario que el jurista cont\u00f3 historias relacionadas con su amigo el poeta. As\u00ed las cosas, se organizaron dos conferencias que se compilan en este texto, una en la Facultad de Derecho y otra en la Facultad de Filosof\u00eda y Humanidades, ambas de nuestra Universidad Nacional de C\u00f3rdoba.<\/p>\n<p>Este libro tambi\u00e9n incorpora una tercera conferencia de Zaffaroni ofrecida en C\u00f3rdoba en el a\u00f1o 2011, con motivo de la presentaci\u00f3n de la Revista Interferencia, que edit\u00f3 el Observatorio de Pr\u00e1cticas en Derechos Humanos y que, por los avatares de la vida universitaria, dej\u00f3 de editarse. En esa conferencia, desde una visi\u00f3n m\u00e1s criminol\u00f3gica, analiza la funci\u00f3n del chivo expiatorio en la historia de la cuesti\u00f3n criminal y el desaf\u00edo que les toca a las usinas del saber, es decir, a las universidades.<\/p>\n<p>En el art\u00edculo \u201cDerecho Penal, Criminolog\u00eda y los Muertos. Una introducci\u00f3n a Zaffaroni\u201d Lucas Crisafulli, realiza un an\u00e1lisis cr\u00edtico de su obra, introductorio para todo aquel p\u00fablico no especializado en el Derecho Penal y la Criminolog\u00eda, repasando los principales conceptos te\u00f3ricos. Tambi\u00e9n se incorpora a la publicaci\u00f3n el texto \u201cDerechos Humanos y Democracia\u201d de Patricia C\u00f3ppola, en el que plantea el desaf\u00edo de repensar los Derechos Humanos como forma de profundizar la democracia.<\/p>\n<p>De las entrevistas que le a Zaffaroni le hicieron en C\u00f3rdoba, eeste libro incluye dos de ellas. La primera la realiz\u00f3 Crisafulli en varios momentos de su estad\u00eda. La segunda la realizaron docentes y alumnos del Centro Educativo Complejo Esperanza para la Revista \u201cTumbando Rejas\u201d.<\/p>\n<p>\u201cDerechos Humanos y Poder. Conversaciones con Zaffaroni\u201d es una invitaci\u00f3n a una reflexi\u00f3n colectiva, a pensar el rumbo de nuestras democracias d\u00e9biles que producen ciudadan\u00edas de baja intensidad. Es un convite hacia el reconocimiento del Otro como forma urgente de coexistencia.<\/p>\n<p>Estas palabras, quiz\u00e1s como armas contra el olvido, contra la explotaci\u00f3n y el colonialismo, como herramientas de lucha, tambi\u00e9n son una invitaci\u00f3n a la acci\u00f3n, siempre colectiva, porque a diferencia de los privilegios &#8211; que son sin otros e incluso contra otros &#8211; los derechos son siempre con otros. All\u00ed puede radicar, quiz\u00e1s de modo algo pretencioso, el valor de este libro.<\/p>\n<p>&nbsp;<\/p>\n","protected":false},"excerpt":{"rendered":"<p>\u201cDerechos Humanos y Poder. Conversaciones con Zaffaroni\u201d es un libro que recoge dos art\u00edculos (uno de Lucas Crisafulli y otro de Patricia C\u00f3ppola), tres conferencias de Eugenio Ra\u00fal Zaffaroni, dos entrevistas con el jurista (una de Lucas Crisafulli\u00a0 y otra de docentes y alumnos del Centro Educativo Complejo Esperanza para la Revista \u201cTumbando Rejas\u201d) y como anexo recupera el <em>Acuerdo para una seguridad con derechos. <\/em>Como se anticipa en su pr\u00f3logo \u00abeste libro es una invitaci\u00f3n a una reflexi\u00f3n colectiva, a pensar el rumbo de nuestras democracias d\u00e9biles que producen ciudadan\u00edas de baja intensidad. Es un convite hacia el reconocimiento del Otro como forma urgente de coexistencia\u00bb.<\/p>\n","protected":false},"featured_media":1650,"comment_status":"closed","ping_status":"closed","template":"","meta":{"_acf_changed":false,"colormag_page_container_layout":"default_layout","colormag_page_sidebar_layout":"default_layout"},"product_brand":[],"product_cat":[1335,771],"product_tag":[1215,1230],"autor":[1449,708,1450,1451],"editor":[1452],"traductor":[],"compilador":[],"coordinador":[],"director":[],"class_list":{"0":"post-1651","1":"product","2":"type-product","3":"status-publish","4":"has-post-thumbnail","6":"product_cat-publicaciones-de-ddhh-y-genero","7":"product_cat-publicaciones-de-la-editorial-de-la-ffyh","8":"product_tag-derechos-humanos","9":"product_tag-poder","10":"autor-eugenio-raul-zaffaroni","11":"autor-lucas-crisafulli","12":"autor-patricia-coppola","13":"autor-tumbando-rejas","14":"editor-lucas-crisafulli","16":"first","17":"instock","18":"shipping-taxable","19":"purchasable","20":"product-type-simple"},"acf":[],"_links":{"self":[{"href":"https:\/\/ffyh.unc.edu.ar\/publicaciones\/wp-json\/wp\/v2\/product\/1651","targetHints":{"allow":["GET"]}}],"collection":[{"href":"https:\/\/ffyh.unc.edu.ar\/publicaciones\/wp-json\/wp\/v2\/product"}],"about":[{"href":"https:\/\/ffyh.unc.edu.ar\/publicaciones\/wp-json\/wp\/v2\/types\/product"}],"replies":[{"embeddable":true,"href":"https:\/\/ffyh.unc.edu.ar\/publicaciones\/wp-json\/wp\/v2\/comments?post=1651"}],"wp:featuredmedia":[{"embeddable":true,"href":"https:\/\/ffyh.unc.edu.ar\/publicaciones\/wp-json\/wp\/v2\/media\/1650"}],"wp:attachment":[{"href":"https:\/\/ffyh.unc.edu.ar\/publicaciones\/wp-json\/wp\/v2\/media?parent=1651"}],"wp:term":[{"taxonomy":"product_brand","embeddable":true,"href":"https:\/\/ffyh.unc.edu.ar\/publicaciones\/wp-json\/wp\/v2\/product_brand?post=1651"},{"taxonomy":"product_cat","embeddable":true,"href":"https:\/\/ffyh.unc.edu.ar\/publicaciones\/wp-json\/wp\/v2\/product_cat?post=1651"},{"taxonomy":"product_tag","embeddable":true,"href":"https:\/\/ffyh.unc.edu.ar\/publicaciones\/wp-json\/wp\/v2\/product_tag?post=1651"},{"taxonomy":"autor","embeddable":true,"href":"https:\/\/ffyh.unc.edu.ar\/publicaciones\/wp-json\/wp\/v2\/autor?post=1651"},{"taxonomy":"editor","embeddable":true,"href":"https:\/\/ffyh.unc.edu.ar\/publicaciones\/wp-json\/wp\/v2\/editor?post=1651"},{"taxonomy":"traductor","embeddable":true,"href":"https:\/\/ffyh.unc.edu.ar\/publicaciones\/wp-json\/wp\/v2\/traductor?post=1651"},{"taxonomy":"compilador","embeddable":true,"href":"https:\/\/ffyh.unc.edu.ar\/publicaciones\/wp-json\/wp\/v2\/compilador?post=1651"},{"taxonomy":"coordinador","embeddable":true,"href":"https:\/\/ffyh.unc.edu.ar\/publicaciones\/wp-json\/wp\/v2\/coordinador?post=1651"},{"taxonomy":"director","embeddable":true,"href":"https:\/\/ffyh.unc.edu.ar\/publicaciones\/wp-json\/wp\/v2\/director?post=1651"}],"curies":[{"name":"wp","href":"https:\/\/api.w.org\/{rel}","templated":true}]}}