{"id":1682,"date":"2022-04-01T18:19:32","date_gmt":"2022-04-01T21:19:32","guid":{"rendered":"https:\/\/ffyh.unc.edu.ar\/publicaciones\/?post_type=product&#038;p=1682"},"modified":"2022-04-01T18:19:35","modified_gmt":"2022-04-01T21:19:35","slug":"haciendo-cuerpos-gestion-de-vidas","status":"publish","type":"product","link":"https:\/\/ffyh.unc.edu.ar\/publicaciones\/tienda\/publicaciones-de-investigacion\/ciffyh\/colecciones-del-ciffyh\/haciendo-cuerpos-gestion-de-vidas\/","title":{"rendered":"Haciendo Cuerpos. Gesti\u00f3n de Vidas"},"content":{"rendered":"<p><i>Haciendo Cuerpos. Gesti\u00f3n de Vidas<\/i>\u00a0es el nombre de un seminario interdisciplinario de grado de la FFyH-UNC que se dict\u00f3 entre los a\u00f1os 2015 y 2018. El seminario se propon\u00eda generar una articulaci\u00f3n entre ense\u00f1anza e investigaci\u00f3n y se origin\u00f3 en el proceso de trabajo del equipo de investigaci\u00f3n del mismo nombre (SECyT-UNC) radicado en el Centro de Investigaciones Mar\u00eda Saleme de Burnichon (CIFFyH-FFyH-UNC).<\/p>\n<p>La propuesta del equipo docente, cuya conformaci\u00f3n fue siempre marcadamente interdisciplinaria, se concentr\u00f3 inicialmente en la indagaci\u00f3n de las potencialidades anal\u00edticas de la biopol\u00edtica foucaultiana, el pensamiento feminista y la teoria queer\/cuir para el abordaje de investigaciones situadas, prestando especial atenci\u00f3n a procesos locales. Temas y problemas que, en t\u00e9rminos generales, tienen en com\u00fan la pregunta por los cuerpos, entendidos siempre como cuerpos sexuados \u2013ya individuales, ya colectivos-, su materialidad, su discursividad y las narrativas que sobre ellos se construyen y\/o se imponen.<\/p>\n<p>Como sostienen sus editoras, este e-book es una pausa para reflexionar sobre el trabajo que estudiantes y docentes llevaron adelante en el marco del seminario y aspira a recuperar las discusiones que se fueron dando dentro de ese espacio, desbord\u00e1ndolo.<\/p>\n<p><i>Haciendo Cuerpos. Gesti\u00f3n de Vidas<\/i>\u00a0forma parte de las Colecciones del CIFFyH, una iniciativa del Centro de Investigaciones Mar\u00eda Saleme de Burnichon (FFyH) en vinculaci\u00f3n con el \u00c1rea de Publicaciones de la FFyH que busca fortalecer la producci\u00f3n y difusi\u00f3n del trabajo de los grupos de investigaci\u00f3n del Centro, fomentar la participaci\u00f3n en la producci\u00f3n y circulaci\u00f3n del conocimiento de estudiantes, egresados\/as y docentes, y generar espacios institucionales que habiliten dicha circulaci\u00f3n.<\/p>\n<p>&nbsp;<\/p>\n","protected":false},"excerpt":{"rendered":"<p>El libro digital editado por Mar\u00eda Bella, Eugenia Celis, Liliana Pereyra, Florencia Ravarotto K\u00f6hler y emma song, re\u00fane las discusiones que estudiantes y docentes mantuvieron en el marco de las m\u00faltiples ediciones del seminario interdisciplinario del CIFFyH Haciendo Cuerpos. Gesti\u00f3n de Vidas.<\/p>\n","protected":false},"featured_media":1670,"comment_status":"closed","ping_status":"closed","template":"","meta":{"_acf_changed":false,"colormag_page_container_layout":"default_layout","colormag_page_sidebar_layout":"default_layout"},"product_brand":[],"product_cat":[31,1335],"product_tag":[1457,1456],"autor":[1464,510,1115,1461,1468,1467,1470,507,1459,1465,1460,1458,1466,431,1469,1463,1471,1462],"editor":[1476,1473,1475,1474,1472],"traductor":[],"compilador":[],"coordinador":[],"director":[],"class_list":{"0":"post-1682","1":"product","2":"type-product","3":"status-publish","4":"has-post-thumbnail","6":"product_cat-colecciones-del-ciffyh","7":"product_cat-publicaciones-de-ddhh-y-genero","8":"product_tag-estudios-de-genero","9":"product_tag-sexualidad","10":"autor-alberto-beto-canseco","11":"autor-ana-julia-crosa","12":"autor-emma-song","13":"autor-eugenia-celis","14":"autor-florencia-ravarotto-kohler","15":"autor-juan-manuel-burgos","16":"autor-karla-torres","17":"autor-liliana-pereyra","18":"autor-lucia-busquier","19":"autor-macarena-murugarren","20":"autor-maria-bella","21":"autor-maria-ines-landa","22":"autor-maria-luz-gomez","23":"autor-mariana-cruz","24":"autor-nicolas-aravena","25":"autor-ramiro-galarraga","26":"autor-sofia-gerber","27":"autor-virginia-heredia","28":"editor-emma-song","29":"editor-eugenia-celis","30":"editor-florencia-ravarotto-kohler","31":"editor-liliana-pereyra","32":"editor-maria-bella","34":"first","35":"instock","36":"shipping-taxable","37":"product-type-external"},"acf":[],"_links":{"self":[{"href":"https:\/\/ffyh.unc.edu.ar\/publicaciones\/wp-json\/wp\/v2\/product\/1682","targetHints":{"allow":["GET"]}}],"collection":[{"href":"https:\/\/ffyh.unc.edu.ar\/publicaciones\/wp-json\/wp\/v2\/product"}],"about":[{"href":"https:\/\/ffyh.unc.edu.ar\/publicaciones\/wp-json\/wp\/v2\/types\/product"}],"replies":[{"embeddable":true,"href":"https:\/\/ffyh.unc.edu.ar\/publicaciones\/wp-json\/wp\/v2\/comments?post=1682"}],"wp:featuredmedia":[{"embeddable":true,"href":"https:\/\/ffyh.unc.edu.ar\/publicaciones\/wp-json\/wp\/v2\/media\/1670"}],"wp:attachment":[{"href":"https:\/\/ffyh.unc.edu.ar\/publicaciones\/wp-json\/wp\/v2\/media?parent=1682"}],"wp:term":[{"taxonomy":"product_brand","embeddable":true,"href":"https:\/\/ffyh.unc.edu.ar\/publicaciones\/wp-json\/wp\/v2\/product_brand?post=1682"},{"taxonomy":"product_cat","embeddable":true,"href":"https:\/\/ffyh.unc.edu.ar\/publicaciones\/wp-json\/wp\/v2\/product_cat?post=1682"},{"taxonomy":"product_tag","embeddable":true,"href":"https:\/\/ffyh.unc.edu.ar\/publicaciones\/wp-json\/wp\/v2\/product_tag?post=1682"},{"taxonomy":"autor","embeddable":true,"href":"https:\/\/ffyh.unc.edu.ar\/publicaciones\/wp-json\/wp\/v2\/autor?post=1682"},{"taxonomy":"editor","embeddable":true,"href":"https:\/\/ffyh.unc.edu.ar\/publicaciones\/wp-json\/wp\/v2\/editor?post=1682"},{"taxonomy":"traductor","embeddable":true,"href":"https:\/\/ffyh.unc.edu.ar\/publicaciones\/wp-json\/wp\/v2\/traductor?post=1682"},{"taxonomy":"compilador","embeddable":true,"href":"https:\/\/ffyh.unc.edu.ar\/publicaciones\/wp-json\/wp\/v2\/compilador?post=1682"},{"taxonomy":"coordinador","embeddable":true,"href":"https:\/\/ffyh.unc.edu.ar\/publicaciones\/wp-json\/wp\/v2\/coordinador?post=1682"},{"taxonomy":"director","embeddable":true,"href":"https:\/\/ffyh.unc.edu.ar\/publicaciones\/wp-json\/wp\/v2\/director?post=1682"}],"curies":[{"name":"wp","href":"https:\/\/api.w.org\/{rel}","templated":true}]}}