{"id":1690,"date":"2022-04-08T09:17:05","date_gmt":"2022-04-08T12:17:05","guid":{"rendered":"https:\/\/ffyh.unc.edu.ar\/publicaciones\/?post_type=product&#038;p=1690"},"modified":"2022-04-08T09:17:06","modified_gmt":"2022-04-08T12:17:06","slug":"habitar-la-ciudad-aproximaciones-etnograficas-a-los-procesos-sociales-urbanos-las-politicas-publicas-y-el-mercado-inmobiliario","status":"publish","type":"product","link":"https:\/\/ffyh.unc.edu.ar\/publicaciones\/tienda\/publicaciones-de-investigacion\/ciffyh\/colecciones-del-ciffyh\/habitar-la-ciudad-aproximaciones-etnograficas-a-los-procesos-sociales-urbanos-las-politicas-publicas-y-el-mercado-inmobiliario\/","title":{"rendered":"Habitar la ciudad. Aproximaciones etnogr\u00e1ficas a los procesos sociales urbanos, las pol\u00edticas p\u00fablicas y el mercado inmobiliario"},"content":{"rendered":"<p>Este libro re\u00fane escritos in\u00e9ditos de lxs integrantes del equipo de investigaci\u00f3n\u00a0<i>Vivir en ciudades: Procesos sociales urbanos y estrategias habitacionales en tiempos neoliberales. C\u00f3rdoba en el siglo XXI<\/i>, radicado en el Centro de Investigaciones \u201cMar\u00eda Saleme de Burnichon\u201d de la Facultad de Filosof\u00eda y Humanidades (CIFFyH).<\/p>\n<p>Algunos de los textos que este libro re\u00fane presentan los trabajos finales de licenciatura cursadas en la Facultad de Filosof\u00eda y Humanidades de la Universidad Nacional de C\u00f3rdoba. Otros, en cambio, resultan de las primeras aproximaciones a problemas de investigaci\u00f3n, de reflexiones en torno al trabajo de campo, o responden a b\u00fasquedas te\u00f3ricas e interrogantes muy incipientes. No obstante, todos comparten la mirada hacia la cotidianeidad de la vida urbana en sus m\u00faltiples facetas y manifestaciones.<\/p>\n<p>En el e-book, lxs autorxs piensan sus tem\u00e1ticas y construyen sus problemas de investigaci\u00f3n en clave de procesos y relaciones que configuran el habitar las ciudades como C\u00f3rdoba y La Habana. El prop\u00f3sito de esta publicaci\u00f3n es precisamente advertir la heterogeneidad de las formas de sociabilidad y pr\u00e1cticas sociales a partir del reconocimiento de las tensiones y disputas que se dirimen en las tramas urbanas.<\/p>\n<p><i>Habitar la ciudad. Aproximaciones etnogr\u00e1ficas a los procesos sociales urbanos, las pol\u00edticas p\u00fablicas y el mercado inmobiliario<\/i>\u00a0forma parte de las Colecciones del CIFFyH, una iniciativa del Centro de Investigaciones Mar\u00eda Saleme de Burnichon (FFyH)\u00a0que busca\u00a0fortalecer la producci\u00f3n y difusi\u00f3n del trabajo de los grupos de investigaci\u00f3n del Centro, fomentar la participaci\u00f3n en la producci\u00f3n y circulaci\u00f3n del conocimiento de estudiantes, egresadxs y docentes, y generar espacios institucionales que habiliten dicha circulaci\u00f3n.<\/p>\n","protected":false},"excerpt":{"rendered":"<p><em>Habitar la ciudad. Aproximaciones etnogr\u00e1ficas a los procesos sociales urbanos, las pol\u00edticas p\u00fablicas y el mercado inmobiliario <\/em>re\u00fane escritos in\u00e9ditos de lxs integrantes del equipo de investigaci\u00f3n <i>Vivir en ciudades: Procesos sociales urbanos y estrategias habitacionales en tiempos neoliberales. C\u00f3rdoba en el siglo XXI<\/i>, radicado en el Centro de Investigaciones \u201cMar\u00eda Saleme de Burnichon\u201d de la Facultad de Filosof\u00eda y Humanidades (CIFFyH).<\/p>\n","protected":false},"featured_media":1686,"comment_status":"closed","ping_status":"closed","template":"","meta":{"_acf_changed":false,"colormag_page_container_layout":"default_layout","colormag_page_sidebar_layout":"default_layout"},"product_brand":[],"product_cat":[31,27],"product_tag":[1478,1477,1479],"autor":[1486,1488,1485,1484,1480,1487,1483,1359,1482,1481],"editor":[],"traductor":[],"compilador":[1490,1489],"coordinador":[],"director":[],"class_list":{"0":"post-1690","1":"product","2":"type-product","3":"status-publish","4":"has-post-thumbnail","6":"product_cat-colecciones-del-ciffyh","7":"product_cat-publicaciones-de-investigacion","8":"product_tag-antropologia-urbana","9":"product_tag-mercado-inmobiliario","10":"product_tag-politicas-publicas","11":"autor-andres-edgardo-mazzeo","12":"autor-camila-pilatti","13":"autor-camilo-martinez-garcia","14":"autor-carolina-cecilia-marchetti","15":"autor-lazaro-manuel-aleman","16":"autor-lucia-page","17":"autor-maria-debarnot","18":"autor-maria-victoria-diaz-marengo","19":"autor-nicolas-mauricio-carangi","20":"autor-silvia-attwood","21":"compilador-julieta-capdevielle","22":"compilador-miriam-abate-daga","24":"first","25":"instock","26":"shipping-taxable","27":"product-type-external"},"acf":[],"_links":{"self":[{"href":"https:\/\/ffyh.unc.edu.ar\/publicaciones\/wp-json\/wp\/v2\/product\/1690","targetHints":{"allow":["GET"]}}],"collection":[{"href":"https:\/\/ffyh.unc.edu.ar\/publicaciones\/wp-json\/wp\/v2\/product"}],"about":[{"href":"https:\/\/ffyh.unc.edu.ar\/publicaciones\/wp-json\/wp\/v2\/types\/product"}],"replies":[{"embeddable":true,"href":"https:\/\/ffyh.unc.edu.ar\/publicaciones\/wp-json\/wp\/v2\/comments?post=1690"}],"wp:featuredmedia":[{"embeddable":true,"href":"https:\/\/ffyh.unc.edu.ar\/publicaciones\/wp-json\/wp\/v2\/media\/1686"}],"wp:attachment":[{"href":"https:\/\/ffyh.unc.edu.ar\/publicaciones\/wp-json\/wp\/v2\/media?parent=1690"}],"wp:term":[{"taxonomy":"product_brand","embeddable":true,"href":"https:\/\/ffyh.unc.edu.ar\/publicaciones\/wp-json\/wp\/v2\/product_brand?post=1690"},{"taxonomy":"product_cat","embeddable":true,"href":"https:\/\/ffyh.unc.edu.ar\/publicaciones\/wp-json\/wp\/v2\/product_cat?post=1690"},{"taxonomy":"product_tag","embeddable":true,"href":"https:\/\/ffyh.unc.edu.ar\/publicaciones\/wp-json\/wp\/v2\/product_tag?post=1690"},{"taxonomy":"autor","embeddable":true,"href":"https:\/\/ffyh.unc.edu.ar\/publicaciones\/wp-json\/wp\/v2\/autor?post=1690"},{"taxonomy":"editor","embeddable":true,"href":"https:\/\/ffyh.unc.edu.ar\/publicaciones\/wp-json\/wp\/v2\/editor?post=1690"},{"taxonomy":"traductor","embeddable":true,"href":"https:\/\/ffyh.unc.edu.ar\/publicaciones\/wp-json\/wp\/v2\/traductor?post=1690"},{"taxonomy":"compilador","embeddable":true,"href":"https:\/\/ffyh.unc.edu.ar\/publicaciones\/wp-json\/wp\/v2\/compilador?post=1690"},{"taxonomy":"coordinador","embeddable":true,"href":"https:\/\/ffyh.unc.edu.ar\/publicaciones\/wp-json\/wp\/v2\/coordinador?post=1690"},{"taxonomy":"director","embeddable":true,"href":"https:\/\/ffyh.unc.edu.ar\/publicaciones\/wp-json\/wp\/v2\/director?post=1690"}],"curies":[{"name":"wp","href":"https:\/\/api.w.org\/{rel}","templated":true}]}}