{"id":1701,"date":"2022-04-11T12:04:20","date_gmt":"2022-04-11T15:04:20","guid":{"rendered":"https:\/\/ffyh.unc.edu.ar\/publicaciones\/?post_type=product&#038;p=1701"},"modified":"2022-04-11T12:04:22","modified_gmt":"2022-04-11T15:04:22","slug":"filosofia-de-la-ciencia-por-jovenes-investigadores-vol-2","status":"publish","type":"product","link":"https:\/\/ffyh.unc.edu.ar\/publicaciones\/tienda\/publicaciones-de-investigacion\/ciffyh\/colecciones-del-ciffyh\/filosofia-de-la-ciencia-por-jovenes-investigadores-vol-2\/","title":{"rendered":"Filosof\u00eda de la Ciencia por J\u00f3venes Investigadores vol. 2"},"content":{"rendered":"<p>El segundo volumen de\u00a0<i>Filosof\u00eda de la ciencia por J\u00f3venes Investigadores<\/i>\u00a0re\u00fane una selecci\u00f3n de art\u00edculos y comentarios presentados en las 2das Jornadas de J\u00f3venes Investigadores en Filosof\u00eda de la Ciencia, realizadas virtualmente los d\u00edas 27, 28 y 29 de octubre del a\u00f1o 2020 y organizadas por el grupo \u201cModelar, simular y experimentar: un an\u00e1lisis epistemol\u00f3gico desde las pr\u00e1cticas cient\u00edficas\u201d (SECyT) radicado en el Centro de investigaciones Mar\u00eda Saleme de Burnichon (FFyH, UNC).<\/p>\n<p>Luego del primer volumen de este libro publicado en las Colecciones del CIFFyH en agosto de 2020, llega esta segunda edici\u00f3n que, al igual que la anterior, recupera art\u00edculos y comentarios resultado del trabajo de j\u00f3venes investigadorxs del CIFFyH y de otros centros de investigaci\u00f3n, los cuales reflejan el prop\u00f3sito pol\u00edtico-acad\u00e9mico de las Jornadas: promover, entre y para j\u00f3venes, la producci\u00f3n filos\u00f3fica local acerca de discusiones situadas en el vasto campo de la filosof\u00eda de la ciencia y disciplinas afines. Adem\u00e1s, estas producciones apuestan a fortalecer la construcci\u00f3n de conocimiento en este campo, ampliando los horizontes de las problem\u00e1ticas y temas de investigaci\u00f3n que se abordan en el volumen.<\/p>\n<p>En ese sentido, esta edici\u00f3n ha tenido como finalidad promover la discusi\u00f3n en el \u00e1mbito de la filosof\u00eda de la ciencia, desde y para j\u00f3venes investigadorxs y responde a la voluntad de consolidar nuestra comunidad, fortaleciendo la producci\u00f3n local. Ampliar el espectro de discusi\u00f3n posibilita trazar nuevos di\u00e1logos entre campos que a\u00fan hoy no son tan cercanos como podr\u00edan.<\/p>\n<p><i>Filosof\u00eda de la Ciencia por J\u00f3venes Investigadores vol. 2<\/i>\u00a0forma parte de las Colecciones del CIFFyH, una iniciativa del Centro de Investigaciones Mar\u00eda Saleme de Burnichon (FFyH) en vinculaci\u00f3n con el \u00c1rea de Publicaciones, que busca fortalecer la producci\u00f3n y difusi\u00f3n del trabajo de los grupos de investigaci\u00f3n del Centro, fomentar la participaci\u00f3n en la producci\u00f3n y circulaci\u00f3n del conocimiento de estudiantes, egresados\/as y docentes, y generar espacios institucionales que habiliten dicha circulaci\u00f3n.<\/p>\n","protected":false},"excerpt":{"rendered":"<p>El libro digital editado por Mar\u00eda Paula Buteler, Ignacio Heredia, Santiago Marengo y Sof\u00eda Mondaca, recupera art\u00edculos y comentarios presentados en las 2das. Jornadas de J\u00f3venes Investigadores en Filosof\u00eda de la Ciencia llevadas a cabo en octubre de 2020.<\/p>\n","protected":false},"featured_media":1694,"comment_status":"closed","ping_status":"closed","template":"","meta":{"_acf_changed":false,"colormag_page_container_layout":"default_layout","colormag_page_sidebar_layout":"default_layout"},"product_brand":[],"product_cat":[31,27],"product_tag":[1210,1211],"autor":[112,1502,119,109,1506,1492,1491,1501,1503,139,916,106,1505,1497,118,1498,111,121,110,1496,1494,116,1507,138,1495,123,182,1499,1493,120,1504,122,127,1500,117],"editor":[128,1508,1509,130],"traductor":[],"compilador":[],"coordinador":[],"director":[],"class_list":{"0":"post-1701","1":"product","2":"type-product","3":"status-publish","4":"has-post-thumbnail","6":"product_cat-colecciones-del-ciffyh","7":"product_cat-publicaciones-de-investigacion","8":"product_tag-filosofia-de-la-ciencia","9":"product_tag-jovenes-investigadores","10":"autor-agustin-mauro","11":"autor-alejandro-gracia-di-rienzo","12":"autor-andres-ilcic","13":"autor-augusto-rattini","14":"autor-dolores-pezzani","15":"autor-elias-morales","16":"autor-fiamma-cardinaux","17":"autor-fiorela-alassia","18":"autor-german-arroyo","19":"autor-guadalupe-quinoa","20":"autor-hector-horacio-gervan","21":"autor-ignacio-heredia","22":"autor-jose-giromini","23":"autor-julian-arriaga","24":"autor-julian-reynoso","25":"autor-leonardo-bloise","26":"autor-lucia-cespedes","27":"autor-maria-fissore","28":"autor-maria-paula-buteler","29":"autor-mariana-holzman","30":"autor-mariano-gordillo","31":"autor-martina-schilling","32":"autor-maximiliano-chirino","33":"autor-mercedes-barquin","34":"autor-nicolas-pohl","35":"autor-nicolas-sanchez","36":"autor-pablo-ruiz-lezcano","37":"autor-romina-ines-pogliani","38":"autor-santiago-demarco","39":"autor-santiago-marengo","40":"autor-santiago-slednew","41":"autor-sofia-mondaca","42":"autor-tamara-nizetich","43":"autor-tatiana-balbontin-beltran","44":"autor-xavier-huvelle","45":"editor-ignacio-heredia","46":"editor-maria-paula-buteler","47":"editor-santiago-marengo","48":"editor-sofia-mondaca","50":"first","51":"instock","52":"shipping-taxable","53":"product-type-external"},"acf":[],"_links":{"self":[{"href":"https:\/\/ffyh.unc.edu.ar\/publicaciones\/wp-json\/wp\/v2\/product\/1701","targetHints":{"allow":["GET"]}}],"collection":[{"href":"https:\/\/ffyh.unc.edu.ar\/publicaciones\/wp-json\/wp\/v2\/product"}],"about":[{"href":"https:\/\/ffyh.unc.edu.ar\/publicaciones\/wp-json\/wp\/v2\/types\/product"}],"replies":[{"embeddable":true,"href":"https:\/\/ffyh.unc.edu.ar\/publicaciones\/wp-json\/wp\/v2\/comments?post=1701"}],"wp:featuredmedia":[{"embeddable":true,"href":"https:\/\/ffyh.unc.edu.ar\/publicaciones\/wp-json\/wp\/v2\/media\/1694"}],"wp:attachment":[{"href":"https:\/\/ffyh.unc.edu.ar\/publicaciones\/wp-json\/wp\/v2\/media?parent=1701"}],"wp:term":[{"taxonomy":"product_brand","embeddable":true,"href":"https:\/\/ffyh.unc.edu.ar\/publicaciones\/wp-json\/wp\/v2\/product_brand?post=1701"},{"taxonomy":"product_cat","embeddable":true,"href":"https:\/\/ffyh.unc.edu.ar\/publicaciones\/wp-json\/wp\/v2\/product_cat?post=1701"},{"taxonomy":"product_tag","embeddable":true,"href":"https:\/\/ffyh.unc.edu.ar\/publicaciones\/wp-json\/wp\/v2\/product_tag?post=1701"},{"taxonomy":"autor","embeddable":true,"href":"https:\/\/ffyh.unc.edu.ar\/publicaciones\/wp-json\/wp\/v2\/autor?post=1701"},{"taxonomy":"editor","embeddable":true,"href":"https:\/\/ffyh.unc.edu.ar\/publicaciones\/wp-json\/wp\/v2\/editor?post=1701"},{"taxonomy":"traductor","embeddable":true,"href":"https:\/\/ffyh.unc.edu.ar\/publicaciones\/wp-json\/wp\/v2\/traductor?post=1701"},{"taxonomy":"compilador","embeddable":true,"href":"https:\/\/ffyh.unc.edu.ar\/publicaciones\/wp-json\/wp\/v2\/compilador?post=1701"},{"taxonomy":"coordinador","embeddable":true,"href":"https:\/\/ffyh.unc.edu.ar\/publicaciones\/wp-json\/wp\/v2\/coordinador?post=1701"},{"taxonomy":"director","embeddable":true,"href":"https:\/\/ffyh.unc.edu.ar\/publicaciones\/wp-json\/wp\/v2\/director?post=1701"}],"curies":[{"name":"wp","href":"https:\/\/api.w.org\/{rel}","templated":true}]}}