{"id":1731,"date":"2013-04-27T19:06:18","date_gmt":"2013-04-27T22:06:18","guid":{"rendered":"https:\/\/ffyh.unc.edu.ar\/publicaciones\/?post_type=product&#038;p=1731"},"modified":"2022-04-27T19:14:12","modified_gmt":"2022-04-27T22:14:12","slug":"dialogismo-e-intertextualidad-en-la-obra-de-remo-bianchedi-y-su-contexto-institucional","status":"publish","type":"product","link":"https:\/\/ffyh.unc.edu.ar\/publicaciones\/tienda\/publicaciones-de-investigacion\/seicyt-posgrado\/tesis\/dialogismo-e-intertextualidad-en-la-obra-de-remo-bianchedi-y-su-contexto-institucional\/","title":{"rendered":"Dialogismo e intertextualidad en la obra de Remo Bianchedi y su contexto institucional"},"content":{"rendered":"<p>En este e-book Fabiola Precilla analiza ciertas categor\u00edas y perspectivas te\u00f3ricas acerca del problema de la imagen visual y de la obra de arte en la dimensi\u00f3n de la semi\u00f3tica de la cultura. Para ello aplica elementos que provienen de un conjunto de teor\u00edas textuales -Bajt\u00edn (1997), Bajt\u00edn &amp; Voloshinov (1976), Calabrese (1993), Bourdieu (1988, 1990, 1995, 2003) y Ver\u00f3n (1998)- a las acciones, productos y pr\u00e1cticas de un contexto art\u00edstico de las artes visuales en Argentina en general y del artista en particular, atendiendo a las dimensiones y a la complejidad de tales manifestaciones art\u00edsticas y sus superficies significantes, considerando las obras como objetos te\u00f3ricos, dotados de medios metasemi\u00f3ticos.<\/p>\n<p>Cuesti\u00f3n que le permite a la autora realizar simult\u00e1neamente un an\u00e1lisis historiogr\u00e1fico de ciertos referentes po\u00e9ticos, filos\u00f3ficos, de la teor\u00eda critica de la modernidad: Rimbaud, Wittgenstein, Benjamin y de las artes visuales modernas: de la vanguardia hist\u00f3rica y la neovanguardia: Duchamp, Beuys, et al.- . Y de c\u00f3mo el artista -Bianchedi- se reapropia de estos legados en clave dial\u00f3gica, intertextual y aleg\u00f3rica &#8211; Brea (1991), Buchloh (2004)- empleando procedimientos po\u00e9ticos caracter\u00edsticos de la contemporaneidad o edad neobarroca (Calabrese).<\/p>\n<p>El libro analiza adem\u00e1s de la producci\u00f3n pl\u00e1stica y literaria del autor, su contexto institucional, y con esto la autora se refiere a la Fundaci\u00f3n Nautilius, en el campo de las formaciones (Williams) art\u00edsticas emergentes durante la Crisis Argentina del 2001. As\u00ed mismo, este trabajo realiza un aporte epist\u00e9mico-metodol\u00f3gico, al tomar la obra: El Gran Vidrio. La Novia puesta al desnudo por sus solteros, incluso (Duchamp, 1915-1923) como modelo topogr\u00e1fico de la investigaci\u00f3n<\/p>\n","protected":false},"excerpt":{"rendered":"<p><em>Dialogismo e intertextualidad en la obra de Remo Bianchedi y su contexto institucional<\/em> analiza ciertas categor\u00edas y perspectivas te\u00f3ricas acerca del problema de la imagen visual y de la obra de arte en la dimensi\u00f3n de la semi\u00f3tica de la cultura.<\/p>\n","protected":false},"featured_media":1727,"comment_status":"closed","ping_status":"closed","template":"","meta":{"_acf_changed":false,"colormag_page_container_layout":"default_layout","colormag_page_sidebar_layout":"default_layout"},"product_brand":[],"product_cat":[36,37],"product_tag":[1513,1204,1514],"autor":[1515],"editor":[],"traductor":[],"compilador":[],"coordinador":[],"director":[],"class_list":{"0":"post-1731","1":"product","2":"type-product","3":"status-publish","4":"has-post-thumbnail","6":"product_cat-seicyt-posgrado","7":"product_cat-tesis","8":"product_tag-arte","9":"product_tag-estudios-culturales","10":"product_tag-intertextualidad","11":"autor-fabiola-de-la-precilla","13":"first","14":"instock","15":"shipping-taxable","16":"product-type-external"},"acf":[],"_links":{"self":[{"href":"https:\/\/ffyh.unc.edu.ar\/publicaciones\/wp-json\/wp\/v2\/product\/1731","targetHints":{"allow":["GET"]}}],"collection":[{"href":"https:\/\/ffyh.unc.edu.ar\/publicaciones\/wp-json\/wp\/v2\/product"}],"about":[{"href":"https:\/\/ffyh.unc.edu.ar\/publicaciones\/wp-json\/wp\/v2\/types\/product"}],"replies":[{"embeddable":true,"href":"https:\/\/ffyh.unc.edu.ar\/publicaciones\/wp-json\/wp\/v2\/comments?post=1731"}],"wp:featuredmedia":[{"embeddable":true,"href":"https:\/\/ffyh.unc.edu.ar\/publicaciones\/wp-json\/wp\/v2\/media\/1727"}],"wp:attachment":[{"href":"https:\/\/ffyh.unc.edu.ar\/publicaciones\/wp-json\/wp\/v2\/media?parent=1731"}],"wp:term":[{"taxonomy":"product_brand","embeddable":true,"href":"https:\/\/ffyh.unc.edu.ar\/publicaciones\/wp-json\/wp\/v2\/product_brand?post=1731"},{"taxonomy":"product_cat","embeddable":true,"href":"https:\/\/ffyh.unc.edu.ar\/publicaciones\/wp-json\/wp\/v2\/product_cat?post=1731"},{"taxonomy":"product_tag","embeddable":true,"href":"https:\/\/ffyh.unc.edu.ar\/publicaciones\/wp-json\/wp\/v2\/product_tag?post=1731"},{"taxonomy":"autor","embeddable":true,"href":"https:\/\/ffyh.unc.edu.ar\/publicaciones\/wp-json\/wp\/v2\/autor?post=1731"},{"taxonomy":"editor","embeddable":true,"href":"https:\/\/ffyh.unc.edu.ar\/publicaciones\/wp-json\/wp\/v2\/editor?post=1731"},{"taxonomy":"traductor","embeddable":true,"href":"https:\/\/ffyh.unc.edu.ar\/publicaciones\/wp-json\/wp\/v2\/traductor?post=1731"},{"taxonomy":"compilador","embeddable":true,"href":"https:\/\/ffyh.unc.edu.ar\/publicaciones\/wp-json\/wp\/v2\/compilador?post=1731"},{"taxonomy":"coordinador","embeddable":true,"href":"https:\/\/ffyh.unc.edu.ar\/publicaciones\/wp-json\/wp\/v2\/coordinador?post=1731"},{"taxonomy":"director","embeddable":true,"href":"https:\/\/ffyh.unc.edu.ar\/publicaciones\/wp-json\/wp\/v2\/director?post=1731"}],"curies":[{"name":"wp","href":"https:\/\/api.w.org\/{rel}","templated":true}]}}