{"id":1735,"date":"2016-04-27T19:17:36","date_gmt":"2016-04-27T22:17:36","guid":{"rendered":"https:\/\/ffyh.unc.edu.ar\/publicaciones\/?post_type=product&#038;p=1735"},"modified":"2022-04-27T19:32:43","modified_gmt":"2022-04-27T22:32:43","slug":"%ef%82%a7de-la-responsabilidad-por-el-otro-hombre-a-la-responsabilidad-por-el-mundo-en-la-obra-de-emmanuel-levinas","status":"publish","type":"product","link":"https:\/\/ffyh.unc.edu.ar\/publicaciones\/tienda\/publicaciones-de-investigacion\/seicyt-posgrado\/tesis\/%ef%82%a7de-la-responsabilidad-por-el-otro-hombre-a-la-responsabilidad-por-el-mundo-en-la-obra-de-emmanuel-levinas\/","title":{"rendered":"De la responsabilidad por el otro hombre a la responsabilidad por el mundo en la obra de Emmanuel Levinas"},"content":{"rendered":"<p>El contundente deterioro actual del mundo natural pone en jaque nuestros modos habituales de obrar y, sobre todo, de represent\u00e1rnoslo. El problema de c\u00f3mo concebirlo a fin de relacionarnos \u00e9ticamente con \u00e9l, es decir, sin violentarlo, ha movilizado la investigaci\u00f3n que se plasma en este e-book.<\/p>\n<p>La misma hace foco no s\u00f3lo en algunos de los temas m\u00e1s dilectos del pensamiento levinasiano, esto es, la alteridad, la separaci\u00f3n y el rostro, sino que tambi\u00e9n ha propuesto otra lectura de su \u00e9tica exclusivamente intersubjetiva. De la mano de quien fuera un maestro intelectual suyo (Franz Rosenzweig), pretende cruzar una puerta que, nos parece, Levinas dej\u00f3 entreabierta y que brinda la posibilidad para fundamentar una \u00e9tica inclusiva de la naturaleza.<\/p>\n<p>En contra y m\u00e1s all\u00e1 de las afirmaciones del mismo Levinas, este libro sostienen que el mundo natural es absolutamente otro, que se encuentra absolutamente separado frente al sujeto encarnado que habita en \u00e9l, que tiene un rostro propio en el cual expresa su propia vulnerabilidad y, por ende, tambi\u00e9n exige responsabilidad por parte del ser humano.<\/p>\n","protected":false},"excerpt":{"rendered":"<p>El contundente deterioro actual del mundo natural pone en jaque nuestros modos habituales de obrar y, sobre todo, de represent\u00e1rnoslo. El problema de c\u00f3mo concebirlo a fin de relacionarnos \u00e9ticamente con \u00e9l, es decir, sin violentarlo, ha movilizado la investigaci\u00f3n que se plasma en este e-book cuya autora es Mar\u00eda Soledad Ale.<\/p>\n","protected":false},"featured_media":1734,"comment_status":"closed","ping_status":"closed","template":"","meta":{"_acf_changed":false,"colormag_page_container_layout":"default_layout","colormag_page_sidebar_layout":"default_layout"},"product_brand":[],"product_cat":[36,37],"product_tag":[1107],"autor":[1516],"editor":[],"traductor":[],"compilador":[],"coordinador":[],"director":[],"class_list":{"0":"post-1735","1":"product","2":"type-product","3":"status-publish","4":"has-post-thumbnail","6":"product_cat-seicyt-posgrado","7":"product_cat-tesis","8":"product_tag-filosofia","9":"autor-maria-soledad-ale","11":"first","12":"instock","13":"shipping-taxable","14":"product-type-external"},"acf":[],"_links":{"self":[{"href":"https:\/\/ffyh.unc.edu.ar\/publicaciones\/wp-json\/wp\/v2\/product\/1735","targetHints":{"allow":["GET"]}}],"collection":[{"href":"https:\/\/ffyh.unc.edu.ar\/publicaciones\/wp-json\/wp\/v2\/product"}],"about":[{"href":"https:\/\/ffyh.unc.edu.ar\/publicaciones\/wp-json\/wp\/v2\/types\/product"}],"replies":[{"embeddable":true,"href":"https:\/\/ffyh.unc.edu.ar\/publicaciones\/wp-json\/wp\/v2\/comments?post=1735"}],"wp:featuredmedia":[{"embeddable":true,"href":"https:\/\/ffyh.unc.edu.ar\/publicaciones\/wp-json\/wp\/v2\/media\/1734"}],"wp:attachment":[{"href":"https:\/\/ffyh.unc.edu.ar\/publicaciones\/wp-json\/wp\/v2\/media?parent=1735"}],"wp:term":[{"taxonomy":"product_brand","embeddable":true,"href":"https:\/\/ffyh.unc.edu.ar\/publicaciones\/wp-json\/wp\/v2\/product_brand?post=1735"},{"taxonomy":"product_cat","embeddable":true,"href":"https:\/\/ffyh.unc.edu.ar\/publicaciones\/wp-json\/wp\/v2\/product_cat?post=1735"},{"taxonomy":"product_tag","embeddable":true,"href":"https:\/\/ffyh.unc.edu.ar\/publicaciones\/wp-json\/wp\/v2\/product_tag?post=1735"},{"taxonomy":"autor","embeddable":true,"href":"https:\/\/ffyh.unc.edu.ar\/publicaciones\/wp-json\/wp\/v2\/autor?post=1735"},{"taxonomy":"editor","embeddable":true,"href":"https:\/\/ffyh.unc.edu.ar\/publicaciones\/wp-json\/wp\/v2\/editor?post=1735"},{"taxonomy":"traductor","embeddable":true,"href":"https:\/\/ffyh.unc.edu.ar\/publicaciones\/wp-json\/wp\/v2\/traductor?post=1735"},{"taxonomy":"compilador","embeddable":true,"href":"https:\/\/ffyh.unc.edu.ar\/publicaciones\/wp-json\/wp\/v2\/compilador?post=1735"},{"taxonomy":"coordinador","embeddable":true,"href":"https:\/\/ffyh.unc.edu.ar\/publicaciones\/wp-json\/wp\/v2\/coordinador?post=1735"},{"taxonomy":"director","embeddable":true,"href":"https:\/\/ffyh.unc.edu.ar\/publicaciones\/wp-json\/wp\/v2\/director?post=1735"}],"curies":[{"name":"wp","href":"https:\/\/api.w.org\/{rel}","templated":true}]}}