{"id":1746,"date":"2013-04-27T19:41:37","date_gmt":"2013-04-27T22:41:37","guid":{"rendered":"https:\/\/ffyh.unc.edu.ar\/publicaciones\/?post_type=product&#038;p=1746"},"modified":"2022-04-27T19:45:21","modified_gmt":"2022-04-27T22:45:21","slug":"estetica-pura-contribucion-al-sistema-del-materialismo-absoluto","status":"publish","type":"product","link":"https:\/\/ffyh.unc.edu.ar\/publicaciones\/tienda\/publicaciones-de-investigacion\/seicyt-posgrado\/tesis\/estetica-pura-contribucion-al-sistema-del-materialismo-absoluto\/","title":{"rendered":"Est\u00e9tica pura. Contribuci\u00f3n al sistema del materialismo absoluto"},"content":{"rendered":"<p>La investigaci\u00f3n que se desarrolla en esta obra propone la determinaci\u00f3n del objeto espec\u00edfico de la est\u00e9tica, obliterado por la cl\u00e1sica identificaci\u00f3n de la est\u00e9tica con la filosof\u00eda del arte, a partir de la formulaci\u00f3n de Hegel, que ha presentado un obst\u00e1culo para que tal objeto espec\u00edfico fuera tematizado por los fil\u00f3sofos.<\/p>\n<p>Esa determinaci\u00f3n permitir\u00eda la constituci\u00f3n de una est\u00e9tica pura; esto es, una est\u00e9tica autonomizada de la metaf\u00edsica, la \u00e9tica, la pol\u00edtica y la historia. El fen\u00f3meno de lo est\u00e9tico, seg\u00fan entendemos, se manifiesta en la percepci\u00f3n y el placer.<\/p>\n<p>La investigaci\u00f3n ha sido dividida en dos partes, en las que se abordan respectivamente esas dos manifestaciones de lo est\u00e9tico. En la primera se expone una teor\u00eda de la percepci\u00f3n (Estesiolog\u00eda), en la segunda una teor\u00eda del placer (Hedonolog\u00eda). El recorrido de cada una de las secciones recoge las contribuciones m\u00e1s relevantes de los fil\u00f3sofos que, desde diferentes tradiciones del pensamiento, han hallado elementos de la est\u00e9tica pura que pretendemos constituir. As\u00ed, en la primera parte, que pasa revista a la teor\u00eda est\u00e9tica que tematiz\u00f3 la percepci\u00f3n y lo imaginario, examinamos la obra de Kant, Sartre, Bergson, Merleau-Ponty, Lucrecio, Epicuro y Nietzsche. En la segunda indagamos las teor\u00edas del placer en Kant, Freud, Marcuse, Arist\u00f3teles y Epicuro.<\/p>\n<p>En las conclusiones se llega, a trav\u00e9s de la mediaci\u00f3n de la interpretaci\u00f3n deleuzeana y heideggeriana de lo est\u00e9tico, a la formulaci\u00f3n final del problema desde una perspectiva materialista, y asimismo se abren, en el ap\u00e9ndice del trabajo, v\u00edas de futuras investigaciones en el marco del sistema de la est\u00e9tica pura o absoluta.<\/p>\n","protected":false},"excerpt":{"rendered":"<p>La investigaci\u00f3n que se desarrolla en esta obra escrita por Edgardo Guti\u00e9rrez propone la determinaci\u00f3n del objeto espec\u00edfico de la est\u00e9tica, obliterado por la cl\u00e1sica identificaci\u00f3n de la est\u00e9tica con la filosof\u00eda del arte, a partir de la formulaci\u00f3n de Hegel, que ha presentado un obst\u00e1culo para que tal objeto espec\u00edfico fuera tematizado por los fil\u00f3sofos.<\/p>\n","protected":false},"featured_media":1744,"comment_status":"closed","ping_status":"closed","template":"","meta":{"_acf_changed":false,"colormag_page_container_layout":"default_layout","colormag_page_sidebar_layout":"default_layout"},"product_brand":[],"product_cat":[36,37],"product_tag":[1518,1107],"autor":[1519],"editor":[],"traductor":[],"compilador":[],"coordinador":[],"director":[],"class_list":{"0":"post-1746","1":"product","2":"type-product","3":"status-publish","4":"has-post-thumbnail","6":"product_cat-seicyt-posgrado","7":"product_cat-tesis","8":"product_tag-estetica","9":"product_tag-filosofia","10":"autor-edgardo-gutierrez","12":"first","13":"instock","14":"shipping-taxable","15":"product-type-external"},"acf":[],"_links":{"self":[{"href":"https:\/\/ffyh.unc.edu.ar\/publicaciones\/wp-json\/wp\/v2\/product\/1746","targetHints":{"allow":["GET"]}}],"collection":[{"href":"https:\/\/ffyh.unc.edu.ar\/publicaciones\/wp-json\/wp\/v2\/product"}],"about":[{"href":"https:\/\/ffyh.unc.edu.ar\/publicaciones\/wp-json\/wp\/v2\/types\/product"}],"replies":[{"embeddable":true,"href":"https:\/\/ffyh.unc.edu.ar\/publicaciones\/wp-json\/wp\/v2\/comments?post=1746"}],"wp:featuredmedia":[{"embeddable":true,"href":"https:\/\/ffyh.unc.edu.ar\/publicaciones\/wp-json\/wp\/v2\/media\/1744"}],"wp:attachment":[{"href":"https:\/\/ffyh.unc.edu.ar\/publicaciones\/wp-json\/wp\/v2\/media?parent=1746"}],"wp:term":[{"taxonomy":"product_brand","embeddable":true,"href":"https:\/\/ffyh.unc.edu.ar\/publicaciones\/wp-json\/wp\/v2\/product_brand?post=1746"},{"taxonomy":"product_cat","embeddable":true,"href":"https:\/\/ffyh.unc.edu.ar\/publicaciones\/wp-json\/wp\/v2\/product_cat?post=1746"},{"taxonomy":"product_tag","embeddable":true,"href":"https:\/\/ffyh.unc.edu.ar\/publicaciones\/wp-json\/wp\/v2\/product_tag?post=1746"},{"taxonomy":"autor","embeddable":true,"href":"https:\/\/ffyh.unc.edu.ar\/publicaciones\/wp-json\/wp\/v2\/autor?post=1746"},{"taxonomy":"editor","embeddable":true,"href":"https:\/\/ffyh.unc.edu.ar\/publicaciones\/wp-json\/wp\/v2\/editor?post=1746"},{"taxonomy":"traductor","embeddable":true,"href":"https:\/\/ffyh.unc.edu.ar\/publicaciones\/wp-json\/wp\/v2\/traductor?post=1746"},{"taxonomy":"compilador","embeddable":true,"href":"https:\/\/ffyh.unc.edu.ar\/publicaciones\/wp-json\/wp\/v2\/compilador?post=1746"},{"taxonomy":"coordinador","embeddable":true,"href":"https:\/\/ffyh.unc.edu.ar\/publicaciones\/wp-json\/wp\/v2\/coordinador?post=1746"},{"taxonomy":"director","embeddable":true,"href":"https:\/\/ffyh.unc.edu.ar\/publicaciones\/wp-json\/wp\/v2\/director?post=1746"}],"curies":[{"name":"wp","href":"https:\/\/api.w.org\/{rel}","templated":true}]}}