{"id":1750,"date":"2014-04-27T19:46:57","date_gmt":"2014-04-27T22:46:57","guid":{"rendered":"https:\/\/ffyh.unc.edu.ar\/publicaciones\/?post_type=product&#038;p=1750"},"modified":"2022-04-27T19:51:25","modified_gmt":"2022-04-27T22:51:25","slug":"leopoldo-marechal-una-estetica-unitiva-estudio-de-la-recepcion-de-fuentes-griegas-y-cristianas","status":"publish","type":"product","link":"https:\/\/ffyh.unc.edu.ar\/publicaciones\/tienda\/publicaciones-de-investigacion\/seicyt-posgrado\/tesis\/leopoldo-marechal-una-estetica-unitiva-estudio-de-la-recepcion-de-fuentes-griegas-y-cristianas\/","title":{"rendered":"Leopoldo Marechal: una est\u00e9tica unitiva: estudio de la recepci\u00f3n de fuentes griegas y cristianas"},"content":{"rendered":"<p>La est\u00e9tica de Leopoldo Marechal es una est\u00e9tica unitiva, en la cual convergen la belleza ontol\u00f3gica, la producci\u00f3n art\u00edstica, la er\u00f3tica, la epistemolog\u00eda y la m\u00edstica. La est\u00e9tica es el punto de partida y el hilo de oro, a partir del cual puede leerse toda la producci\u00f3n marechaliana.<\/p>\n<p>La intenci\u00f3n del presente estudio es propiciar la comunicaci\u00f3n entre el poeta argentino y una selecci\u00f3n de fuentes griegas y cristianas. Entre las cuales se establecen tres niveles de preferencia. Primer nivel, la recepci\u00f3n de Plat\u00f3n y Dante, quienes constituyen las fuentes fundamentales del autor. Segundo nivel, la recepci\u00f3n de Homero y Arist\u00f3teles, en orden a la construcci\u00f3n de la po\u00e9tica marechaliana. Tercer nivel, Plotino e Isidoro de Sevilla, para el tratamiento de algunas cuestiones puntuales.<\/p>\n<p>El e-book parte del supuesto de que la escritura marechaliana constituye una \u201cpo\u00e9tica filos\u00f3fica\u201d, es decir, un \u201cpensar por im\u00e1genes\u201d que se sostiene en una dimensi\u00f3n ontol\u00f3gica, la cual sirve de andamiaje o de soporte de la forma po\u00e9tica. La forma externa es una excusa, un anzuelo, que atrae desde fuera hacia un centro de sentido. Este centro propone una experiencia que supera el horizonte de lo literario. Se trata de una filosof\u00eda que busca romper el l\u00edmite de lo racional para escalar a la experiencia m\u00edstica.<\/p>\n","protected":false},"excerpt":{"rendered":"<p>La est\u00e9tica de Leopoldo Marechal es una est\u00e9tica unitiva, en la cual convergen la belleza ontol\u00f3gica, la producci\u00f3n art\u00edstica, la er\u00f3tica, la epistemolog\u00eda y la m\u00edstica. La est\u00e9tica es el punto de partida y el hilo de oro, a partir del cual puede leerse toda la producci\u00f3n marechaliana. La intenci\u00f3n de Valeria Esther Secchi en este estudio es propiciar la comunicaci\u00f3n entre el poeta argentino y una selecci\u00f3n de fuentes griegas y cristianas.<\/p>\n","protected":false},"featured_media":1751,"comment_status":"closed","ping_status":"closed","template":"","meta":{"_acf_changed":false,"colormag_page_container_layout":"default_layout","colormag_page_sidebar_layout":"default_layout"},"product_brand":[],"product_cat":[36,37],"product_tag":[1518,1520],"autor":[486],"editor":[],"traductor":[],"compilador":[],"coordinador":[],"director":[],"class_list":{"0":"post-1750","1":"product","2":"type-product","3":"status-publish","4":"has-post-thumbnail","6":"product_cat-seicyt-posgrado","7":"product_cat-tesis","8":"product_tag-estetica","9":"product_tag-estudios-literarios","10":"autor-valeria-secchi","12":"first","13":"instock","14":"shipping-taxable","15":"product-type-external"},"acf":[],"_links":{"self":[{"href":"https:\/\/ffyh.unc.edu.ar\/publicaciones\/wp-json\/wp\/v2\/product\/1750","targetHints":{"allow":["GET"]}}],"collection":[{"href":"https:\/\/ffyh.unc.edu.ar\/publicaciones\/wp-json\/wp\/v2\/product"}],"about":[{"href":"https:\/\/ffyh.unc.edu.ar\/publicaciones\/wp-json\/wp\/v2\/types\/product"}],"replies":[{"embeddable":true,"href":"https:\/\/ffyh.unc.edu.ar\/publicaciones\/wp-json\/wp\/v2\/comments?post=1750"}],"wp:featuredmedia":[{"embeddable":true,"href":"https:\/\/ffyh.unc.edu.ar\/publicaciones\/wp-json\/wp\/v2\/media\/1751"}],"wp:attachment":[{"href":"https:\/\/ffyh.unc.edu.ar\/publicaciones\/wp-json\/wp\/v2\/media?parent=1750"}],"wp:term":[{"taxonomy":"product_brand","embeddable":true,"href":"https:\/\/ffyh.unc.edu.ar\/publicaciones\/wp-json\/wp\/v2\/product_brand?post=1750"},{"taxonomy":"product_cat","embeddable":true,"href":"https:\/\/ffyh.unc.edu.ar\/publicaciones\/wp-json\/wp\/v2\/product_cat?post=1750"},{"taxonomy":"product_tag","embeddable":true,"href":"https:\/\/ffyh.unc.edu.ar\/publicaciones\/wp-json\/wp\/v2\/product_tag?post=1750"},{"taxonomy":"autor","embeddable":true,"href":"https:\/\/ffyh.unc.edu.ar\/publicaciones\/wp-json\/wp\/v2\/autor?post=1750"},{"taxonomy":"editor","embeddable":true,"href":"https:\/\/ffyh.unc.edu.ar\/publicaciones\/wp-json\/wp\/v2\/editor?post=1750"},{"taxonomy":"traductor","embeddable":true,"href":"https:\/\/ffyh.unc.edu.ar\/publicaciones\/wp-json\/wp\/v2\/traductor?post=1750"},{"taxonomy":"compilador","embeddable":true,"href":"https:\/\/ffyh.unc.edu.ar\/publicaciones\/wp-json\/wp\/v2\/compilador?post=1750"},{"taxonomy":"coordinador","embeddable":true,"href":"https:\/\/ffyh.unc.edu.ar\/publicaciones\/wp-json\/wp\/v2\/coordinador?post=1750"},{"taxonomy":"director","embeddable":true,"href":"https:\/\/ffyh.unc.edu.ar\/publicaciones\/wp-json\/wp\/v2\/director?post=1750"}],"curies":[{"name":"wp","href":"https:\/\/api.w.org\/{rel}","templated":true}]}}