{"id":1815,"date":"2015-05-09T07:05:55","date_gmt":"2015-05-09T10:05:55","guid":{"rendered":"https:\/\/ffyh.unc.edu.ar\/publicaciones\/?post_type=product&#038;p=1815"},"modified":"2022-05-09T07:14:29","modified_gmt":"2022-05-09T10:14:29","slug":"voces-y-actores-sociales-en-la-narrativa-de-marco-denevi-un-examen-politico-a-traves-de-la-ficcion-de-oralidad","status":"publish","type":"product","link":"https:\/\/ffyh.unc.edu.ar\/publicaciones\/tienda\/publicaciones-de-investigacion\/seicyt-posgrado\/tesis\/voces-y-actores-sociales-en-la-narrativa-de-marco-denevi-un-examen-politico-a-traves-de-la-ficcion-de-oralidad\/","title":{"rendered":"Voces y actores sociales en la narrativa de Marco Denevi: un ex\u00e1men pol\u00edtico a trav\u00e9s de la ficci\u00f3n de oralidad"},"content":{"rendered":"<p>La narrativa de Marco Denevi (1920-1998) involucra como actor principal a la franja social de individuos pertenecientes a la controvertida clase media argentina. A trav\u00e9s del recurso literario de la oralidad, los textos parecer\u00edan no mediar entre el contexto y su manifestaci\u00f3n, efecto que hace creer que los personajes se expresan natural y espont\u00e1neamente. Dentro de estas configuraciones, el an\u00e1lisis pol\u00edtico de la coyuntura adquiere especial significaci\u00f3n. De manera directa en algunos casos e indirecta en otros, las lecturas de la pol\u00edtica, como as\u00ed tambi\u00e9n, las pol\u00edticas de la lectura, articulan evaluaciones tanto axiol\u00f3gicas como dogm\u00e1ticas, en un m\u00e9todo compositivo que tiene como sustrato el discurso de la doxa.<\/p>\n<p>Desde Rosaura a las diez, las p\u00e1ginas denevianas son un escenario en el que se dramatizan escenas de la vida porte\u00f1a, tanto diurna como nocturna, se tensionan estereotipos sociales, se rebaten identidades y se diseminan las voces de los m\u00e1s variados actores en un espacio discursivo \u00abheteropoligr\u00e1fico\u00bb y \u00abgeneoescenof\u00f3nico\u00bb donde se diluyen los l\u00edmites entre literatura y representaci\u00f3n. A lo largo de cuatro d\u00e9cadas, convergen en las narraciones imaginaci\u00f3n, registro y testimonio a trav\u00e9s de un estilo tan pol\u00e9mico como ambiguo que ni el silenciamiento de la cr\u00edtica pudo ocultar.<\/p>\n","protected":false},"excerpt":{"rendered":"<p>En <em>Voces y actores sociales en la narrativa de Marco Denevi: un ex\u00e1men pol\u00edtico a trav\u00e9s de la ficci\u00f3n de oralidad<\/em>, Nicol\u00e1s Abadie analiza la narrativa de Marco Denevi (1920-1998) ya que esta involucra como actor principal a la franja social de individuos pertenecientes a la controvertida clase media argentina. A trav\u00e9s del recurso literario de la oralidad, los textos de Denevi parecer\u00edan no mediar entre el contexto y su manifestaci\u00f3n, efecto que hace creer que los personajes se expresan natural y espont\u00e1neamente. Dentro de estas configuraciones, el an\u00e1lisis pol\u00edtico de la coyuntura adquiere especial significaci\u00f3n.<\/p>\n","protected":false},"featured_media":1817,"comment_status":"closed","ping_status":"closed","template":"","meta":{"_acf_changed":false,"colormag_page_container_layout":"default_layout","colormag_page_sidebar_layout":"default_layout"},"product_brand":[],"product_cat":[27,36,37],"product_tag":[1520,1533],"autor":[1534],"editor":[],"traductor":[],"compilador":[],"coordinador":[],"director":[],"class_list":{"0":"post-1815","1":"product","2":"type-product","3":"status-publish","4":"has-post-thumbnail","6":"product_cat-publicaciones-de-investigacion","7":"product_cat-seicyt-posgrado","8":"product_cat-tesis","9":"product_tag-estudios-literarios","10":"product_tag-literatura-argentina","11":"autor-nicolas-abadie","13":"first","14":"instock","15":"shipping-taxable","16":"product-type-external"},"acf":[],"_links":{"self":[{"href":"https:\/\/ffyh.unc.edu.ar\/publicaciones\/wp-json\/wp\/v2\/product\/1815","targetHints":{"allow":["GET"]}}],"collection":[{"href":"https:\/\/ffyh.unc.edu.ar\/publicaciones\/wp-json\/wp\/v2\/product"}],"about":[{"href":"https:\/\/ffyh.unc.edu.ar\/publicaciones\/wp-json\/wp\/v2\/types\/product"}],"replies":[{"embeddable":true,"href":"https:\/\/ffyh.unc.edu.ar\/publicaciones\/wp-json\/wp\/v2\/comments?post=1815"}],"wp:featuredmedia":[{"embeddable":true,"href":"https:\/\/ffyh.unc.edu.ar\/publicaciones\/wp-json\/wp\/v2\/media\/1817"}],"wp:attachment":[{"href":"https:\/\/ffyh.unc.edu.ar\/publicaciones\/wp-json\/wp\/v2\/media?parent=1815"}],"wp:term":[{"taxonomy":"product_brand","embeddable":true,"href":"https:\/\/ffyh.unc.edu.ar\/publicaciones\/wp-json\/wp\/v2\/product_brand?post=1815"},{"taxonomy":"product_cat","embeddable":true,"href":"https:\/\/ffyh.unc.edu.ar\/publicaciones\/wp-json\/wp\/v2\/product_cat?post=1815"},{"taxonomy":"product_tag","embeddable":true,"href":"https:\/\/ffyh.unc.edu.ar\/publicaciones\/wp-json\/wp\/v2\/product_tag?post=1815"},{"taxonomy":"autor","embeddable":true,"href":"https:\/\/ffyh.unc.edu.ar\/publicaciones\/wp-json\/wp\/v2\/autor?post=1815"},{"taxonomy":"editor","embeddable":true,"href":"https:\/\/ffyh.unc.edu.ar\/publicaciones\/wp-json\/wp\/v2\/editor?post=1815"},{"taxonomy":"traductor","embeddable":true,"href":"https:\/\/ffyh.unc.edu.ar\/publicaciones\/wp-json\/wp\/v2\/traductor?post=1815"},{"taxonomy":"compilador","embeddable":true,"href":"https:\/\/ffyh.unc.edu.ar\/publicaciones\/wp-json\/wp\/v2\/compilador?post=1815"},{"taxonomy":"coordinador","embeddable":true,"href":"https:\/\/ffyh.unc.edu.ar\/publicaciones\/wp-json\/wp\/v2\/coordinador?post=1815"},{"taxonomy":"director","embeddable":true,"href":"https:\/\/ffyh.unc.edu.ar\/publicaciones\/wp-json\/wp\/v2\/director?post=1815"}],"curies":[{"name":"wp","href":"https:\/\/api.w.org\/{rel}","templated":true}]}}