{"id":1824,"date":"2014-05-09T07:25:51","date_gmt":"2014-05-09T10:25:51","guid":{"rendered":"https:\/\/ffyh.unc.edu.ar\/publicaciones\/?post_type=product&#038;p=1824"},"modified":"2022-05-09T07:32:22","modified_gmt":"2022-05-09T10:32:22","slug":"pensamiento-filosofico-y-experiencias-religiosas-en-la-poesia-argentina-contemporanea","status":"publish","type":"product","link":"https:\/\/ffyh.unc.edu.ar\/publicaciones\/tienda\/publicaciones-de-investigacion\/seicyt-posgrado\/tesis\/pensamiento-filosofico-y-experiencias-religiosas-en-la-poesia-argentina-contemporanea\/","title":{"rendered":"Pensamiento filos\u00f3fico y experiencias religiosas en la poes\u00eda argentina contempor\u00e1nea"},"content":{"rendered":"<p>La presente investigaci\u00f3n de doctorado \u2013dirigida por el Dr. Silvio Mattoni y codirigida por la Dra. Adriana Musitano\u2013 aborda la relaci\u00f3n entre discursividad po\u00e9tica, experiencias religiosas y pensamiento filos\u00f3fico en un corpus de obras po\u00e9ticas de H\u00e9ctor Viel Temperley (Buenos Aires, 1933-1987), Hugo Padeletti (Santa Fe, 1928), Oscar del Barco (C\u00f3rdoba, 1928) y Hugo Mujica (Buenos Aires, 1942), reconociendo en ellas los elementos que diagraman la singularidad de una experiencia po\u00e9tico-religiosa que se caracteriza, en algunos casos, por la manifestaci\u00f3n de un \u00e9xtasis de tipo m\u00edstico, y en otros, por la afirmaci\u00f3n del pensamiento y del lenguaje ante la ausencia de lo sagrado.<\/p>\n<p>Dada la originalidad que se manifiesta en estas expresiones po\u00e9ticas en relaci\u00f3n a cierta experiencia religiosa del vaciamiento de lo sagrado, se las analiza desde categor\u00edas provenientes de fil\u00f3sofos modernos postnietzscheanos, tales como Martin Heidegger (1889-1976), Georges Bataille (1897-1962), Maurice Blanchot (1907-2003), Emmanuel Levinas (1905-1995), Jean-Luc Marion (1946) y Giorgio Colli (1917-1979). De este modo, relacionando la categor\u00eda de experiencia con lo sagrado en el pensamiento contempor\u00e1neo, se advierte la especificidad de un tipo de experiencia religiosa que \u2013tal como lo observamos en los poetas del corpus\u2013 se vincula al pensamiento filos\u00f3fico y se manifiesta en la escritura po\u00e9tica.<\/p>\n","protected":false},"excerpt":{"rendered":"<p>La investigaci\u00f3n de Mar\u00eda Gabriela Milone aborda la relaci\u00f3n entre discursividad po\u00e9tica, experiencias religiosas y pensamiento filos\u00f3fico en un corpus de obras po\u00e9ticas de H\u00e9ctor Viel Temperley, Hugo Padeletti, Oscar del Barco y Hugo Mujica, reconociendo en ellas los elementos que diagraman la singularidad de una experiencia po\u00e9tico-religiosa que se caracteriza, en algunos casos, por la manifestaci\u00f3n de un \u00e9xtasis de tipo m\u00edstico, y en otros, por la afirmaci\u00f3n del pensamiento y del lenguaje ante la ausencia de lo sagrado.<\/p>\n","protected":false},"featured_media":1825,"comment_status":"closed","ping_status":"closed","template":"","meta":{"_acf_changed":false,"colormag_page_container_layout":"default_layout","colormag_page_sidebar_layout":"default_layout"},"product_brand":[],"product_cat":[27,36,37],"product_tag":[1520,1107,1539],"autor":[277],"editor":[],"traductor":[],"compilador":[],"coordinador":[],"director":[],"class_list":{"0":"post-1824","1":"product","2":"type-product","3":"status-publish","4":"has-post-thumbnail","6":"product_cat-publicaciones-de-investigacion","7":"product_cat-seicyt-posgrado","8":"product_cat-tesis","9":"product_tag-estudios-literarios","10":"product_tag-filosofia","11":"product_tag-poesia","12":"autor-gabriela-milone","14":"first","15":"instock","16":"shipping-taxable","17":"product-type-external"},"acf":[],"_links":{"self":[{"href":"https:\/\/ffyh.unc.edu.ar\/publicaciones\/wp-json\/wp\/v2\/product\/1824","targetHints":{"allow":["GET"]}}],"collection":[{"href":"https:\/\/ffyh.unc.edu.ar\/publicaciones\/wp-json\/wp\/v2\/product"}],"about":[{"href":"https:\/\/ffyh.unc.edu.ar\/publicaciones\/wp-json\/wp\/v2\/types\/product"}],"replies":[{"embeddable":true,"href":"https:\/\/ffyh.unc.edu.ar\/publicaciones\/wp-json\/wp\/v2\/comments?post=1824"}],"wp:featuredmedia":[{"embeddable":true,"href":"https:\/\/ffyh.unc.edu.ar\/publicaciones\/wp-json\/wp\/v2\/media\/1825"}],"wp:attachment":[{"href":"https:\/\/ffyh.unc.edu.ar\/publicaciones\/wp-json\/wp\/v2\/media?parent=1824"}],"wp:term":[{"taxonomy":"product_brand","embeddable":true,"href":"https:\/\/ffyh.unc.edu.ar\/publicaciones\/wp-json\/wp\/v2\/product_brand?post=1824"},{"taxonomy":"product_cat","embeddable":true,"href":"https:\/\/ffyh.unc.edu.ar\/publicaciones\/wp-json\/wp\/v2\/product_cat?post=1824"},{"taxonomy":"product_tag","embeddable":true,"href":"https:\/\/ffyh.unc.edu.ar\/publicaciones\/wp-json\/wp\/v2\/product_tag?post=1824"},{"taxonomy":"autor","embeddable":true,"href":"https:\/\/ffyh.unc.edu.ar\/publicaciones\/wp-json\/wp\/v2\/autor?post=1824"},{"taxonomy":"editor","embeddable":true,"href":"https:\/\/ffyh.unc.edu.ar\/publicaciones\/wp-json\/wp\/v2\/editor?post=1824"},{"taxonomy":"traductor","embeddable":true,"href":"https:\/\/ffyh.unc.edu.ar\/publicaciones\/wp-json\/wp\/v2\/traductor?post=1824"},{"taxonomy":"compilador","embeddable":true,"href":"https:\/\/ffyh.unc.edu.ar\/publicaciones\/wp-json\/wp\/v2\/compilador?post=1824"},{"taxonomy":"coordinador","embeddable":true,"href":"https:\/\/ffyh.unc.edu.ar\/publicaciones\/wp-json\/wp\/v2\/coordinador?post=1824"},{"taxonomy":"director","embeddable":true,"href":"https:\/\/ffyh.unc.edu.ar\/publicaciones\/wp-json\/wp\/v2\/director?post=1824"}],"curies":[{"name":"wp","href":"https:\/\/api.w.org\/{rel}","templated":true}]}}