{"id":1828,"date":"2013-05-09T07:34:04","date_gmt":"2013-05-09T10:34:04","guid":{"rendered":"https:\/\/ffyh.unc.edu.ar\/publicaciones\/?post_type=product&#038;p=1828"},"modified":"2022-05-09T07:38:24","modified_gmt":"2022-05-09T10:38:24","slug":"metamorfosis-del-mito-faustico-en-la-literatura-alemana-y-en-la-literatura-argentina-en-la-segunda-mitad-del-siglo-xx","status":"publish","type":"product","link":"https:\/\/ffyh.unc.edu.ar\/publicaciones\/tienda\/publicaciones-de-investigacion\/seicyt-posgrado\/tesis\/metamorfosis-del-mito-faustico-en-la-literatura-alemana-y-en-la-literatura-argentina-en-la-segunda-mitad-del-siglo-xx\/","title":{"rendered":"Metamorfosis del mito f\u00e1ustico en la literatura alemana y en la literatura argentina en la segunda mitad del siglo XX"},"content":{"rendered":"<p>En esta tesis se analiza la manera en que la literatura de lengua alemana y la argentina, desde la d\u00e9cada de 1950 hasta fines del siglo XX, retoman un asunto literario legado por una larga tradici\u00f3n europea: el mito f\u00e1ustico.<\/p>\n<p>El estudio de una selecci\u00f3n de obras narrativas y dram\u00e1ticas producidas en un mismo lapso temporal en dos literaturas muy alejadas desde lo ling\u00fc\u00edstico, geogr\u00e1fico y cultural permite dilucidar los respectivos procesos de simbolizaci\u00f3n literaria, sus manifiestas diferencias y tambi\u00e9n sus afinidades que se explican, en gran medida, por la presencia de hipotextos comunes considerados cl\u00e1sicos en ambos sistemas literarios. En este sentido se percibe la importancia de tres textos fundamentales de la tradici\u00f3n f\u00e1ustica tanto en Alemania como en Argentina: La Historia von Dr. Johann Fausten (1587), Faust de Johann Wolfgang von Goethe (1808-1832) y Doktor Faustus de Thomas Mann (1947).<\/p>\n<p>Las obras alemanas seleccionadas evidencian el impacto que los acontecimientos hist\u00f3rico-pol\u00edticos tuvieron sobre la producci\u00f3n literaria desde la posguerra y la forma decididamente cr\u00edtica en que los autores abordan uno de los mayores mitos literarios de su cultura, objeto de diversas instrumentalizaciones ideol\u00f3gicas desde principios del siglo XX. Los escritores argentinos, por su parte, tambi\u00e9n reelaboran el asunto europeo, ampliamente establecido en la literatura nacional, utiliz\u00e1ndolo en muchos casos como \u201cmediador cultural\u201d tanto para interpretar elementos propios de la cultura europea desde su propia situaci\u00f3n geogr\u00e1fico-hist\u00f3rica como para leer cr\u00edticamente la realidad local. En ambos casos el problema de la modernidad occidental se identifica con la historia del hombre que vende su alma al demonio.<\/p>\n","protected":false},"excerpt":{"rendered":"<p>En <em>Metamorfosis del mito f\u00e1ustico en la literatura alemana y en la literatura argentina en la<\/em><br \/>\n<em>segunda mitad del siglo XX, <\/em>Gustavo Giovannini analiza la manera en que la literatura de lengua alemana y la argentina, desde la d\u00e9cada de 1950 hasta fines del siglo XX, retoman un asunto literario legado por una larga tradici\u00f3n europea: el mito f\u00e1ustico.<\/p>\n","protected":false},"featured_media":1829,"comment_status":"closed","ping_status":"closed","template":"","meta":{"_acf_changed":false,"colormag_page_container_layout":"default_layout","colormag_page_sidebar_layout":"default_layout"},"product_brand":[],"product_cat":[27,36,37],"product_tag":[1520],"autor":[1540],"editor":[],"traductor":[],"compilador":[],"coordinador":[],"director":[],"class_list":{"0":"post-1828","1":"product","2":"type-product","3":"status-publish","4":"has-post-thumbnail","6":"product_cat-publicaciones-de-investigacion","7":"product_cat-seicyt-posgrado","8":"product_cat-tesis","9":"product_tag-estudios-literarios","10":"autor-gustavo-giovannini","12":"first","13":"instock","14":"shipping-taxable","15":"product-type-external"},"acf":[],"_links":{"self":[{"href":"https:\/\/ffyh.unc.edu.ar\/publicaciones\/wp-json\/wp\/v2\/product\/1828","targetHints":{"allow":["GET"]}}],"collection":[{"href":"https:\/\/ffyh.unc.edu.ar\/publicaciones\/wp-json\/wp\/v2\/product"}],"about":[{"href":"https:\/\/ffyh.unc.edu.ar\/publicaciones\/wp-json\/wp\/v2\/types\/product"}],"replies":[{"embeddable":true,"href":"https:\/\/ffyh.unc.edu.ar\/publicaciones\/wp-json\/wp\/v2\/comments?post=1828"}],"wp:featuredmedia":[{"embeddable":true,"href":"https:\/\/ffyh.unc.edu.ar\/publicaciones\/wp-json\/wp\/v2\/media\/1829"}],"wp:attachment":[{"href":"https:\/\/ffyh.unc.edu.ar\/publicaciones\/wp-json\/wp\/v2\/media?parent=1828"}],"wp:term":[{"taxonomy":"product_brand","embeddable":true,"href":"https:\/\/ffyh.unc.edu.ar\/publicaciones\/wp-json\/wp\/v2\/product_brand?post=1828"},{"taxonomy":"product_cat","embeddable":true,"href":"https:\/\/ffyh.unc.edu.ar\/publicaciones\/wp-json\/wp\/v2\/product_cat?post=1828"},{"taxonomy":"product_tag","embeddable":true,"href":"https:\/\/ffyh.unc.edu.ar\/publicaciones\/wp-json\/wp\/v2\/product_tag?post=1828"},{"taxonomy":"autor","embeddable":true,"href":"https:\/\/ffyh.unc.edu.ar\/publicaciones\/wp-json\/wp\/v2\/autor?post=1828"},{"taxonomy":"editor","embeddable":true,"href":"https:\/\/ffyh.unc.edu.ar\/publicaciones\/wp-json\/wp\/v2\/editor?post=1828"},{"taxonomy":"traductor","embeddable":true,"href":"https:\/\/ffyh.unc.edu.ar\/publicaciones\/wp-json\/wp\/v2\/traductor?post=1828"},{"taxonomy":"compilador","embeddable":true,"href":"https:\/\/ffyh.unc.edu.ar\/publicaciones\/wp-json\/wp\/v2\/compilador?post=1828"},{"taxonomy":"coordinador","embeddable":true,"href":"https:\/\/ffyh.unc.edu.ar\/publicaciones\/wp-json\/wp\/v2\/coordinador?post=1828"},{"taxonomy":"director","embeddable":true,"href":"https:\/\/ffyh.unc.edu.ar\/publicaciones\/wp-json\/wp\/v2\/director?post=1828"}],"curies":[{"name":"wp","href":"https:\/\/api.w.org\/{rel}","templated":true}]}}