{"id":1832,"date":"2015-05-09T07:40:31","date_gmt":"2015-05-09T10:40:31","guid":{"rendered":"https:\/\/ffyh.unc.edu.ar\/publicaciones\/?post_type=product&#038;p=1832"},"modified":"2022-05-09T07:46:23","modified_gmt":"2022-05-09T10:46:23","slug":"la-constelacion-experimental-esteticas-y-poeticas-en-la-poesia-argentina-del-siglo-xx-jacobo-fijman-oliverio-girondo-alejandra-pizarnik-leonidas-lamborghini","status":"publish","type":"product","link":"https:\/\/ffyh.unc.edu.ar\/publicaciones\/tienda\/publicaciones-de-investigacion\/seicyt-posgrado\/tesis\/la-constelacion-experimental-esteticas-y-poeticas-en-la-poesia-argentina-del-siglo-xx-jacobo-fijman-oliverio-girondo-alejandra-pizarnik-leonidas-lamborghini\/","title":{"rendered":"La constelaci\u00f3n experimental. Est\u00e9ticas y po\u00e9ticas en la poes\u00eda argentina del siglo XX: Jacobo Fijman, Oliverio Girondo, Alejandra Pizarnik, Le\u00f3nidas Lamborghini"},"content":{"rendered":"<p>Como expresa Silvia Barei, esta traves\u00eda por la palabra po\u00e9tica de Girondo, Fijman, Pizarnik y Lamborghini arma un mapa complejo de autores, textos y circulaciones en una concepci\u00f3n de la cr\u00edtica que produce articulaciones m\u00faltiples, alerta sobre procesos internos del campo intelectual argentino y muestra una concepci\u00f3n particular de la literatura y sus l\u00edmites.<\/p>\n<p>Vera Barros advierte el borde en el que se coloca (\u201cbajo la superficie acerada de los c\u00e1nones\u201d), pero asume los riesgos de la libertad intelectual, porque hacerlo no importa para sumar otro grano de arena a una antigua pol\u00e9mica entre arte y t\u00e9cnica; no importa tampoco reescribir paradigmas ideol\u00f3gicos fuertes o disputas sin resoluci\u00f3n.<\/p>\n<p>Importa pensar desde el fulgor de un acontecimiento escriturario singular: el poema no es representaci\u00f3n de una vida \u00edntima que act\u00faa en las formas, sino que m\u00e1s all\u00e1 de la esfera de la representaci\u00f3n ocurre una experimentaci\u00f3n que desde el interior se transfiere a las formas visibles, en una operaci\u00f3n que podr\u00eda llamarse n\u00f3made.<\/p>\n","protected":false},"excerpt":{"rendered":"<p>En este e-book, Tom\u00e1s Vera Barros, recorre palabra po\u00e9tica de Girondo, Fijman, Pizarnik y Lamborghini y as\u00ed arma un mapa complejo de autores, textos y circulaciones en una concepci\u00f3n de la cr\u00edtica que produce articulaciones m\u00faltiples, alerta sobre procesos internos del campo intelectual argentino y muestra una concepci\u00f3n particular de la literatura y sus l\u00edmites.<\/p>\n","protected":false},"featured_media":1834,"comment_status":"closed","ping_status":"closed","template":"","meta":{"_acf_changed":false,"colormag_page_container_layout":"default_layout","colormag_page_sidebar_layout":"default_layout"},"product_brand":[],"product_cat":[27,36,37],"product_tag":[1518,1520],"autor":[1541],"editor":[],"traductor":[],"compilador":[],"coordinador":[],"director":[],"class_list":{"0":"post-1832","1":"product","2":"type-product","3":"status-publish","4":"has-post-thumbnail","6":"product_cat-publicaciones-de-investigacion","7":"product_cat-seicyt-posgrado","8":"product_cat-tesis","9":"product_tag-estetica","10":"product_tag-estudios-literarios","11":"autor-tomas-vera-barros","13":"first","14":"instock","15":"shipping-taxable","16":"product-type-external"},"acf":[],"_links":{"self":[{"href":"https:\/\/ffyh.unc.edu.ar\/publicaciones\/wp-json\/wp\/v2\/product\/1832","targetHints":{"allow":["GET"]}}],"collection":[{"href":"https:\/\/ffyh.unc.edu.ar\/publicaciones\/wp-json\/wp\/v2\/product"}],"about":[{"href":"https:\/\/ffyh.unc.edu.ar\/publicaciones\/wp-json\/wp\/v2\/types\/product"}],"replies":[{"embeddable":true,"href":"https:\/\/ffyh.unc.edu.ar\/publicaciones\/wp-json\/wp\/v2\/comments?post=1832"}],"wp:featuredmedia":[{"embeddable":true,"href":"https:\/\/ffyh.unc.edu.ar\/publicaciones\/wp-json\/wp\/v2\/media\/1834"}],"wp:attachment":[{"href":"https:\/\/ffyh.unc.edu.ar\/publicaciones\/wp-json\/wp\/v2\/media?parent=1832"}],"wp:term":[{"taxonomy":"product_brand","embeddable":true,"href":"https:\/\/ffyh.unc.edu.ar\/publicaciones\/wp-json\/wp\/v2\/product_brand?post=1832"},{"taxonomy":"product_cat","embeddable":true,"href":"https:\/\/ffyh.unc.edu.ar\/publicaciones\/wp-json\/wp\/v2\/product_cat?post=1832"},{"taxonomy":"product_tag","embeddable":true,"href":"https:\/\/ffyh.unc.edu.ar\/publicaciones\/wp-json\/wp\/v2\/product_tag?post=1832"},{"taxonomy":"autor","embeddable":true,"href":"https:\/\/ffyh.unc.edu.ar\/publicaciones\/wp-json\/wp\/v2\/autor?post=1832"},{"taxonomy":"editor","embeddable":true,"href":"https:\/\/ffyh.unc.edu.ar\/publicaciones\/wp-json\/wp\/v2\/editor?post=1832"},{"taxonomy":"traductor","embeddable":true,"href":"https:\/\/ffyh.unc.edu.ar\/publicaciones\/wp-json\/wp\/v2\/traductor?post=1832"},{"taxonomy":"compilador","embeddable":true,"href":"https:\/\/ffyh.unc.edu.ar\/publicaciones\/wp-json\/wp\/v2\/compilador?post=1832"},{"taxonomy":"coordinador","embeddable":true,"href":"https:\/\/ffyh.unc.edu.ar\/publicaciones\/wp-json\/wp\/v2\/coordinador?post=1832"},{"taxonomy":"director","embeddable":true,"href":"https:\/\/ffyh.unc.edu.ar\/publicaciones\/wp-json\/wp\/v2\/director?post=1832"}],"curies":[{"name":"wp","href":"https:\/\/api.w.org\/{rel}","templated":true}]}}