{"id":1858,"date":"2017-05-09T08:24:42","date_gmt":"2017-05-09T11:24:42","guid":{"rendered":"https:\/\/ffyh.unc.edu.ar\/publicaciones\/?post_type=product&#038;p=1858"},"modified":"2022-05-09T08:32:09","modified_gmt":"2022-05-09T11:32:09","slug":"la-interaccion-digital-en-el-aula-los-procesos-de-significacion-en-el-uso-de-simulaciones-computacionales-en-la-escuela-secundaria","status":"publish","type":"product","link":"https:\/\/ffyh.unc.edu.ar\/publicaciones\/tienda\/publicaciones-de-investigacion\/seicyt-posgrado\/tesis\/la-interaccion-digital-en-el-aula-los-procesos-de-significacion-en-el-uso-de-simulaciones-computacionales-en-la-escuela-secundaria\/","title":{"rendered":"La interacci\u00f3n digital en el aula. Los procesos de significaci\u00f3n en el uso de simulaciones computacionales en la escuela secundaria"},"content":{"rendered":"<p>Esta investigaci\u00f3n profundiza en la comprensi\u00f3n de los procesos de interacci\u00f3n que se construyen al incluir herramientas digitales interactivas en el aula de escuela secundaria. En particular, se estudian actividades desarrolladas en aulas de F\u00edsica en las que se utilizan simulaciones computacionales.<\/p>\n<p>La Interacci\u00f3n Digital se constituye en el n\u00facleo de an\u00e1lisis. El estudio se centra en comprender c\u00f3mo la interacci\u00f3n digital influye en las interacciones sociales y con el contenido, a la vez que es influenciada por estas. La narrativa de la actividad posibilita la reconstrucci\u00f3n de las acciones de los alumnos, lo que hacen y dicen durante la interacci\u00f3n.<\/p>\n<p>Los resultados indican que las simulaciones pueden convertirse en instrumentos para conceptualizar fen\u00f3menos f\u00edsicos en la medida que se identifiquen las limitaciones del modelo computacional que le da sustento. Evidencian adem\u00e1s la importancia de la orientaci\u00f3n e intervenci\u00f3n docente para afrontar lo diverso y complejo de \u00e9stas situaciones de aprendizaje.<\/p>\n<p>Al interactuar con simulaciones, las construcciones argumentativas se elaboran en base a lo que estas representan y a los referentes conceptuales disponibles. Las construcciones que buscan confirmar o refutar conjeturas comprometen la interacci\u00f3n digital. As\u00ed, la variedad de situaciones interactivas durante la actividad tiene relaci\u00f3n directa con el descubrimiento y la exploraci\u00f3n de la funcionalidad de la herramienta. La exploraci\u00f3n del contenido disciplinar est\u00e1 restringida por la comprensi\u00f3n de la funcionalidad de la herramienta, a su vez, las potencialidades de las herramientas interactivas se hacen visibles para el sujeto cuanto m\u00e1s se profundiza en la comprensi\u00f3n del contenido escolar.<\/p>\n<p>El estudio de las secuencias argumentativas de una situaci\u00f3n de aprendizaje con herramientas interactivas permite identificar las etapas en que \u00e9stas adquieren progresivamente el car\u00e1cter de instrumento. Es posible conocer el grado de apropiaci\u00f3n de las herramientas y los factores que lo determinan.<\/p>\n","protected":false},"excerpt":{"rendered":"<p>En <em>La interacci\u00f3n digital en el aula. Los procesos de significaci\u00f3n en el uso de simulaciones computacionales en la escuela secundaria, <\/em>Andrea Miranda profundiza en la comprensi\u00f3n de los procesos de interacci\u00f3n que se construyen al incluir herramientas digitales interactivas en el aula de escuela secundaria. En particular, la tesis estudia actividades desarrolladas en aulas de F\u00edsica en las que se utilizan simulaciones computacionales.<\/p>\n","protected":false},"featured_media":1856,"comment_status":"closed","ping_status":"closed","template":"","meta":{"_acf_changed":false,"colormag_page_container_layout":"default_layout","colormag_page_sidebar_layout":"default_layout"},"product_brand":[],"product_cat":[27,36,37],"product_tag":[1557,1555],"autor":[1556],"editor":[],"traductor":[],"compilador":[],"coordinador":[],"director":[],"class_list":{"0":"post-1858","1":"product","2":"type-product","3":"status-publish","4":"has-post-thumbnail","6":"product_cat-publicaciones-de-investigacion","7":"product_cat-seicyt-posgrado","8":"product_cat-tesis","9":"product_tag-comunicacion-digital","10":"product_tag-educacion-secundaria","11":"autor-andrea-miranda","13":"first","14":"instock","15":"shipping-taxable","16":"product-type-external"},"acf":[],"_links":{"self":[{"href":"https:\/\/ffyh.unc.edu.ar\/publicaciones\/wp-json\/wp\/v2\/product\/1858","targetHints":{"allow":["GET"]}}],"collection":[{"href":"https:\/\/ffyh.unc.edu.ar\/publicaciones\/wp-json\/wp\/v2\/product"}],"about":[{"href":"https:\/\/ffyh.unc.edu.ar\/publicaciones\/wp-json\/wp\/v2\/types\/product"}],"replies":[{"embeddable":true,"href":"https:\/\/ffyh.unc.edu.ar\/publicaciones\/wp-json\/wp\/v2\/comments?post=1858"}],"wp:featuredmedia":[{"embeddable":true,"href":"https:\/\/ffyh.unc.edu.ar\/publicaciones\/wp-json\/wp\/v2\/media\/1856"}],"wp:attachment":[{"href":"https:\/\/ffyh.unc.edu.ar\/publicaciones\/wp-json\/wp\/v2\/media?parent=1858"}],"wp:term":[{"taxonomy":"product_brand","embeddable":true,"href":"https:\/\/ffyh.unc.edu.ar\/publicaciones\/wp-json\/wp\/v2\/product_brand?post=1858"},{"taxonomy":"product_cat","embeddable":true,"href":"https:\/\/ffyh.unc.edu.ar\/publicaciones\/wp-json\/wp\/v2\/product_cat?post=1858"},{"taxonomy":"product_tag","embeddable":true,"href":"https:\/\/ffyh.unc.edu.ar\/publicaciones\/wp-json\/wp\/v2\/product_tag?post=1858"},{"taxonomy":"autor","embeddable":true,"href":"https:\/\/ffyh.unc.edu.ar\/publicaciones\/wp-json\/wp\/v2\/autor?post=1858"},{"taxonomy":"editor","embeddable":true,"href":"https:\/\/ffyh.unc.edu.ar\/publicaciones\/wp-json\/wp\/v2\/editor?post=1858"},{"taxonomy":"traductor","embeddable":true,"href":"https:\/\/ffyh.unc.edu.ar\/publicaciones\/wp-json\/wp\/v2\/traductor?post=1858"},{"taxonomy":"compilador","embeddable":true,"href":"https:\/\/ffyh.unc.edu.ar\/publicaciones\/wp-json\/wp\/v2\/compilador?post=1858"},{"taxonomy":"coordinador","embeddable":true,"href":"https:\/\/ffyh.unc.edu.ar\/publicaciones\/wp-json\/wp\/v2\/coordinador?post=1858"},{"taxonomy":"director","embeddable":true,"href":"https:\/\/ffyh.unc.edu.ar\/publicaciones\/wp-json\/wp\/v2\/director?post=1858"}],"curies":[{"name":"wp","href":"https:\/\/api.w.org\/{rel}","templated":true}]}}