{"id":1874,"date":"2015-05-09T09:00:57","date_gmt":"2015-05-09T12:00:57","guid":{"rendered":"https:\/\/ffyh.unc.edu.ar\/publicaciones\/?post_type=product&#038;p=1874"},"modified":"2022-05-09T09:04:15","modified_gmt":"2022-05-09T12:04:15","slug":"las-imagenes-ocupacionales-y-sus-procesos-constitutivos-un-estudio-de-caso","status":"publish","type":"product","link":"https:\/\/ffyh.unc.edu.ar\/publicaciones\/tienda\/publicaciones-de-investigacion\/seicyt-posgrado\/tesis\/las-imagenes-ocupacionales-y-sus-procesos-constitutivos-un-estudio-de-caso\/","title":{"rendered":"Las im\u00e1genes ocupacionales y sus procesos constitutivos: un estudio de caso"},"content":{"rendered":"<p>Este libro es el resultado de una investigaci\u00f3n de caso en profundidad, focalizado en una problem\u00e1tica acuciante, compleja y actual como es el de la Orientaci\u00f3n Vocacional.<\/p>\n<p>Para ello, Elena Moiraghi ahonda en los procesos constitutivos que van configurando las im\u00e1genes ocupacionales y profesionales de los distintos colectivos implicados en la elecci\u00f3n y en la toma de decisi\u00f3n de su futuro que integran la sociedad y cultura de pertenencia.<\/p>\n<p>Juega, metodol\u00f3gicamente, con la complementaci\u00f3n de las distintas miradas de los actores, sea por su condici\u00f3n etaria, por su formaci\u00f3n de base, por el \u00e1mbito ocupacional en el que se desempe\u00f1an, por las experiencias resignificadas, por las expectativas de futuro, entre tantas de las variables estudiadas. Lo interesante es que, mientras ofrece un minucioso relevamiento y an\u00e1lisis de fuentes actualizadas y pertinentes, se anima a hibridar distintas perspectivas te\u00f3ricas y conceptuales, que abonan fuertemente al an\u00e1lisis e interpretaci\u00f3n de los resultados de la investigaci\u00f3n, y a la vez ofrece la posibilidad de ver a la Orientaci\u00f3n Vocacional desde nuevas perspectivas.<\/p>\n<p>Abre as\u00ed la autora un camino novedoso en esta \u00e1rea, avizorando la importancia de profundizar cada vez m\u00e1s en el juego no siempre visible de las im\u00e1genes subyacentes de los procesos de elecci\u00f3n vocacional\/ profesional, y y en sus complejos procesos constitutivos entramados en lo social, lo cultural y lo subjetivo.<\/p>\n","protected":false},"excerpt":{"rendered":"<p>Este libro es el resultado de una investigaci\u00f3n de caso en profundidad, focalizado en una problem\u00e1tica acuciante, compleja y actual como es el de la Orientaci\u00f3n Vocacional. Para ello, Elena Moiraghi ahonda en los procesos constitutivos que van configurando las im\u00e1genes ocupacionales y profesionales de los distintos colectivos implicados en la elecci\u00f3n y en la toma de decisi\u00f3n de su futuro que integran la sociedad y cultura de pertenencia.<\/p>\n","protected":false},"featured_media":1873,"comment_status":"closed","ping_status":"closed","template":"","meta":{"_acf_changed":false,"colormag_page_container_layout":"default_layout","colormag_page_sidebar_layout":"default_layout"},"product_brand":[],"product_cat":[27,36,37],"product_tag":[1177,1562],"autor":[1275],"editor":[],"traductor":[],"compilador":[],"coordinador":[],"director":[],"class_list":{"0":"post-1874","1":"product","2":"type-product","3":"status-publish","4":"has-post-thumbnail","6":"product_cat-publicaciones-de-investigacion","7":"product_cat-seicyt-posgrado","8":"product_cat-tesis","9":"product_tag-educacion","10":"product_tag-orientacion-vocacional","11":"autor-elena-del-carmen-moiraghi","13":"first","14":"instock","15":"shipping-taxable","16":"product-type-external"},"acf":[],"_links":{"self":[{"href":"https:\/\/ffyh.unc.edu.ar\/publicaciones\/wp-json\/wp\/v2\/product\/1874","targetHints":{"allow":["GET"]}}],"collection":[{"href":"https:\/\/ffyh.unc.edu.ar\/publicaciones\/wp-json\/wp\/v2\/product"}],"about":[{"href":"https:\/\/ffyh.unc.edu.ar\/publicaciones\/wp-json\/wp\/v2\/types\/product"}],"replies":[{"embeddable":true,"href":"https:\/\/ffyh.unc.edu.ar\/publicaciones\/wp-json\/wp\/v2\/comments?post=1874"}],"wp:featuredmedia":[{"embeddable":true,"href":"https:\/\/ffyh.unc.edu.ar\/publicaciones\/wp-json\/wp\/v2\/media\/1873"}],"wp:attachment":[{"href":"https:\/\/ffyh.unc.edu.ar\/publicaciones\/wp-json\/wp\/v2\/media?parent=1874"}],"wp:term":[{"taxonomy":"product_brand","embeddable":true,"href":"https:\/\/ffyh.unc.edu.ar\/publicaciones\/wp-json\/wp\/v2\/product_brand?post=1874"},{"taxonomy":"product_cat","embeddable":true,"href":"https:\/\/ffyh.unc.edu.ar\/publicaciones\/wp-json\/wp\/v2\/product_cat?post=1874"},{"taxonomy":"product_tag","embeddable":true,"href":"https:\/\/ffyh.unc.edu.ar\/publicaciones\/wp-json\/wp\/v2\/product_tag?post=1874"},{"taxonomy":"autor","embeddable":true,"href":"https:\/\/ffyh.unc.edu.ar\/publicaciones\/wp-json\/wp\/v2\/autor?post=1874"},{"taxonomy":"editor","embeddable":true,"href":"https:\/\/ffyh.unc.edu.ar\/publicaciones\/wp-json\/wp\/v2\/editor?post=1874"},{"taxonomy":"traductor","embeddable":true,"href":"https:\/\/ffyh.unc.edu.ar\/publicaciones\/wp-json\/wp\/v2\/traductor?post=1874"},{"taxonomy":"compilador","embeddable":true,"href":"https:\/\/ffyh.unc.edu.ar\/publicaciones\/wp-json\/wp\/v2\/compilador?post=1874"},{"taxonomy":"coordinador","embeddable":true,"href":"https:\/\/ffyh.unc.edu.ar\/publicaciones\/wp-json\/wp\/v2\/coordinador?post=1874"},{"taxonomy":"director","embeddable":true,"href":"https:\/\/ffyh.unc.edu.ar\/publicaciones\/wp-json\/wp\/v2\/director?post=1874"}],"curies":[{"name":"wp","href":"https:\/\/api.w.org\/{rel}","templated":true}]}}