{"id":1877,"date":"2014-05-09T09:31:11","date_gmt":"2014-05-09T12:31:11","guid":{"rendered":"https:\/\/ffyh.unc.edu.ar\/publicaciones\/?post_type=product&#038;p=1877"},"modified":"2022-05-09T09:37:58","modified_gmt":"2022-05-09T12:37:58","slug":"curiosos-habitantes-la-obra-de-bustos-domecq-y-b-suarez-lynch-como-discusion-estetica-y-cultural","status":"publish","type":"product","link":"https:\/\/ffyh.unc.edu.ar\/publicaciones\/tienda\/publicaciones-de-investigacion\/seicyt\/colecciones\/curiosos-habitantes-la-obra-de-bustos-domecq-y-b-suarez-lynch-como-discusion-estetica-y-cultural\/","title":{"rendered":"Curiosos habitantes. La obra de Bustos Domecq y B. Su\u00e1rez Lynch como discusi\u00f3n est\u00e9tica y cultural"},"content":{"rendered":"<p>Este trabajo analiza de qu\u00e9 manera la obra escrita en colaboraci\u00f3n entre Jorge Luis Borges y Adolfo Bioy Casares publicada bajo los nombres de H. Bustos Domecq y B. Su\u00e1rez Lynch articula una discusi\u00f3n acerca de la literatura y la cultura argentinas en las primeras d\u00e9cadas del siglo XX. Esto evidencia los esfuerzos de los autores por llevar a cabo una renovaci\u00f3n est\u00e9tica as\u00ed como por lograr una diferente configuraci\u00f3n del campo intelectual.<\/p>\n<p>Entre las m\u00faltiples tendencias que se presentan en la cultura argentina por esos a\u00f1os (modernismo, realismo, vanguardia), cobra especial importancia en estos textos el realismo regionalista como blanco de la parodia; asimismo, un referente que se mantiene a lo largo del corpus es el nacionalismo en sus diferentes formas y mutaciones hist\u00f3ricas.<\/p>\n<p>El posicionamiento ideol\u00f3gico que toma el trabajo de Borges y Bioy puede identificarse, en principio, con el de la revista Sur; sin embargo, va m\u00e1s all\u00e1 y adquiere las caracter\u00edsticas an\u00e1rquicas del carnaval, en el sentido bajtiniano, donde de todo se hace burla, incluso hasta de ellos mismos. Desde el espacio marginal en que se ubica esta obra, se est\u00e1 tratando de desarrollar nuevos par\u00e1metros est\u00e9ticos, operaci\u00f3n que coincide con la crisis del realismo que tiene lugar en Latinoam\u00e9rica a partir de la d\u00e9cada del 40.<\/p>\n","protected":false},"excerpt":{"rendered":"<p>En este e-book Mar\u00eda del Carmen Marengo analiza de qu\u00e9 manera la obra escrita en colaboraci\u00f3n entre Jorge Luis Borges y Adolfo Bioy Casares -publicada bajo los nombres de H. Bustos Domecq y B. Su\u00e1rez Lynch- articula una discusi\u00f3n acerca de la literatura y la cultura argentinas en las primeras d\u00e9cadas del siglo XX.<\/p>\n","protected":false},"featured_media":1878,"comment_status":"closed","ping_status":"closed","template":"","meta":{"_acf_changed":false,"colormag_page_container_layout":"default_layout","colormag_page_sidebar_layout":"default_layout"},"product_brand":[],"product_cat":[34,33],"product_tag":[1518,1520,1533],"autor":[677],"editor":[],"traductor":[],"compilador":[],"coordinador":[],"director":[],"class_list":{"0":"post-1877","1":"product","2":"type-product","3":"status-publish","4":"has-post-thumbnail","6":"product_cat-colecciones","7":"product_cat-seicyt","8":"product_tag-estetica","9":"product_tag-estudios-literarios","10":"product_tag-literatura-argentina","11":"autor-maria-del-carmen-marengo","13":"first","14":"instock","15":"shipping-taxable","16":"product-type-external"},"acf":[],"_links":{"self":[{"href":"https:\/\/ffyh.unc.edu.ar\/publicaciones\/wp-json\/wp\/v2\/product\/1877","targetHints":{"allow":["GET"]}}],"collection":[{"href":"https:\/\/ffyh.unc.edu.ar\/publicaciones\/wp-json\/wp\/v2\/product"}],"about":[{"href":"https:\/\/ffyh.unc.edu.ar\/publicaciones\/wp-json\/wp\/v2\/types\/product"}],"replies":[{"embeddable":true,"href":"https:\/\/ffyh.unc.edu.ar\/publicaciones\/wp-json\/wp\/v2\/comments?post=1877"}],"wp:featuredmedia":[{"embeddable":true,"href":"https:\/\/ffyh.unc.edu.ar\/publicaciones\/wp-json\/wp\/v2\/media\/1878"}],"wp:attachment":[{"href":"https:\/\/ffyh.unc.edu.ar\/publicaciones\/wp-json\/wp\/v2\/media?parent=1877"}],"wp:term":[{"taxonomy":"product_brand","embeddable":true,"href":"https:\/\/ffyh.unc.edu.ar\/publicaciones\/wp-json\/wp\/v2\/product_brand?post=1877"},{"taxonomy":"product_cat","embeddable":true,"href":"https:\/\/ffyh.unc.edu.ar\/publicaciones\/wp-json\/wp\/v2\/product_cat?post=1877"},{"taxonomy":"product_tag","embeddable":true,"href":"https:\/\/ffyh.unc.edu.ar\/publicaciones\/wp-json\/wp\/v2\/product_tag?post=1877"},{"taxonomy":"autor","embeddable":true,"href":"https:\/\/ffyh.unc.edu.ar\/publicaciones\/wp-json\/wp\/v2\/autor?post=1877"},{"taxonomy":"editor","embeddable":true,"href":"https:\/\/ffyh.unc.edu.ar\/publicaciones\/wp-json\/wp\/v2\/editor?post=1877"},{"taxonomy":"traductor","embeddable":true,"href":"https:\/\/ffyh.unc.edu.ar\/publicaciones\/wp-json\/wp\/v2\/traductor?post=1877"},{"taxonomy":"compilador","embeddable":true,"href":"https:\/\/ffyh.unc.edu.ar\/publicaciones\/wp-json\/wp\/v2\/compilador?post=1877"},{"taxonomy":"coordinador","embeddable":true,"href":"https:\/\/ffyh.unc.edu.ar\/publicaciones\/wp-json\/wp\/v2\/coordinador?post=1877"},{"taxonomy":"director","embeddable":true,"href":"https:\/\/ffyh.unc.edu.ar\/publicaciones\/wp-json\/wp\/v2\/director?post=1877"}],"curies":[{"name":"wp","href":"https:\/\/api.w.org\/{rel}","templated":true}]}}