{"id":1881,"date":"2013-05-09T09:39:03","date_gmt":"2013-05-09T12:39:03","guid":{"rendered":"https:\/\/ffyh.unc.edu.ar\/publicaciones\/?post_type=product&#038;p=1881"},"modified":"2022-05-09T09:55:04","modified_gmt":"2022-05-09T12:55:04","slug":"guia-bibliografica-de-autores-y-obras-de-cordoba-siglo-xx","status":"publish","type":"product","link":"https:\/\/ffyh.unc.edu.ar\/publicaciones\/tienda\/publicaciones-de-investigacion\/seicyt\/colecciones\/guia-bibliografica-de-autores-y-obras-de-cordoba-siglo-xx\/","title":{"rendered":"Gu\u00eda bibliogr\u00e1fica de autores y obras de C\u00f3rdoba siglo XX"},"content":{"rendered":"<p>Nuestra literatura desde la d\u00e9cada del &#8217;40, ha mantenido un ritmo de crecimiento, ausente en otros momentos de su historia. Los autores cordobeses comenzaron a escribir de un modo dilatado, m\u00e1s sistem\u00e1tico, maduro y constante.<\/p>\n<p>Silenciosa y silenciadamente, a lo largo del siglo XX, la literatura \u00abde C\u00f3rdoba\u00bb comenz\u00f3 a definirse, a adquirir y a mantener ciertos rasgos que la distinguen y la definen. Este pasaje se realiz\u00f3 mediante la plasmaci\u00f3n recurrente de temas, t\u00f3picos, formas, modos, esquemas y estructuras discursivas y textuales.<\/p>\n<p>Esta Gu\u00eda Bibliogr\u00e1fica es producto de investigaciones en el \u00e1rea de la Literatura de C\u00f3rdoba, \u00e1rea carente a\u00fan de marcos referenciales suficientemente s\u00f3lidos, extensos y amplios como para dimensionar con justicia los trabajos (de creaci\u00f3n y cr\u00edtica) que en ella se desarrollan o se pudieran desarrollar.<\/p>\n<p>En este sentido, la Gu\u00eda Bibliogr\u00e1fica quiere ofrecer al estudioso de la Literatura de C\u00f3rdoba, datos ordenados sobre lo realizado por escritores locales a fin de reducir el margen de exclusi\u00f3n y reclusi\u00f3n de la escritura en la provincia; pero adem\u00e1s, ayudar al interesado a profundizar el alcance de su investigaci\u00f3n a partir del conocimiento de datos y de referencias b\u00e1sicas y fundamentales, que el acervo contiene.<\/p>\n<p>De alguna manera, la ausencia de sistematicidad de la informaci\u00f3n sobre el \u00e1rea habilita a considerar a\u00fan como pendiente la tarea de \u201ccrear\u201d la Literatura de C\u00f3rdoba \u2013en su dimensi\u00f3n amplia y compleja-. Abrir su espacio en el concierto de los hechos culturales (locales y nacionales) todav\u00eda es tarea de \u201cpico y pala\u201d y el relevamiento de esa producci\u00f3n \u2013y su difusi\u00f3n- quisieran operar para revertir esa idea pero m\u00e1s a\u00fan, consolidar las futuras investigaciones sobre el campo en pro de acelerar los ejes de contextualizaci\u00f3n en los que la creaci\u00f3n literaria y sus estudios deber\u00edan insertarse, dialogar, nutrirse y redimensionarse.<\/p>\n","protected":false},"excerpt":{"rendered":"<p>Esta Gu\u00eda Bibliogr\u00e1fica de autores y obras es producto de investigaciones en el \u00e1rea de la Literatura de C\u00f3rdoba y quiere ofrecer al estudioso de dicha literatura, datos ordenados sobre lo realizado por \u00a0escritores locales a fin de reducir el margen de exclusi\u00f3n y reclusi\u00f3n de la escritura en la provincia.<\/p>\n","protected":false},"featured_media":1883,"comment_status":"closed","ping_status":"closed","template":"","meta":{"_acf_changed":false,"colormag_page_container_layout":"default_layout","colormag_page_sidebar_layout":"default_layout"},"product_brand":[],"product_cat":[34,27,33],"product_tag":[1533],"autor":[499],"editor":[],"traductor":[],"compilador":[],"coordinador":[],"director":[],"class_list":{"0":"post-1881","1":"product","2":"type-product","3":"status-publish","4":"has-post-thumbnail","6":"product_cat-colecciones","7":"product_cat-publicaciones-de-investigacion","8":"product_cat-seicyt","9":"product_tag-literatura-argentina","10":"autor-bibiana-eguia","12":"first","13":"instock","14":"shipping-taxable","15":"product-type-external"},"acf":[],"_links":{"self":[{"href":"https:\/\/ffyh.unc.edu.ar\/publicaciones\/wp-json\/wp\/v2\/product\/1881","targetHints":{"allow":["GET"]}}],"collection":[{"href":"https:\/\/ffyh.unc.edu.ar\/publicaciones\/wp-json\/wp\/v2\/product"}],"about":[{"href":"https:\/\/ffyh.unc.edu.ar\/publicaciones\/wp-json\/wp\/v2\/types\/product"}],"replies":[{"embeddable":true,"href":"https:\/\/ffyh.unc.edu.ar\/publicaciones\/wp-json\/wp\/v2\/comments?post=1881"}],"wp:featuredmedia":[{"embeddable":true,"href":"https:\/\/ffyh.unc.edu.ar\/publicaciones\/wp-json\/wp\/v2\/media\/1883"}],"wp:attachment":[{"href":"https:\/\/ffyh.unc.edu.ar\/publicaciones\/wp-json\/wp\/v2\/media?parent=1881"}],"wp:term":[{"taxonomy":"product_brand","embeddable":true,"href":"https:\/\/ffyh.unc.edu.ar\/publicaciones\/wp-json\/wp\/v2\/product_brand?post=1881"},{"taxonomy":"product_cat","embeddable":true,"href":"https:\/\/ffyh.unc.edu.ar\/publicaciones\/wp-json\/wp\/v2\/product_cat?post=1881"},{"taxonomy":"product_tag","embeddable":true,"href":"https:\/\/ffyh.unc.edu.ar\/publicaciones\/wp-json\/wp\/v2\/product_tag?post=1881"},{"taxonomy":"autor","embeddable":true,"href":"https:\/\/ffyh.unc.edu.ar\/publicaciones\/wp-json\/wp\/v2\/autor?post=1881"},{"taxonomy":"editor","embeddable":true,"href":"https:\/\/ffyh.unc.edu.ar\/publicaciones\/wp-json\/wp\/v2\/editor?post=1881"},{"taxonomy":"traductor","embeddable":true,"href":"https:\/\/ffyh.unc.edu.ar\/publicaciones\/wp-json\/wp\/v2\/traductor?post=1881"},{"taxonomy":"compilador","embeddable":true,"href":"https:\/\/ffyh.unc.edu.ar\/publicaciones\/wp-json\/wp\/v2\/compilador?post=1881"},{"taxonomy":"coordinador","embeddable":true,"href":"https:\/\/ffyh.unc.edu.ar\/publicaciones\/wp-json\/wp\/v2\/coordinador?post=1881"},{"taxonomy":"director","embeddable":true,"href":"https:\/\/ffyh.unc.edu.ar\/publicaciones\/wp-json\/wp\/v2\/director?post=1881"}],"curies":[{"name":"wp","href":"https:\/\/api.w.org\/{rel}","templated":true}]}}