{"id":1887,"date":"2013-05-09T09:57:46","date_gmt":"2013-05-09T12:57:46","guid":{"rendered":"https:\/\/ffyh.unc.edu.ar\/publicaciones\/?post_type=product&#038;p=1887"},"modified":"2022-05-09T10:09:18","modified_gmt":"2022-05-09T13:09:18","slug":"formacion-de-profesores-curriculum-sujetos-y-practicas-educativas-la-perspectiva-de-la-investigacion-en-argentina-y-brasil","status":"publish","type":"product","link":"https:\/\/ffyh.unc.edu.ar\/publicaciones\/tienda\/publicaciones-de-investigacion\/seicyt\/colecciones\/formacion-de-profesores-curriculum-sujetos-y-practicas-educativas-la-perspectiva-de-la-investigacion-en-argentina-y-brasil\/","title":{"rendered":"Formaci\u00f3n de Profesores, Curr\u00edculum, Sujetos y Pr\u00e1cticas Educativas. La perspectiva de la investigaci\u00f3n en Argentina y Brasil"},"content":{"rendered":"<p>Este libro tiene como prop\u00f3sito dar continuidad a un proyecto colectivo de publicaciones iniciado en <em>(Re)Pensar la Educaci\u00f3n P\u00fablica. Aportes desde Argentina y Brasil<\/em>, donde recuper\u00e1bamos las producciones de profesores que participaron de cursos, seminarios y conferencias dictados en el marco del Programa Binacional de Centros Asociados de Posgrado Argentina\/Brasil (CAPG-BA), entre el Doctorado en Ciencias de la Educaci\u00f3n de la Universidad Nacional de C\u00f3rdoba y el Doctorado en Educaci\u00f3n de la Universidad Estadual de Campinas (UNICAMP).<\/p>\n<p>En este volumen las tem\u00e1ticas que abordan los profesores-investigadores de ambas instituciones dan cuenta de la diversidad y de las prioridades en las agendas de la investigaci\u00f3n educativa de la regi\u00f3n.<\/p>\n<p>Formaci\u00f3n docente, pol\u00edticas curriculares, evaluaci\u00f3n, tecnolog\u00edas de la ense\u00f1anza y pr\u00e1cticas educativas de j\u00f3venes y adultos en escenarios diversos de escolarizaci\u00f3n, constituyen conceptos potentes abordados desde la reflexi\u00f3n sistem\u00e1tica y rigurosa que aporta la investigaci\u00f3n en nuestros pa\u00edses.<\/p>\n<p>Este libro est\u00e1 estructurado en dos partes. En una primera parte un conjunto de escritos enfocan, desde diferentes y complementarias perspectivas anal\u00edticas, la formaci\u00f3n de profesores (inicial y<br \/>\nen ejercicio), las pol\u00edticas curriculares y pr\u00e1cticas educativas articulando macro y microcontextos de producci\u00f3n e intervenci\u00f3n. En la segunda parte se agrupan los cap\u00edtulos referidos a los sujetos y los procesos de escolarizaci\u00f3n en contextos diversos.<\/p>\n","protected":false},"excerpt":{"rendered":"<p>Este e-book coordinado por Estela Miranda y Newton Paciulli Bryan tiene como prop\u00f3sito dar continuidad a un proyecto colectivo de publicaciones llevadas a cabo entre el Doctorado en Ciencias de la Educaci\u00f3n de la Universidad Nacional de C\u00f3rdoba y el Doctorado en Educaci\u00f3n de la Universidad Estadual de Campinas (UNICAMP). En este volumen las tem\u00e1ticas que abordan los profesores-investigadores de ambas instituciones dan cuenta de la diversidad y de las prioridades en las agendas de la investigaci\u00f3n educativa de la regi\u00f3n.<\/p>\n<p>&nbsp;<\/p>\n","protected":false},"featured_media":1886,"comment_status":"closed","ping_status":"closed","template":"","meta":{"_acf_changed":false,"colormag_page_container_layout":"default_layout","colormag_page_sidebar_layout":"default_layout"},"product_brand":[],"product_cat":[34,27,28,33],"product_tag":[1177,1563],"autor":[1569,1565,1571,1566,1572,1570,1564,1573,1568,1567],"editor":[],"traductor":[],"compilador":[],"coordinador":[1574,1575],"director":[],"class_list":{"0":"post-1887","1":"product","2":"type-product","3":"status-publish","4":"has-post-thumbnail","6":"product_cat-colecciones","7":"product_cat-publicaciones-de-investigacion","8":"product_cat-publicaciones-pedagogicas","9":"product_cat-seicyt","10":"product_tag-educacion","11":"product_tag-formacion-de-profesores","12":"autor-adela-coria","13":"autor-dario-fiorentini","14":"autor-debora-jeffrey","15":"autor-dilma-fregona","16":"autor-dione-lucchesi-de-carvalho","17":"autor-dirce-zan","18":"autor-gloria-edelstein","19":"autor-maria-da-gloria-gohn","20":"autor-maria-graciela-fabietti","21":"autor-monica-villarreal","22":"coordinador-estela-miranda","23":"coordinador-newton-paciulli-bryan","25":"first","26":"instock","27":"shipping-taxable","28":"product-type-external"},"acf":[],"_links":{"self":[{"href":"https:\/\/ffyh.unc.edu.ar\/publicaciones\/wp-json\/wp\/v2\/product\/1887","targetHints":{"allow":["GET"]}}],"collection":[{"href":"https:\/\/ffyh.unc.edu.ar\/publicaciones\/wp-json\/wp\/v2\/product"}],"about":[{"href":"https:\/\/ffyh.unc.edu.ar\/publicaciones\/wp-json\/wp\/v2\/types\/product"}],"replies":[{"embeddable":true,"href":"https:\/\/ffyh.unc.edu.ar\/publicaciones\/wp-json\/wp\/v2\/comments?post=1887"}],"wp:featuredmedia":[{"embeddable":true,"href":"https:\/\/ffyh.unc.edu.ar\/publicaciones\/wp-json\/wp\/v2\/media\/1886"}],"wp:attachment":[{"href":"https:\/\/ffyh.unc.edu.ar\/publicaciones\/wp-json\/wp\/v2\/media?parent=1887"}],"wp:term":[{"taxonomy":"product_brand","embeddable":true,"href":"https:\/\/ffyh.unc.edu.ar\/publicaciones\/wp-json\/wp\/v2\/product_brand?post=1887"},{"taxonomy":"product_cat","embeddable":true,"href":"https:\/\/ffyh.unc.edu.ar\/publicaciones\/wp-json\/wp\/v2\/product_cat?post=1887"},{"taxonomy":"product_tag","embeddable":true,"href":"https:\/\/ffyh.unc.edu.ar\/publicaciones\/wp-json\/wp\/v2\/product_tag?post=1887"},{"taxonomy":"autor","embeddable":true,"href":"https:\/\/ffyh.unc.edu.ar\/publicaciones\/wp-json\/wp\/v2\/autor?post=1887"},{"taxonomy":"editor","embeddable":true,"href":"https:\/\/ffyh.unc.edu.ar\/publicaciones\/wp-json\/wp\/v2\/editor?post=1887"},{"taxonomy":"traductor","embeddable":true,"href":"https:\/\/ffyh.unc.edu.ar\/publicaciones\/wp-json\/wp\/v2\/traductor?post=1887"},{"taxonomy":"compilador","embeddable":true,"href":"https:\/\/ffyh.unc.edu.ar\/publicaciones\/wp-json\/wp\/v2\/compilador?post=1887"},{"taxonomy":"coordinador","embeddable":true,"href":"https:\/\/ffyh.unc.edu.ar\/publicaciones\/wp-json\/wp\/v2\/coordinador?post=1887"},{"taxonomy":"director","embeddable":true,"href":"https:\/\/ffyh.unc.edu.ar\/publicaciones\/wp-json\/wp\/v2\/director?post=1887"}],"curies":[{"name":"wp","href":"https:\/\/api.w.org\/{rel}","templated":true}]}}