{"id":2526,"date":"2022-12-15T11:21:58","date_gmt":"2022-12-15T14:21:58","guid":{"rendered":"https:\/\/ffyh.unc.edu.ar\/publicaciones\/?post_type=product&#038;p=2526"},"modified":"2022-12-27T18:46:08","modified_gmt":"2022-12-27T21:46:08","slug":"como-enfrentamos-la-pandemia-en-nuestras-bibliotecas-experiencias-resilientes","status":"publish","type":"product","link":"https:\/\/ffyh.unc.edu.ar\/publicaciones\/tienda\/publicaciones-del-area-de-publicaciones-de-la-ffyh\/como-enfrentamos-la-pandemia-en-nuestras-bibliotecas-experiencias-resilientes\/","title":{"rendered":"\u00bfC\u00f3mo enfrentamos la pandemia en nuestras bibliotecas?  Experiencias resilientes"},"content":{"rendered":"","protected":false},"excerpt":{"rendered":"<p style=\"text-align: left\">Las bibliotecas vivieron a\u00f1os de profundos aprendizajes durante el 2020 y 2021. Este tiempo les ha exigido replantear de manera urgente sus recursos y servicios en funci\u00f3n de satisfacer las necesidades de informaci\u00f3n de sus usuarios y usuarias. Lo que en realidad no es nuevo para las unidades de informaci\u00f3n dado que el dinamismo que requiere trabajar para los usuarios, que son el centro de todas sus acciones, demanda la adaptaci\u00f3n continua a los cambios producidos por las transformaciones del contexto en que se desempe\u00f1an los destinatarios, brind\u00e1ndoles un servicio esencial y de calidad para su satisfacci\u00f3n.<br \/>\nEste libro recupera las experiencias del proyecto de extensi\u00f3n \u201cCiclo: Desaf\u00edos y<br \/>\nOportunidades de la Nueva Normalidad: Articulando la Pr\u00e1ctica en Bibliotecas y la Ense\u00f1anza de la Bibliotecolog\u00eda\u201d, en el que compartimos las experiencias vividas durante los a\u00f1os de pandemia en nuestros servicios bibliotecarios de manera virtualidad.<\/p>\n","protected":false},"featured_media":2528,"comment_status":"closed","ping_status":"closed","template":"","meta":{"_acf_changed":false,"colormag_page_container_layout":"default_layout","colormag_page_sidebar_layout":"default_layout"},"product_brand":[],"product_cat":[1576],"product_tag":[1618,1619],"autor":[1620,388],"editor":[],"traductor":[],"compilador":[],"coordinador":[],"director":[],"class_list":{"0":"post-2526","1":"product","2":"type-product","3":"status-publish","4":"has-post-thumbnail","6":"product_cat-publicaciones-del-area-de-publicaciones-de-la-ffyh","7":"product_tag-bibliotecas","8":"product_tag-virtualidad","9":"autor-alejandra-greiff","10":"autor-maria-carmen-ladron-de-guevara","12":"first","13":"instock","14":"shipping-taxable","15":"product-type-external"},"acf":[],"_links":{"self":[{"href":"https:\/\/ffyh.unc.edu.ar\/publicaciones\/wp-json\/wp\/v2\/product\/2526","targetHints":{"allow":["GET"]}}],"collection":[{"href":"https:\/\/ffyh.unc.edu.ar\/publicaciones\/wp-json\/wp\/v2\/product"}],"about":[{"href":"https:\/\/ffyh.unc.edu.ar\/publicaciones\/wp-json\/wp\/v2\/types\/product"}],"replies":[{"embeddable":true,"href":"https:\/\/ffyh.unc.edu.ar\/publicaciones\/wp-json\/wp\/v2\/comments?post=2526"}],"wp:featuredmedia":[{"embeddable":true,"href":"https:\/\/ffyh.unc.edu.ar\/publicaciones\/wp-json\/wp\/v2\/media\/2528"}],"wp:attachment":[{"href":"https:\/\/ffyh.unc.edu.ar\/publicaciones\/wp-json\/wp\/v2\/media?parent=2526"}],"wp:term":[{"taxonomy":"product_brand","embeddable":true,"href":"https:\/\/ffyh.unc.edu.ar\/publicaciones\/wp-json\/wp\/v2\/product_brand?post=2526"},{"taxonomy":"product_cat","embeddable":true,"href":"https:\/\/ffyh.unc.edu.ar\/publicaciones\/wp-json\/wp\/v2\/product_cat?post=2526"},{"taxonomy":"product_tag","embeddable":true,"href":"https:\/\/ffyh.unc.edu.ar\/publicaciones\/wp-json\/wp\/v2\/product_tag?post=2526"},{"taxonomy":"autor","embeddable":true,"href":"https:\/\/ffyh.unc.edu.ar\/publicaciones\/wp-json\/wp\/v2\/autor?post=2526"},{"taxonomy":"editor","embeddable":true,"href":"https:\/\/ffyh.unc.edu.ar\/publicaciones\/wp-json\/wp\/v2\/editor?post=2526"},{"taxonomy":"traductor","embeddable":true,"href":"https:\/\/ffyh.unc.edu.ar\/publicaciones\/wp-json\/wp\/v2\/traductor?post=2526"},{"taxonomy":"compilador","embeddable":true,"href":"https:\/\/ffyh.unc.edu.ar\/publicaciones\/wp-json\/wp\/v2\/compilador?post=2526"},{"taxonomy":"coordinador","embeddable":true,"href":"https:\/\/ffyh.unc.edu.ar\/publicaciones\/wp-json\/wp\/v2\/coordinador?post=2526"},{"taxonomy":"director","embeddable":true,"href":"https:\/\/ffyh.unc.edu.ar\/publicaciones\/wp-json\/wp\/v2\/director?post=2526"}],"curies":[{"name":"wp","href":"https:\/\/api.w.org\/{rel}","templated":true}]}}