{"id":2564,"date":"2022-12-19T11:15:09","date_gmt":"2022-12-19T14:15:09","guid":{"rendered":"https:\/\/ffyh.unc.edu.ar\/publicaciones\/?post_type=product&#038;p=2564"},"modified":"2022-12-26T10:15:58","modified_gmt":"2022-12-26T13:15:58","slug":"dotar-construir-conectar","status":"publish","type":"product","link":"https:\/\/ffyh.unc.edu.ar\/publicaciones\/tienda\/publicaciones-de-investigacion\/ciffyh\/colecciones-del-ciffyh\/dotar-construir-conectar\/","title":{"rendered":"Dotar, construir, conectar. Relatos sobre el gobierno de la monarqu\u00eda borb\u00f3nica en Espa\u00f1a,  el Tucum\u00e1n y el R\u00edo de la Plata (1700-1809)"},"content":{"rendered":"<p>Este libro coordinado y compilado por Griselda Tarrag\u00f3 y Mart\u00edn Gentinetta es el primero que se publica de las Colecciones del CIFFyH en su convocatoria 2022.<\/p>\n<p><span style=\"font-weight: 400\"><em>Dotar, construir, conectar. Relatos sobre el gobierno de la monarqu\u00eda borb\u00f3nica en Espa\u00f1a, el Tucum\u00e1n y el R\u00edo de la Plata (1700-1809)<\/em> recoge los resultados de un proyecto de investigaci\u00f3n que comenz\u00f3 en 2018 dentro de la c\u00e1tedra de Historia Moderna de la Escuela de Historia (Facultad de Filosof\u00eda y Humanidades, Universidad Nacional de C\u00f3rdoba).<\/span><\/p>\n<p><span style=\"font-weight: 400\">La propuesta se orient\u00f3 a generar un espacio de producci\u00f3n y ense\u00f1anza-aprendizaje que permitiera, por un lado, desarrollar caminos de formaci\u00f3n \u00abmodernista\u00bb especialmente orientada a la monarqu\u00eda hisp\u00e1nica. Por otro lado, se busc\u00f3 pensar una modernidad americana, al menos en lo que se refiere a los reinos de Indias integrados en la monarqu\u00eda. <\/span><\/p>\n<p><span style=\"font-weight: 400\">El objetivo fundamental del proyecto, plasmado en los trabajos aqu\u00ed reunidos, se ha dirigido a explorar la posibilidad de un mundo de Antiguo R\u00e9gimen altamente conectado e integrado desde lo pol\u00edtico, lo territorial, as\u00ed como desde la esfera de la econom\u00eda. Un mundo donde \u00ablo colonial\u00bb y \u00ablo europeo\u00bb se funden y comparten historias y experiencias. Esa mirada se potencia en la observaci\u00f3n de la vitalidad que la monarqu\u00eda compuesta tiene en pleno siglo XVIII, como en la presencia inexorable de agencias y redes que la configuran y le dan sentido.<\/span><\/p>\n<p><span style=\"font-weight: 400\"><em>Dotar, construir, conectar <\/em><\/span>forma parte de las Colecciones del CIFFyH, una iniciativa del Centro de Investigaciones Mar\u00eda Saleme de Burnichon (FFyH) en vinculaci\u00f3n con el \u00c1rea de Publicaciones de la FFyH que busca fortalecer la producci\u00f3n y difusi\u00f3n del trabajo de los grupos de investigaci\u00f3n del Centro, fomentar la participaci\u00f3n en la producci\u00f3n y circulaci\u00f3n del conocimiento de estudiantes, egresados\/as y docentes, y generar espacios institucionales que habiliten dicha circulaci\u00f3n.<\/p>\n<p>&nbsp;<\/p>\n<p>&nbsp;<\/p>\n","protected":false},"excerpt":{"rendered":"<p><span style=\"font-weight: 400\">Esta publicaci\u00f3n, coordinada y compilada por Griselda Tarrag\u00f3 y Mart\u00edn Gentinetta, recoge los resultados de un proyecto de investigaci\u00f3n que comenz\u00f3 en 2018 dentro de la c\u00e1tedra de Historia Moderna de la Escuela de Historia (FFyH, UNC) y que tiene como objeto explorar la posibilidad de un mundo de Antiguo R\u00e9gimen altamente conectado e integrado desde lo pol\u00edtico, lo territorial, as\u00ed como desde la esfera de la econom\u00eda. Un mundo donde \u00ablo colonial\u00bb y \u00ablo europeo\u00bb se funden y comparten historias y experiencias.<\/span><\/p>\n","protected":false},"featured_media":2569,"comment_status":"closed","ping_status":"closed","template":"","meta":{"_acf_changed":false,"colormag_page_container_layout":"default_layout","colormag_page_sidebar_layout":"default_layout"},"product_brand":[],"product_cat":[30,31,27],"product_tag":[1623,1621,1622],"autor":[1629,1624,800,1630,1627,1628,1631,1625,1626],"editor":[],"traductor":[],"compilador":[1632,1633],"coordinador":[1634,1635],"director":[],"class_list":{"0":"post-2564","1":"product","2":"type-product","3":"status-publish","4":"has-post-thumbnail","6":"product_cat-ciffyh","7":"product_cat-colecciones-del-ciffyh","8":"product_cat-publicaciones-de-investigacion","9":"product_tag-historia-politica-y-social","10":"product_tag-monarquia-hispanica","11":"product_tag-siglo-xviii","12":"autor-clara-gutierrez","13":"autor-griselda-tarrago","14":"autor-maria-de-la-paz-moyano","15":"autor-maria-emilia-gordo-ignacio-liziardi","16":"autor-maria-victoria-marquez","17":"autor-maria-virginia-ramos","18":"autor-mariana-piermarini","19":"autor-martin-gentinetta","20":"autor-rafael-guerrero-elecalde","21":"compilador-griselda-tarrago","22":"compilador-martin-gentinetta","23":"coordinador-griselda-tarrago","24":"coordinador-martin-gentinetta","26":"first","27":"instock","28":"shipping-taxable","29":"product-type-external"},"acf":[],"_links":{"self":[{"href":"https:\/\/ffyh.unc.edu.ar\/publicaciones\/wp-json\/wp\/v2\/product\/2564","targetHints":{"allow":["GET"]}}],"collection":[{"href":"https:\/\/ffyh.unc.edu.ar\/publicaciones\/wp-json\/wp\/v2\/product"}],"about":[{"href":"https:\/\/ffyh.unc.edu.ar\/publicaciones\/wp-json\/wp\/v2\/types\/product"}],"replies":[{"embeddable":true,"href":"https:\/\/ffyh.unc.edu.ar\/publicaciones\/wp-json\/wp\/v2\/comments?post=2564"}],"wp:featuredmedia":[{"embeddable":true,"href":"https:\/\/ffyh.unc.edu.ar\/publicaciones\/wp-json\/wp\/v2\/media\/2569"}],"wp:attachment":[{"href":"https:\/\/ffyh.unc.edu.ar\/publicaciones\/wp-json\/wp\/v2\/media?parent=2564"}],"wp:term":[{"taxonomy":"product_brand","embeddable":true,"href":"https:\/\/ffyh.unc.edu.ar\/publicaciones\/wp-json\/wp\/v2\/product_brand?post=2564"},{"taxonomy":"product_cat","embeddable":true,"href":"https:\/\/ffyh.unc.edu.ar\/publicaciones\/wp-json\/wp\/v2\/product_cat?post=2564"},{"taxonomy":"product_tag","embeddable":true,"href":"https:\/\/ffyh.unc.edu.ar\/publicaciones\/wp-json\/wp\/v2\/product_tag?post=2564"},{"taxonomy":"autor","embeddable":true,"href":"https:\/\/ffyh.unc.edu.ar\/publicaciones\/wp-json\/wp\/v2\/autor?post=2564"},{"taxonomy":"editor","embeddable":true,"href":"https:\/\/ffyh.unc.edu.ar\/publicaciones\/wp-json\/wp\/v2\/editor?post=2564"},{"taxonomy":"traductor","embeddable":true,"href":"https:\/\/ffyh.unc.edu.ar\/publicaciones\/wp-json\/wp\/v2\/traductor?post=2564"},{"taxonomy":"compilador","embeddable":true,"href":"https:\/\/ffyh.unc.edu.ar\/publicaciones\/wp-json\/wp\/v2\/compilador?post=2564"},{"taxonomy":"coordinador","embeddable":true,"href":"https:\/\/ffyh.unc.edu.ar\/publicaciones\/wp-json\/wp\/v2\/coordinador?post=2564"},{"taxonomy":"director","embeddable":true,"href":"https:\/\/ffyh.unc.edu.ar\/publicaciones\/wp-json\/wp\/v2\/director?post=2564"}],"curies":[{"name":"wp","href":"https:\/\/api.w.org\/{rel}","templated":true}]}}