{"id":2743,"date":"2023-03-09T10:55:52","date_gmt":"2023-03-09T13:55:52","guid":{"rendered":"https:\/\/ffyh.unc.edu.ar\/publicaciones\/?post_type=product&#038;p=2743"},"modified":"2023-03-09T10:55:54","modified_gmt":"2023-03-09T13:55:54","slug":"rinconada-mucho-mas-que-un-lugar-en-la-nada","status":"publish","type":"product","link":"https:\/\/ffyh.unc.edu.ar\/publicaciones\/tienda\/publicaciones-del-area-de-publicaciones-de-la-ffyh\/rinconada-mucho-mas-que-un-lugar-en-la-nada\/","title":{"rendered":"Rinconada. Mucho m\u00e1s que un  lugar en la nada"},"content":{"rendered":"<p><em>Rinconada. Mucho m\u00e1s que un lugar en la nada<\/em>\u00a0recoge el trabajo realizado por alumnas y alumnos de 6\u00b0 y 7\u00b0 grado de la Escuela N\u00b023 \u201cMar\u00eda de los Remedios de Escalada de San Mart\u00edn\u201d de Rinconada en la Provincia de Jujuy, Argentina, para sistematizar las riquezas culturales, hist\u00f3ricas y paisaj\u00edsticas del departamento.<\/p>\n<p>La metodolog\u00eda utilizada fue la investigaci\u00f3n, recopilaci\u00f3n y generaci\u00f3n de datos, informaci\u00f3n y materiales a trav\u00e9s de charlas y entrevistas con sus abuelos y abuelas, b\u00fasqueda de fotograf\u00edas, exploraciones bibliogr\u00e1ficas en libros y archivos, y redacci\u00f3n de monograf\u00edas. Guiados por la maestra Pastora Cornelia Villegas, los y las estudiantes \u201c[tomamos]conciencia de la importancia de conocer, cuidar, preservar y defender lo nuestro para contribuir a la conservaci\u00f3n y preservaci\u00f3n, fomentar el respeto y despertar el cari\u00f1o a nuestro acervo cultural\u201d. Esta obra habla de Rinconada, pero tambi\u00e9n del esfuerzo conjunto de una maestra y sus alumnas y alumnos, quienes articularon narrativas sobre el departamento pune\u00f1o, creando sentidos de identificaci\u00f3n colectiva y proyectando una historia posible de Rinconada.<\/p>\n<p>El libro cuenta con la organizaci\u00f3n general de Guillermina Esp\u00f3sito.<\/p>\n","protected":false},"excerpt":{"rendered":"<p>Este libro, que cuenta con la organizaci\u00f3n general de Guillermina Esp\u00f3sito, recoge el trabajo realizado por alumnas y alumnos de 6\u00b0 y 7\u00b0 grado de la Escuela N\u00b023 \u201cMar\u00eda de los Remedios de Escalada de San Mart\u00edn\u201d de Rinconada en la Provincia de Jujuy, Argentina, para sistematizar las riquezas culturales, hist\u00f3ricas y paisaj\u00edsticas del departamento.<\/p>\n","protected":false},"featured_media":2747,"comment_status":"closed","ping_status":"closed","template":"","meta":{"_acf_changed":false,"colormag_page_container_layout":"default_layout","colormag_page_sidebar_layout":"default_layout"},"product_brand":[],"product_cat":[1576],"product_tag":[1159,1653],"autor":[1670,1676,1679,1658,1657,1664,1655,1672,1677,1663,1660,1681,1654,1662,1665,1678,1671,1666,1675,1669,1680,1668,1656,1674,1661,1667,1673,1659],"editor":[],"traductor":[],"compilador":[],"coordinador":[1682],"director":[],"class_list":{"0":"post-2743","1":"product","2":"type-product","3":"status-publish","4":"has-post-thumbnail","6":"product_cat-publicaciones-del-area-de-publicaciones-de-la-ffyh","7":"product_tag-historia-regional","8":"product_tag-jujuy","9":"autor-abril-asiry-arias","10":"autor-alexander-javier-jonari-aguirre","11":"autor-anabel-julieta","12":"autor-axel-elias-trejo","13":"autor-carlos-victor-mamani","14":"autor-daiana-iris-llampa","15":"autor-danilo-flores","16":"autor-danilo-nestor-fabian-flores","17":"autor-eliana-rocio-de-los-angeles-cruz","18":"autor-eliana-roxana-guanco","19":"autor-facundo-daniel-abalos","20":"autor-guillermina-esposito","21":"autor-javier-condori","22":"autor-judith-mariela-geronimo","23":"autor-karina-belen-martinez","24":"autor-lihue-raquel-flores","25":"autor-mamani-fernando-jose-armella","26":"autor-maribel-iris-pastor","27":"autor-maximiliano-rodrigo-elbio-sumbaino","28":"autor-nayra-candela-sumbaino","29":"autor-pastora-cornelia-villegas","30":"autor-rocio-antonela-santos","31":"autor-ruben-ariel-geronimo","32":"autor-santiago-jose-trejo","33":"autor-solange-nahir-cruz","34":"autor-soledad-lucia-salas","35":"autor-vladimir-abel-gutierrez","36":"autor-zair-abel-huaman-zerpa","37":"coordinador-guillermina-esposito","39":"first","40":"instock","41":"shipping-taxable","42":"product-type-external"},"acf":[],"_links":{"self":[{"href":"https:\/\/ffyh.unc.edu.ar\/publicaciones\/wp-json\/wp\/v2\/product\/2743","targetHints":{"allow":["GET"]}}],"collection":[{"href":"https:\/\/ffyh.unc.edu.ar\/publicaciones\/wp-json\/wp\/v2\/product"}],"about":[{"href":"https:\/\/ffyh.unc.edu.ar\/publicaciones\/wp-json\/wp\/v2\/types\/product"}],"replies":[{"embeddable":true,"href":"https:\/\/ffyh.unc.edu.ar\/publicaciones\/wp-json\/wp\/v2\/comments?post=2743"}],"wp:featuredmedia":[{"embeddable":true,"href":"https:\/\/ffyh.unc.edu.ar\/publicaciones\/wp-json\/wp\/v2\/media\/2747"}],"wp:attachment":[{"href":"https:\/\/ffyh.unc.edu.ar\/publicaciones\/wp-json\/wp\/v2\/media?parent=2743"}],"wp:term":[{"taxonomy":"product_brand","embeddable":true,"href":"https:\/\/ffyh.unc.edu.ar\/publicaciones\/wp-json\/wp\/v2\/product_brand?post=2743"},{"taxonomy":"product_cat","embeddable":true,"href":"https:\/\/ffyh.unc.edu.ar\/publicaciones\/wp-json\/wp\/v2\/product_cat?post=2743"},{"taxonomy":"product_tag","embeddable":true,"href":"https:\/\/ffyh.unc.edu.ar\/publicaciones\/wp-json\/wp\/v2\/product_tag?post=2743"},{"taxonomy":"autor","embeddable":true,"href":"https:\/\/ffyh.unc.edu.ar\/publicaciones\/wp-json\/wp\/v2\/autor?post=2743"},{"taxonomy":"editor","embeddable":true,"href":"https:\/\/ffyh.unc.edu.ar\/publicaciones\/wp-json\/wp\/v2\/editor?post=2743"},{"taxonomy":"traductor","embeddable":true,"href":"https:\/\/ffyh.unc.edu.ar\/publicaciones\/wp-json\/wp\/v2\/traductor?post=2743"},{"taxonomy":"compilador","embeddable":true,"href":"https:\/\/ffyh.unc.edu.ar\/publicaciones\/wp-json\/wp\/v2\/compilador?post=2743"},{"taxonomy":"coordinador","embeddable":true,"href":"https:\/\/ffyh.unc.edu.ar\/publicaciones\/wp-json\/wp\/v2\/coordinador?post=2743"},{"taxonomy":"director","embeddable":true,"href":"https:\/\/ffyh.unc.edu.ar\/publicaciones\/wp-json\/wp\/v2\/director?post=2743"}],"curies":[{"name":"wp","href":"https:\/\/api.w.org\/{rel}","templated":true}]}}