{"id":2829,"date":"2023-03-30T17:20:05","date_gmt":"2023-03-30T20:20:05","guid":{"rendered":"https:\/\/ffyh.unc.edu.ar\/publicaciones\/?post_type=product&#038;p=2829"},"modified":"2023-03-30T17:20:07","modified_gmt":"2023-03-30T20:20:07","slug":"politicas-discursivas-diversidad-afectos-generos","status":"publish","type":"product","link":"https:\/\/ffyh.unc.edu.ar\/publicaciones\/tienda\/publicaciones-de-investigacion\/ciffyh\/colecciones-del-ciffyh\/politicas-discursivas-diversidad-afectos-generos\/","title":{"rendered":"Pol\u00edticas discursivas. Diversidad, afectos, g\u00e9neros"},"content":{"rendered":"<p><em><span style=\"font-weight: 400\">El libro \u00abPol\u00edticas discursivas. Diversidad, afectos, g\u00e9neros\u00bb editado por Magdalena Uz\u00edn, se propone recuperar y compartir algunas producciones desarrolladas en el marco del proyecto de investigaci\u00f3n \u201cPol\u00edticas discursivas de la diversidad sexual: Tecnolog\u00edas de los afectos\u201d, iniciado en el CIFFyH en 2018 bajo la modalidad de los proyectos Consolidar de Secyt (UNC). <\/span><\/em><\/p>\n<p><span style=\"font-weight: 400\">El e-book recupera trabajos que rescatan los aportes del feminismo, los estudios de g\u00e9nero, la l\u00ednea te\u00f3rica del llamado giro afectivo para el estudio, an\u00e1lisis y discusi\u00f3n del campo de la afectividad en los discursos. <\/span><\/p>\n<p><span style=\"font-weight: 400\">A partir de estas propuestas te\u00f3ricas se analizan una gran variedad de discursos (literatura, prensa escrita, materiales educativos, performances, ficci\u00f3n audiovisual, etc.). <\/span><\/p>\n<p><span style=\"font-weight: 400\">Si bien se trata de un recorrido parcial por la producci\u00f3n acad\u00e9mica del equipo, la oportunidad de recuperar estos trabajos ha resultado altamente positiva ya que permite una mirada panor\u00e1mica del camino recorrido hasta aqu\u00ed, y brinda la posibilidad de plantear a partir de ese panorama nuevas perspectivas y zonas problem\u00e1ticas a indagar, tanto en la teor\u00eda como en los discursos que se analizan.<\/span><\/p>\n<p>El e-book forma parte de las Colecciones del CIFFyH, una iniciativa del Centro de Investigaciones Mar\u00eda Saleme de Burnichon (FFyH) en vinculaci\u00f3n con el \u00c1rea de Publicaciones de la FFyH que busca fortalecer la producci\u00f3n y difusi\u00f3n del trabajo de los grupos de investigaci\u00f3n del Centro, fomentar la participaci\u00f3n en la producci\u00f3n y circulaci\u00f3n del conocimiento de estudiantes, egresados\/as y docentes, y generar espacios institucionales que habiliten dicha circulaci\u00f3n.<\/p>\n<p>&nbsp;<\/p>\n","protected":false},"excerpt":{"rendered":"<p><em><span style=\"font-weight: 400\">Este e-book, editado por Magdalena Uz\u00edn y perteneciente a las Colecciones del CIFFYH, <\/span><\/em>recupera trabajos que rescatan los aportes del feminismo, los estudios de g\u00e9nero, la l\u00ednea te\u00f3rica del llamado giro afectivo para el estudio, an\u00e1lisis y discusi\u00f3n del campo de la afectividad en los discursos.<\/p>\n","protected":false},"featured_media":2833,"comment_status":"closed","ping_status":"closed","template":"","meta":{"_acf_changed":false,"colormag_page_container_layout":"default_layout","colormag_page_sidebar_layout":"default_layout"},"product_brand":[],"product_cat":[30,31,27],"product_tag":[1703,1229,1457],"autor":[1707,1705,1706,458,1704],"editor":[1708],"traductor":[],"compilador":[],"coordinador":[],"director":[],"class_list":{"0":"post-2829","1":"product","2":"type-product","3":"status-publish","4":"has-post-thumbnail","6":"product_cat-ciffyh","7":"product_cat-colecciones-del-ciffyh","8":"product_cat-publicaciones-de-investigacion","9":"product_tag-afectos","10":"product_tag-discurso","11":"product_tag-estudios-de-genero","12":"autor-emilia-gatica-caverzacio","13":"autor-florencia-m-ceballos","14":"autor-laura-cerquatti","15":"autor-magdalena-uzin","16":"autor-patricia-rotger","17":"editor-magdalena-uzin","19":"first","20":"instock","21":"shipping-taxable","22":"product-type-external"},"acf":[],"_links":{"self":[{"href":"https:\/\/ffyh.unc.edu.ar\/publicaciones\/wp-json\/wp\/v2\/product\/2829","targetHints":{"allow":["GET"]}}],"collection":[{"href":"https:\/\/ffyh.unc.edu.ar\/publicaciones\/wp-json\/wp\/v2\/product"}],"about":[{"href":"https:\/\/ffyh.unc.edu.ar\/publicaciones\/wp-json\/wp\/v2\/types\/product"}],"replies":[{"embeddable":true,"href":"https:\/\/ffyh.unc.edu.ar\/publicaciones\/wp-json\/wp\/v2\/comments?post=2829"}],"wp:featuredmedia":[{"embeddable":true,"href":"https:\/\/ffyh.unc.edu.ar\/publicaciones\/wp-json\/wp\/v2\/media\/2833"}],"wp:attachment":[{"href":"https:\/\/ffyh.unc.edu.ar\/publicaciones\/wp-json\/wp\/v2\/media?parent=2829"}],"wp:term":[{"taxonomy":"product_brand","embeddable":true,"href":"https:\/\/ffyh.unc.edu.ar\/publicaciones\/wp-json\/wp\/v2\/product_brand?post=2829"},{"taxonomy":"product_cat","embeddable":true,"href":"https:\/\/ffyh.unc.edu.ar\/publicaciones\/wp-json\/wp\/v2\/product_cat?post=2829"},{"taxonomy":"product_tag","embeddable":true,"href":"https:\/\/ffyh.unc.edu.ar\/publicaciones\/wp-json\/wp\/v2\/product_tag?post=2829"},{"taxonomy":"autor","embeddable":true,"href":"https:\/\/ffyh.unc.edu.ar\/publicaciones\/wp-json\/wp\/v2\/autor?post=2829"},{"taxonomy":"editor","embeddable":true,"href":"https:\/\/ffyh.unc.edu.ar\/publicaciones\/wp-json\/wp\/v2\/editor?post=2829"},{"taxonomy":"traductor","embeddable":true,"href":"https:\/\/ffyh.unc.edu.ar\/publicaciones\/wp-json\/wp\/v2\/traductor?post=2829"},{"taxonomy":"compilador","embeddable":true,"href":"https:\/\/ffyh.unc.edu.ar\/publicaciones\/wp-json\/wp\/v2\/compilador?post=2829"},{"taxonomy":"coordinador","embeddable":true,"href":"https:\/\/ffyh.unc.edu.ar\/publicaciones\/wp-json\/wp\/v2\/coordinador?post=2829"},{"taxonomy":"director","embeddable":true,"href":"https:\/\/ffyh.unc.edu.ar\/publicaciones\/wp-json\/wp\/v2\/director?post=2829"}],"curies":[{"name":"wp","href":"https:\/\/api.w.org\/{rel}","templated":true}]}}