{"id":2840,"date":"2023-04-05T16:36:23","date_gmt":"2023-04-05T19:36:23","guid":{"rendered":"https:\/\/ffyh.unc.edu.ar\/publicaciones\/?post_type=product&#038;p=2840"},"modified":"2023-04-05T16:36:25","modified_gmt":"2023-04-05T19:36:25","slug":"epistemologia-e-historia-de-la-astronomia-volumen-i","status":"publish","type":"product","link":"https:\/\/ffyh.unc.edu.ar\/publicaciones\/tienda\/publicaciones-de-investigacion\/ciffyh\/colecciones-del-ciffyh\/epistemologia-e-historia-de-la-astronomia-volumen-i\/","title":{"rendered":"Epistemolog\u00eda e Historia de la Astronom\u00eda Volumen I"},"content":{"rendered":"<p>El libro \u00abEpistemolog\u00eda e Historia de la Astronom\u00eda Volumen I\u00bb compilado por Maximiliano Bozzoli, Luis Salvatico y David Merlo re\u00fane una selecci\u00f3n de trabajos presentados en las Primeras Jornadas de Epistemolog\u00eda e Historia de la Astronom\u00eda (JEHA-I) que se desarrollaron de manera virtual entre el 1\u00b0 y 3 de noviembre del a\u00f1o 2021.<\/p>\n<p>Los art\u00edculos incluidos en este volumen contribuyen a la creaci\u00f3n y consolidaci\u00f3n de \u00e1mbitos espec\u00edficos de trabajo interdisciplinario, cruzando intereses tanto por la astronom\u00eda como disciplina cient\u00edfica, como por la historia y la reflexi\u00f3n epistemol\u00f3gica, entre otras \u00e1reas afines.<\/p>\n<p>El e-book forma parte de las Colecciones del CIFFyH, una iniciativa del Centro de Investigaciones Mar\u00eda Saleme de Burnichon (FFyH) en vinculaci\u00f3n con el \u00c1rea de Publicaciones de la FFyH que busca fortalecer la producci\u00f3n y difusi\u00f3n del trabajo de los grupos de investigaci\u00f3n del Centro, fomentar la participaci\u00f3n en la producci\u00f3n y circulaci\u00f3n del conocimiento de estudiantes, egresados\/as y docentes, y generar espacios institucionales que habiliten dicha circulaci\u00f3n.<\/p>\n","protected":false},"excerpt":{"rendered":"<p>Este e-book re\u00fane una selecci\u00f3n de trabajos presentados en las Primeras Jornadas de Epistemolog\u00eda e Historia de la Astronom\u00eda (JEHA-I) que se desarrollaron de manera virtual entre el 1\u00b0 y 3 de noviembre del a\u00f1o 2021.<\/p>\n","protected":false},"featured_media":2844,"comment_status":"closed","ping_status":"closed","template":"","meta":{"_acf_changed":false,"colormag_page_container_layout":"default_layout","colormag_page_sidebar_layout":"default_layout"},"product_brand":[],"product_cat":[31],"product_tag":[1709],"autor":[1712,1717,1728,192,1729,1715,1724,134,1710,1714,118,1720,1727,124,1722,1718,1711,1713,1721,1723,1726,936,1725,160,1716,117,1719],"editor":[],"traductor":[],"compilador":[1732,1731,1730],"coordinador":[],"director":[],"class_list":{"0":"post-2840","1":"product","2":"type-product","3":"status-publish","4":"has-post-thumbnail","6":"product_cat-colecciones-del-ciffyh","7":"product_tag-astronomia","8":"autor-alejandro-cassini","9":"autor-anastasia-guidi-itokazu","10":"autor-andre-ferrer-pinto-martins","11":"autor-andres-a-ilcic","12":"autor-antonio-a-p-videira","13":"autor-catalina-peccoud","14":"autor-david-c-merlo","15":"autor-guadalupe-mettini","16":"autor-jesus-h-calderon","17":"autor-jose-g-funes","18":"autor-julian-reynoso","19":"autor-lydia-cidale","20":"autor-maria-romenia-da-silva","21":"autor-maximiliano-bozzoli","22":"autor-monica-lopez","23":"autor-natalia-soledad-meilan","24":"autor-nestor-camino","25":"autor-octavio-chon-torres","26":"autor-roberto-gamen","27":"autor-romina-peralta-pascula","28":"autor-santiago-paolantonio","29":"autor-sofia-lacolla","30":"autor-veronica-lencinas","31":"autor-victor-rodriguez","32":"autor-viviana-polisena","33":"autor-xavier-huvelle","34":"autor-yael-aidelman","35":"compilador-david-merlo","36":"compilador-luis-salvatico","37":"compilador-maximiliano-bozzoli","39":"first","40":"instock","41":"shipping-taxable","42":"product-type-external"},"acf":[],"_links":{"self":[{"href":"https:\/\/ffyh.unc.edu.ar\/publicaciones\/wp-json\/wp\/v2\/product\/2840","targetHints":{"allow":["GET"]}}],"collection":[{"href":"https:\/\/ffyh.unc.edu.ar\/publicaciones\/wp-json\/wp\/v2\/product"}],"about":[{"href":"https:\/\/ffyh.unc.edu.ar\/publicaciones\/wp-json\/wp\/v2\/types\/product"}],"replies":[{"embeddable":true,"href":"https:\/\/ffyh.unc.edu.ar\/publicaciones\/wp-json\/wp\/v2\/comments?post=2840"}],"wp:featuredmedia":[{"embeddable":true,"href":"https:\/\/ffyh.unc.edu.ar\/publicaciones\/wp-json\/wp\/v2\/media\/2844"}],"wp:attachment":[{"href":"https:\/\/ffyh.unc.edu.ar\/publicaciones\/wp-json\/wp\/v2\/media?parent=2840"}],"wp:term":[{"taxonomy":"product_brand","embeddable":true,"href":"https:\/\/ffyh.unc.edu.ar\/publicaciones\/wp-json\/wp\/v2\/product_brand?post=2840"},{"taxonomy":"product_cat","embeddable":true,"href":"https:\/\/ffyh.unc.edu.ar\/publicaciones\/wp-json\/wp\/v2\/product_cat?post=2840"},{"taxonomy":"product_tag","embeddable":true,"href":"https:\/\/ffyh.unc.edu.ar\/publicaciones\/wp-json\/wp\/v2\/product_tag?post=2840"},{"taxonomy":"autor","embeddable":true,"href":"https:\/\/ffyh.unc.edu.ar\/publicaciones\/wp-json\/wp\/v2\/autor?post=2840"},{"taxonomy":"editor","embeddable":true,"href":"https:\/\/ffyh.unc.edu.ar\/publicaciones\/wp-json\/wp\/v2\/editor?post=2840"},{"taxonomy":"traductor","embeddable":true,"href":"https:\/\/ffyh.unc.edu.ar\/publicaciones\/wp-json\/wp\/v2\/traductor?post=2840"},{"taxonomy":"compilador","embeddable":true,"href":"https:\/\/ffyh.unc.edu.ar\/publicaciones\/wp-json\/wp\/v2\/compilador?post=2840"},{"taxonomy":"coordinador","embeddable":true,"href":"https:\/\/ffyh.unc.edu.ar\/publicaciones\/wp-json\/wp\/v2\/coordinador?post=2840"},{"taxonomy":"director","embeddable":true,"href":"https:\/\/ffyh.unc.edu.ar\/publicaciones\/wp-json\/wp\/v2\/director?post=2840"}],"curies":[{"name":"wp","href":"https:\/\/api.w.org\/{rel}","templated":true}]}}