{"id":2911,"date":"2023-05-05T14:57:27","date_gmt":"2023-05-05T17:57:27","guid":{"rendered":"https:\/\/ffyh.unc.edu.ar\/publicaciones\/?post_type=product&#038;p=2911"},"modified":"2023-05-05T16:01:30","modified_gmt":"2023-05-05T19:01:30","slug":"violencia-y-dolor-notas-sobre-literatura-francofona-contemporanea","status":"publish","type":"product","link":"https:\/\/ffyh.unc.edu.ar\/publicaciones\/tienda\/publicaciones-de-investigacion\/ciffyh\/colecciones-del-ciffyh\/violencia-y-dolor-notas-sobre-literatura-francofona-contemporanea\/","title":{"rendered":"Violencia y dolor. Notas sobre literatura franc\u00f3fona contempor\u00e1nea"},"content":{"rendered":"<p>Este libro, editado por Natalia Ferreri y Cecilia Peralta Fr\u00edas, presenta una compilaci\u00f3n de trabajos originales de Agustina Concepci\u00f3n Alonso, Paula Gamba, Ana Virginia Lona, Francisco Pag\u00e9s Reimon y Luc\u00eda Villagra, y forma parte de las Colecciones del CIFFyH.<\/p>\n<p>Los trabajos reunidos en este volumen parten del presupuesto de que la literatura franc\u00f3fona extremo contempor\u00e1nea de los \u00faltimos decenios captura manifestaciones de la violencia y muestras de dolor, sustentadas en inequidades propias de un siglo signado por las paradojas y devuelve esas im\u00e1genes al mundo en forma de arte.<\/p>\n<p>En el corpus trabajado a lo largo del libro, conformado por novelas en lengua francesa de las \u00faltimas d\u00e9cadas, se escenifican formas diversas de la violencia que son le\u00eddas desde un marco te\u00f3rico que recorre desde el per\u00edodo de \u201cla Terreur\u201d en Francia \u2012cuya representaci\u00f3n mec\u00e1nica a la vez que moderna fue la guillotina\u2012 momento entendido como anatomopol\u00edtica, pasando por la biopol\u00edtica, los terrorismos fundamentalistas, los terrorismos de Estado, hasta sumergirnos en las microviolencias de lo cotidiano tanto en sus manifestaciones de control espacial, discursivo y de vigilancia, como en el gobierno de las emociones.<\/p>\n<p>El e-book forma parte de las Colecciones del CIFFyH, una iniciativa del Centro de Investigaciones Mar\u00eda Saleme de Burnichon (FFyH) en vinculaci\u00f3n con el \u00c1rea de Publicaciones de la FFyH que busca fortalecer la producci\u00f3n y difusi\u00f3n del trabajo de los grupos de investigaci\u00f3n del Centro, fomentar la participaci\u00f3n en la producci\u00f3n y circulaci\u00f3n del conocimiento de estudiantes, egresados\/as y docentes, y generar espacios institucionales que habiliten dicha circulaci\u00f3n.<\/p>\n","protected":false},"excerpt":{"rendered":"<p>Este libro, editado por Natalia L. Ferreri y Cecilia V. Peralta Fr\u00edas, presenta una compilaci\u00f3n de trabajos originales de Agustina Concepci\u00f3n Alonso, Paula Gamba, Ana Virginia Lona, Francisco Pag\u00e9s Reimon y Luc\u00eda Villagra, y forma parte de las Colecciones del CIFFyH.<\/p>\n","protected":false},"featured_media":2915,"comment_status":"closed","ping_status":"closed","template":"","meta":{"_acf_changed":false,"colormag_page_container_layout":"default_layout","colormag_page_sidebar_layout":"default_layout"},"product_brand":[],"product_cat":[31],"product_tag":[1779,1777,1776,1778],"autor":[1780,1782,1783,1784,1781],"editor":[1786,1785],"traductor":[],"compilador":[],"coordinador":[],"director":[],"class_list":{"0":"post-2911","1":"product","2":"type-product","3":"status-publish","4":"has-post-thumbnail","6":"product_cat-colecciones-del-ciffyh","7":"product_tag-dolor","8":"product_tag-literatura-contemporanea","9":"product_tag-literatura-francofona","10":"product_tag-violencia","11":"autor-agustina-concepcion-alonso","12":"autor-ana-virginia-lona","13":"autor-francisco-pages-reimon","14":"autor-lucia-villagra","15":"autor-paula-gamba","16":"editor-cecilia-peralta-frias","17":"editor-natalia-ferreri","19":"first","20":"instock","21":"shipping-taxable","22":"product-type-external"},"acf":[],"_links":{"self":[{"href":"https:\/\/ffyh.unc.edu.ar\/publicaciones\/wp-json\/wp\/v2\/product\/2911","targetHints":{"allow":["GET"]}}],"collection":[{"href":"https:\/\/ffyh.unc.edu.ar\/publicaciones\/wp-json\/wp\/v2\/product"}],"about":[{"href":"https:\/\/ffyh.unc.edu.ar\/publicaciones\/wp-json\/wp\/v2\/types\/product"}],"replies":[{"embeddable":true,"href":"https:\/\/ffyh.unc.edu.ar\/publicaciones\/wp-json\/wp\/v2\/comments?post=2911"}],"wp:featuredmedia":[{"embeddable":true,"href":"https:\/\/ffyh.unc.edu.ar\/publicaciones\/wp-json\/wp\/v2\/media\/2915"}],"wp:attachment":[{"href":"https:\/\/ffyh.unc.edu.ar\/publicaciones\/wp-json\/wp\/v2\/media?parent=2911"}],"wp:term":[{"taxonomy":"product_brand","embeddable":true,"href":"https:\/\/ffyh.unc.edu.ar\/publicaciones\/wp-json\/wp\/v2\/product_brand?post=2911"},{"taxonomy":"product_cat","embeddable":true,"href":"https:\/\/ffyh.unc.edu.ar\/publicaciones\/wp-json\/wp\/v2\/product_cat?post=2911"},{"taxonomy":"product_tag","embeddable":true,"href":"https:\/\/ffyh.unc.edu.ar\/publicaciones\/wp-json\/wp\/v2\/product_tag?post=2911"},{"taxonomy":"autor","embeddable":true,"href":"https:\/\/ffyh.unc.edu.ar\/publicaciones\/wp-json\/wp\/v2\/autor?post=2911"},{"taxonomy":"editor","embeddable":true,"href":"https:\/\/ffyh.unc.edu.ar\/publicaciones\/wp-json\/wp\/v2\/editor?post=2911"},{"taxonomy":"traductor","embeddable":true,"href":"https:\/\/ffyh.unc.edu.ar\/publicaciones\/wp-json\/wp\/v2\/traductor?post=2911"},{"taxonomy":"compilador","embeddable":true,"href":"https:\/\/ffyh.unc.edu.ar\/publicaciones\/wp-json\/wp\/v2\/compilador?post=2911"},{"taxonomy":"coordinador","embeddable":true,"href":"https:\/\/ffyh.unc.edu.ar\/publicaciones\/wp-json\/wp\/v2\/coordinador?post=2911"},{"taxonomy":"director","embeddable":true,"href":"https:\/\/ffyh.unc.edu.ar\/publicaciones\/wp-json\/wp\/v2\/director?post=2911"}],"curies":[{"name":"wp","href":"https:\/\/api.w.org\/{rel}","templated":true}]}}