{"id":3027,"date":"2023-05-18T11:33:52","date_gmt":"2023-05-18T14:33:52","guid":{"rendered":"https:\/\/ffyh.unc.edu.ar\/publicaciones\/?post_type=product&#038;p=3027"},"modified":"2024-09-19T10:29:39","modified_gmt":"2024-09-19T13:29:39","slug":"asumir-la-docencia-saberes-de-noveles-y-desafios-en-contextos-inciertos","status":"publish","type":"product","link":"https:\/\/ffyh.unc.edu.ar\/publicaciones\/tienda\/publicaciones-del-area-de-publicaciones-de-la-ffyh\/asumir-la-docencia-saberes-de-noveles-y-desafios-en-contextos-inciertos\/","title":{"rendered":"Asumir la docencia. Saberes de noveles y desaf\u00edos en contextos inciertos"},"content":{"rendered":"<p>El e-book \u00abAsumir la docencia. Saberes de noveles y desaf\u00edos en contextos inciertos\u00bb, cuya coordinaci\u00f3n general de edici\u00f3n estuvo a cargo de Celia Salit, materializa el trabajo de un grupo de docentes e investigadorxs de la C\u00e1tedra Pr\u00e1ctica Docente y Residencia (Seminario-Taller) de la Escuela de Ciencias de la Educaci\u00f3n de la FFyH, UNC.<\/p>\n<p>El libro re\u00fane producciones derivadas de trabajos de investigaci\u00f3n que, desde la articulaci\u00f3n entre Did\u00e1ctica General y Did\u00e1cticas Espec\u00edficas, abordan tem\u00e1ticas relativas a la ense\u00f1anza y formaci\u00f3n docente. Tem\u00e1ticas indagadas en el marco de los proyectos: \u00abSaberes pedag\u00f3gicos como saberes de la experiencia\u00bb, \u00abEl caso de docentes noveles, egresadxs del profesorado de Ciencias de la Educaci\u00f3n de la UNC\u00bb, \u00abDid\u00e1ctica de la Filosof\u00eda: experiencias, pol\u00edtica y subjetividades\u00bb e \u00abIniciaci\u00f3n a la docencia. Saberes pedag\u00f3gico-did\u00e1cticos de egresadxs de los profesorados de Filosof\u00eda y de Ciencias de la Educaci\u00f3n de la FFyH, UNC\u00bb.<\/p>\n<p>Confluyen as\u00ed intereses investigativos compartidos y la pr\u00e1ctica de escritura interdisciplinaria entre los equipos de las \u00e1reas de Filosof\u00eda y Ciencias de la Educaci\u00f3n, integrantes de dicha C\u00e1tedra.<\/p>\n<p>En los diversos cap\u00edtulos se abordan exploraciones acerca de saberes y experiencias de egresadxs, que se acompa\u00f1an desde diversos dispositivos (seminarios, tutor\u00edas, talleres, ateneos) durante el per\u00edodo de formaci\u00f3n docente inicial -particularmente durante la residencia- y en los primeros a\u00f1os de su inserci\u00f3n profesional.<\/p>\n","protected":false},"excerpt":{"rendered":"<p>El e-book \u00abAsumir la docencia. Saberes de noveles y desaf\u00edos en contextos inciertos\u00bb, cuya coordinaci\u00f3n general de edici\u00f3n estuvo a cargo de Celia Salit, materializa el trabajo de un grupo de docentes e investigadorxs de la C\u00e1tedra Pr\u00e1ctica Docente y Residencia (Seminario-Taller) de la Escuela de Ciencias de la Educaci\u00f3n de la FFyH, UNC.<\/p>\n","protected":false},"featured_media":3029,"comment_status":"closed","ping_status":"closed","template":"","meta":{"_acf_changed":false,"colormag_page_container_layout":"default_layout","colormag_page_sidebar_layout":"default_layout"},"product_brand":[],"product_cat":[1576],"product_tag":[1684,1081,1174],"autor":[1803,1388,1795,1801,1794,1800,1395,1391,1796,1798,1393,1802,1797,1799,1390,1804,1392,421,1389],"editor":[1805],"traductor":[],"compilador":[],"coordinador":[1806],"director":[],"class_list":{"0":"post-3027","1":"product","2":"type-product","3":"status-publish","4":"has-post-thumbnail","6":"product_cat-publicaciones-del-area-de-publicaciones-de-la-ffyh","7":"product_tag-didactica","8":"product_tag-ensenanza","9":"product_tag-formacion","10":"autor-agustina-rodriguez","11":"autor-amiel-gorosito","12":"autor-ana-belen-caminos","13":"autor-ana-laura-diaz","14":"autor-carola-pera","15":"autor-carola-perea","16":"autor-celia-salit","17":"autor-dolores-santamarina","18":"autor-franco-sgarlatta","19":"autor-gabriel-tobares","20":"autor-gabriela-domjan","21":"autor-hugo-suarez","22":"autor-ivanna-marcantonelli","23":"autor-luciana-caverzacio","24":"autor-moira-rivulgo","25":"autor-noe-bondone","26":"autor-patricia-gabbarini","27":"autor-sergio-andrade","28":"autor-veronica-lerda","29":"editor-celia-salit","30":"coordinador-celia-salit","32":"first","33":"instock","34":"shipping-taxable","35":"product-type-external"},"acf":[],"_links":{"self":[{"href":"https:\/\/ffyh.unc.edu.ar\/publicaciones\/wp-json\/wp\/v2\/product\/3027","targetHints":{"allow":["GET"]}}],"collection":[{"href":"https:\/\/ffyh.unc.edu.ar\/publicaciones\/wp-json\/wp\/v2\/product"}],"about":[{"href":"https:\/\/ffyh.unc.edu.ar\/publicaciones\/wp-json\/wp\/v2\/types\/product"}],"replies":[{"embeddable":true,"href":"https:\/\/ffyh.unc.edu.ar\/publicaciones\/wp-json\/wp\/v2\/comments?post=3027"}],"wp:featuredmedia":[{"embeddable":true,"href":"https:\/\/ffyh.unc.edu.ar\/publicaciones\/wp-json\/wp\/v2\/media\/3029"}],"wp:attachment":[{"href":"https:\/\/ffyh.unc.edu.ar\/publicaciones\/wp-json\/wp\/v2\/media?parent=3027"}],"wp:term":[{"taxonomy":"product_brand","embeddable":true,"href":"https:\/\/ffyh.unc.edu.ar\/publicaciones\/wp-json\/wp\/v2\/product_brand?post=3027"},{"taxonomy":"product_cat","embeddable":true,"href":"https:\/\/ffyh.unc.edu.ar\/publicaciones\/wp-json\/wp\/v2\/product_cat?post=3027"},{"taxonomy":"product_tag","embeddable":true,"href":"https:\/\/ffyh.unc.edu.ar\/publicaciones\/wp-json\/wp\/v2\/product_tag?post=3027"},{"taxonomy":"autor","embeddable":true,"href":"https:\/\/ffyh.unc.edu.ar\/publicaciones\/wp-json\/wp\/v2\/autor?post=3027"},{"taxonomy":"editor","embeddable":true,"href":"https:\/\/ffyh.unc.edu.ar\/publicaciones\/wp-json\/wp\/v2\/editor?post=3027"},{"taxonomy":"traductor","embeddable":true,"href":"https:\/\/ffyh.unc.edu.ar\/publicaciones\/wp-json\/wp\/v2\/traductor?post=3027"},{"taxonomy":"compilador","embeddable":true,"href":"https:\/\/ffyh.unc.edu.ar\/publicaciones\/wp-json\/wp\/v2\/compilador?post=3027"},{"taxonomy":"coordinador","embeddable":true,"href":"https:\/\/ffyh.unc.edu.ar\/publicaciones\/wp-json\/wp\/v2\/coordinador?post=3027"},{"taxonomy":"director","embeddable":true,"href":"https:\/\/ffyh.unc.edu.ar\/publicaciones\/wp-json\/wp\/v2\/director?post=3027"}],"curies":[{"name":"wp","href":"https:\/\/api.w.org\/{rel}","templated":true}]}}