{"id":3101,"date":"2023-06-01T12:29:53","date_gmt":"2023-06-01T15:29:53","guid":{"rendered":"https:\/\/ffyh.unc.edu.ar\/publicaciones\/?post_type=product&#038;p=3101"},"modified":"2023-06-01T12:30:27","modified_gmt":"2023-06-01T15:30:27","slug":"jovenes-y-adultos-urbanos-y-rurales-sujetos-politicas-y-practicas","status":"publish","type":"product","link":"https:\/\/ffyh.unc.edu.ar\/publicaciones\/tienda\/publicaciones-de-investigacion\/ciffyh\/colecciones-del-ciffyh\/jovenes-y-adultos-urbanos-y-rurales-sujetos-politicas-y-practicas\/","title":{"rendered":"J\u00f3venes y adultos urbanos y rurales. Sujetos, pol\u00edticas y pr\u00e1cticas"},"content":{"rendered":"<p><span style=\"font-weight: 400\">Este libro, compilado por Mar\u00eda del Carmen Lorenzatti y Ver\u00f3nica Ligorria, recoge los resultados del desarrollo del Programa \u201cTransformaciones estructurales, procesos y pr\u00e1cticas pol\u00edticas y experiencias formativas en espacios rurales y urbanos\u201d, dirigido por la Dra. Lorenzatti y radicado en el CIFFyH.<\/span><\/p>\n<p><span style=\"font-weight: 400\">El e-book presenta una compilaci\u00f3n de trabajos originales de Eva Mara Petiti, Mar\u00eda del Carmen Lorenzatti, Mariana Tosolini, Gloria Beinotti, Guillermina Carre\u00f1o, Macarena Romero Acu\u00f1a, Ver\u00f3nica Ligorria, Emilia Schmuck, Elisa Cragnolino, Hern\u00e1n Flores, Mercedes Hirsch, Alfredo Bearzotti, Paula Camusso, Mercedes Fune y Sofia Ambroggi.<\/span><\/p>\n<p><span style=\"font-weight: 400\">La organizaci\u00f3n de esta publicaci\u00f3n se compone de dos apartados. El primero de ellos titulado \u201cPol\u00edticas p\u00fablicas y educativas: perspectivas hist\u00f3ricas y socioculturales\u201d presenta <\/span><span style=\"font-weight: 400\">investigaciones sobre pol\u00edticas educativas en distintos momentos hist\u00f3ricos en educaci\u00f3n rural y de j\u00f3venes y adultos en el que se incluyen l\u00edneas de an\u00e1lisis sobre pol\u00edticas formaci\u00f3n docente, pr\u00e1cticas educativas escolares y sujetos, estudiantes y docentes de ambas modalidades.<\/span><\/p>\n<p><span style=\"font-weight: 400\">En el segundo apartado que se titula \u201cEstudios en caso: escenarios heterog\u00e9neos de l<\/span><span style=\"font-weight: 400\">educaci\u00f3n rural y de j\u00f3venes y adultos\u201d se presentan investigaciones que abordan las <\/span><span style=\"font-weight: 400\">particularidades de experiencias formativas de j\u00f3venes y adultos en distintos espacios sociales donde emergen disputas que involucran estudiantes de nivel secundario y universitarios y empresas familiares asociadas del mundo rural.<\/span><\/p>\n<p><span style=\"font-weight: 400\">El e-book forma parte de las Colecciones del CIFFyH, una iniciativa del Centro de Investigaciones Mar\u00eda Saleme de Burnichon (FFyH) en vinculaci\u00f3n con el \u00c1rea de Publicaciones de la FFyH que busca fortalecer la producci\u00f3n y difusi\u00f3n del trabajo de los grupos de investigaci\u00f3n del Centro, fomentar la participaci\u00f3n en la producci\u00f3n y circulaci\u00f3n del conocimiento de estudiantes, egresados\/as y docentes, y generar espacios institucionales que habiliten dicha circulaci\u00f3n.<\/span><\/p>\n","protected":false},"excerpt":{"rendered":"<p><span style=\"font-weight: 400\">Este libro, compilado por Mar\u00eda del Carmen Lorenzatti y Ver\u00f3nica Ligorria, recoge los resultados del desarrollo del Programa \u201cTransformaciones estructurales, procesos y pr\u00e1cticas pol\u00edticas y experiencias formativas en espacios rurales y urbanos\u201d, dirigido por la Dra. Lorenzatti y radicado en el CIFFyH.<\/span><\/p>\n","protected":false},"featured_media":3103,"comment_status":"closed","ping_status":"closed","template":"","meta":{"_acf_changed":false,"colormag_page_container_layout":"default_layout","colormag_page_sidebar_layout":"default_layout"},"product_brand":[],"product_cat":[31,27],"product_tag":[1177,1404,1898],"autor":[1903,1421,1901,1899,1900,1406,1408,1420,399,401,1905,1902,1904,1906,1413],"editor":[],"traductor":[],"compilador":[1907,1908],"coordinador":[],"director":[],"class_list":{"0":"post-3101","1":"product","2":"type-product","3":"status-publish","4":"has-post-thumbnail","6":"product_cat-colecciones-del-ciffyh","7":"product_cat-publicaciones-de-investigacion","8":"product_tag-educacion","9":"product_tag-educacion-en-contextos-rurales","10":"product_tag-jovenes-y-adultos","11":"autor-alfredo-bearzotti","12":"autor-elisa-cragnolino","13":"autor-emilia-schmuck","14":"autor-eva-mara-petiti","15":"autor-gloria-beinotti","16":"autor-guillermina-carreno","17":"autor-hernan-flores","18":"autor-macarena-romero-acuna","19":"autor-maria-del-carmen-lorenzatti","20":"autor-mariana-tosolini","21":"autor-mercedes-funes","22":"autor-mercedes-hirsch","23":"autor-paula-camusso","24":"autor-sofia-ambroggi","25":"autor-veronica-ligorria","26":"compilador-maria-del-carmen-lorenzatti","27":"compilador-veronica-ligorria","29":"first","30":"instock","31":"shipping-taxable","32":"product-type-external"},"acf":[],"_links":{"self":[{"href":"https:\/\/ffyh.unc.edu.ar\/publicaciones\/wp-json\/wp\/v2\/product\/3101","targetHints":{"allow":["GET"]}}],"collection":[{"href":"https:\/\/ffyh.unc.edu.ar\/publicaciones\/wp-json\/wp\/v2\/product"}],"about":[{"href":"https:\/\/ffyh.unc.edu.ar\/publicaciones\/wp-json\/wp\/v2\/types\/product"}],"replies":[{"embeddable":true,"href":"https:\/\/ffyh.unc.edu.ar\/publicaciones\/wp-json\/wp\/v2\/comments?post=3101"}],"wp:featuredmedia":[{"embeddable":true,"href":"https:\/\/ffyh.unc.edu.ar\/publicaciones\/wp-json\/wp\/v2\/media\/3103"}],"wp:attachment":[{"href":"https:\/\/ffyh.unc.edu.ar\/publicaciones\/wp-json\/wp\/v2\/media?parent=3101"}],"wp:term":[{"taxonomy":"product_brand","embeddable":true,"href":"https:\/\/ffyh.unc.edu.ar\/publicaciones\/wp-json\/wp\/v2\/product_brand?post=3101"},{"taxonomy":"product_cat","embeddable":true,"href":"https:\/\/ffyh.unc.edu.ar\/publicaciones\/wp-json\/wp\/v2\/product_cat?post=3101"},{"taxonomy":"product_tag","embeddable":true,"href":"https:\/\/ffyh.unc.edu.ar\/publicaciones\/wp-json\/wp\/v2\/product_tag?post=3101"},{"taxonomy":"autor","embeddable":true,"href":"https:\/\/ffyh.unc.edu.ar\/publicaciones\/wp-json\/wp\/v2\/autor?post=3101"},{"taxonomy":"editor","embeddable":true,"href":"https:\/\/ffyh.unc.edu.ar\/publicaciones\/wp-json\/wp\/v2\/editor?post=3101"},{"taxonomy":"traductor","embeddable":true,"href":"https:\/\/ffyh.unc.edu.ar\/publicaciones\/wp-json\/wp\/v2\/traductor?post=3101"},{"taxonomy":"compilador","embeddable":true,"href":"https:\/\/ffyh.unc.edu.ar\/publicaciones\/wp-json\/wp\/v2\/compilador?post=3101"},{"taxonomy":"coordinador","embeddable":true,"href":"https:\/\/ffyh.unc.edu.ar\/publicaciones\/wp-json\/wp\/v2\/coordinador?post=3101"},{"taxonomy":"director","embeddable":true,"href":"https:\/\/ffyh.unc.edu.ar\/publicaciones\/wp-json\/wp\/v2\/director?post=3101"}],"curies":[{"name":"wp","href":"https:\/\/api.w.org\/{rel}","templated":true}]}}