{"id":3175,"date":"2023-06-27T11:18:52","date_gmt":"2023-06-27T14:18:52","guid":{"rendered":"https:\/\/ffyh.unc.edu.ar\/publicaciones\/?post_type=product&#038;p=3175"},"modified":"2023-06-27T11:21:05","modified_gmt":"2023-06-27T14:21:05","slug":"filosofia-de-la-cienciapor-jovenes-investigadores-vol-3","status":"publish","type":"product","link":"https:\/\/ffyh.unc.edu.ar\/publicaciones\/tienda\/publicaciones-de-investigacion\/ciffyh\/colecciones-del-ciffyh\/filosofia-de-la-cienciapor-jovenes-investigadores-vol-3\/","title":{"rendered":"Filosof\u00eda de la Ciencia por J\u00f3venes Investigadores vol. 3"},"content":{"rendered":"<p>Este volumen re\u00fane los trabajos presentados originalmente en las 3ras Jornadas de J\u00f3venes Investigadores en Filosof\u00eda de la Ciencia (JJFIC), llevadas a cabo en octubre de 2021 en la ciudad de C\u00f3rdoba y en m\u00faltiples pantallas a lo largo del pa\u00eds. La modalidad virtual \u2014a la que la pandemia nos arroj\u00f3\u2014, fue posible gracias al renovado esfuerzo de cada une de les actores que trajeron este evento a la realidad.<\/p>\n<p>Uno de los objetivos principales de las JJFIC consiste en reunir las reflexiones filos\u00f3ficas en torno a las ciencias desde diversas perspectivas, dando cuenta de la pluralidad de trayectorias e intereses de nuestra actual comunidad de investigaci\u00f3n.<\/p>\n<p>As\u00ed, este volumen editado por\u00a0 Mar\u00eda Gabriela Fissore, Francisco El\u00edas Moreno, Barbara Paez Sueldo y Martina Schilling, da cuenta de la voluntad colectiva de proponer una discusi\u00f3n sobre las formas en que investigamos las ciencias, desde un espacio pensado por y para les j\u00f3venes investigadores.<\/p>\n<p>Este e-book, como sus dos vol\u00famenes anteriores, forma parte de las Colecciones del CIFFyH, una iniciativa del Centro de Investigaciones Mar\u00eda Saleme de Burnichon (FFyH) en vinculaci\u00f3n con el \u00c1rea de Publicaciones de la FFyH que busca fortalecer la producci\u00f3n y difusi\u00f3n del trabajo de los grupos de investigaci\u00f3n del Centro, fomentar la participaci\u00f3n en la producci\u00f3n y circulaci\u00f3n del conocimiento de estudiantes, egresados\/as y docentes, y generar espacios institucionales que habiliten dicha circulaci\u00f3n.<\/p>\n","protected":false},"excerpt":{"rendered":"<p>El e-book, editado por Mar\u00eda Gabriela Fissore, Francisco El\u00edas Moreno, Barbara Paez Sueldo y Martina Schilling, re\u00fane los trabajos presentados originalmente en las 3ras Jornadas de J\u00f3venes Investigadores en Filosof\u00eda de la Ciencia (JJFIC).<\/p>\n","protected":false},"featured_media":3178,"comment_status":"closed","ping_status":"closed","template":"","meta":{"_acf_changed":false,"colormag_page_container_layout":"default_layout","colormag_page_sidebar_layout":"default_layout"},"product_brand":[],"product_cat":[30,31,27],"product_tag":[1210,1211],"autor":[112,1917,1492,1926,1925,1920,167,106,1505,1915,1927,1916,1923,1918,1922,1919,1924,1921,1493,122,127,117],"editor":[1930,1929,1928,131],"traductor":[],"compilador":[],"coordinador":[],"director":[],"class_list":{"0":"post-3175","1":"product","2":"type-product","3":"status-publish","4":"has-post-thumbnail","6":"product_cat-ciffyh","7":"product_cat-colecciones-del-ciffyh","8":"product_cat-publicaciones-de-investigacion","9":"product_tag-filosofia-de-la-ciencia","10":"product_tag-jovenes-investigadores","11":"autor-agustin-mauro","12":"autor-clara-castanares","13":"autor-elias-morales","14":"autor-estrella-micaela-campos","15":"autor-eugenio-mie-battan","16":"autor-francisco-elias-moreno","17":"autor-guillermo-folguera","18":"autor-ignacio-heredia","19":"autor-jose-giromini","20":"autor-julian-arraiga","21":"autor-julieta-pereira-crespo","22":"autor-luis-bagatolli","23":"autor-maria-gabriela-fissore","24":"autor-maria-luz-damico","25":"autor-mateo-santillan-castro","26":"autor-matias-giri","27":"autor-noelia-ayelen-stetie","28":"autor-pablo-martin-binaghi","29":"autor-santiago-demarco","30":"autor-sofia-mondaca","31":"autor-tamara-nizetich","32":"autor-xavier-huvelle","33":"editor-barbara-paez-sueldo","34":"editor-francisco-elias-moreno","35":"editor-maria-gabriela-fissore","36":"editor-martina-schilling","38":"first","39":"instock","40":"shipping-taxable","41":"product-type-external"},"acf":[],"_links":{"self":[{"href":"https:\/\/ffyh.unc.edu.ar\/publicaciones\/wp-json\/wp\/v2\/product\/3175","targetHints":{"allow":["GET"]}}],"collection":[{"href":"https:\/\/ffyh.unc.edu.ar\/publicaciones\/wp-json\/wp\/v2\/product"}],"about":[{"href":"https:\/\/ffyh.unc.edu.ar\/publicaciones\/wp-json\/wp\/v2\/types\/product"}],"replies":[{"embeddable":true,"href":"https:\/\/ffyh.unc.edu.ar\/publicaciones\/wp-json\/wp\/v2\/comments?post=3175"}],"wp:featuredmedia":[{"embeddable":true,"href":"https:\/\/ffyh.unc.edu.ar\/publicaciones\/wp-json\/wp\/v2\/media\/3178"}],"wp:attachment":[{"href":"https:\/\/ffyh.unc.edu.ar\/publicaciones\/wp-json\/wp\/v2\/media?parent=3175"}],"wp:term":[{"taxonomy":"product_brand","embeddable":true,"href":"https:\/\/ffyh.unc.edu.ar\/publicaciones\/wp-json\/wp\/v2\/product_brand?post=3175"},{"taxonomy":"product_cat","embeddable":true,"href":"https:\/\/ffyh.unc.edu.ar\/publicaciones\/wp-json\/wp\/v2\/product_cat?post=3175"},{"taxonomy":"product_tag","embeddable":true,"href":"https:\/\/ffyh.unc.edu.ar\/publicaciones\/wp-json\/wp\/v2\/product_tag?post=3175"},{"taxonomy":"autor","embeddable":true,"href":"https:\/\/ffyh.unc.edu.ar\/publicaciones\/wp-json\/wp\/v2\/autor?post=3175"},{"taxonomy":"editor","embeddable":true,"href":"https:\/\/ffyh.unc.edu.ar\/publicaciones\/wp-json\/wp\/v2\/editor?post=3175"},{"taxonomy":"traductor","embeddable":true,"href":"https:\/\/ffyh.unc.edu.ar\/publicaciones\/wp-json\/wp\/v2\/traductor?post=3175"},{"taxonomy":"compilador","embeddable":true,"href":"https:\/\/ffyh.unc.edu.ar\/publicaciones\/wp-json\/wp\/v2\/compilador?post=3175"},{"taxonomy":"coordinador","embeddable":true,"href":"https:\/\/ffyh.unc.edu.ar\/publicaciones\/wp-json\/wp\/v2\/coordinador?post=3175"},{"taxonomy":"director","embeddable":true,"href":"https:\/\/ffyh.unc.edu.ar\/publicaciones\/wp-json\/wp\/v2\/director?post=3175"}],"curies":[{"name":"wp","href":"https:\/\/api.w.org\/{rel}","templated":true}]}}