{"id":3397,"date":"2023-08-18T12:24:50","date_gmt":"2023-08-18T15:24:50","guid":{"rendered":"https:\/\/ffyh.unc.edu.ar\/publicaciones\/?post_type=product&#038;p=3397"},"modified":"2023-08-18T12:24:52","modified_gmt":"2023-08-18T15:24:52","slug":"nineces-y-adolescencias-en-procesos-educativos-y-comunitarios","status":"publish","type":"product","link":"https:\/\/ffyh.unc.edu.ar\/publicaciones\/tienda\/publicaciones-del-area-de-publicaciones-de-la-ffyh\/nineces-y-adolescencias-en-procesos-educativos-y-comunitarios\/","title":{"rendered":"Ni\u00f1eces y adolescencias en procesos educativos y comunitarios"},"content":{"rendered":"<p>Este libro agrupa trabajos de tres carreras de posgrado que se desarrollan en nuestra unidad acad\u00e9mica: la Especializaci\u00f3n en Asesoramiento y Gesti\u00f3n Pedag\u00f3gica, la Especializaci\u00f3n en Psicopedagog\u00eda Escolar y la Especializaci\u00f3n en Adolescencia con menci\u00f3n en Educaci\u00f3n y con menci\u00f3n en Psicolog\u00eda del Desarrollo. Esta \u00faltima, cogestionada por la Facultad de Filosof\u00eda y Humanidades y la Facultad de Psicolog\u00eda, fue la impulsora del compendio que presentamos.<\/p>\n<p>El eje transversal es el ejercicio de la reflexi\u00f3n cr\u00edtica en torno a las juventudes. El rasgo distintivo es su inter\u00e9s por la producci\u00f3n de conocimientos te\u00f3ricos, metodol\u00f3gicos y t\u00e9cnicos en estrecha vinculaci\u00f3n con aquellas problem\u00e1ticas que son objeto de intervenci\u00f3n.<\/p>\n<p>Esperamos que los textos aqu\u00ed reunidos se conviertan en una genuina invitaci\u00f3n a imaginar realidades m\u00e1s habitables y futuros posibles. Hacer instituci\u00f3n, hacer escuela implica habilitar conflictos cuya resoluci\u00f3n no siempre puede ser anticipada ni resuelta a trav\u00e9s de recetas prefabricadas.<\/p>\n<p>Quiz\u00e1 esta sea nuestra mayor responsabilidad para con las j\u00f3venes generaciones: apostar por construir relaciones de confianza, los finales abiertos, las respuestas cuestionables que ense\u00f1en a tramitar la incertidumbre de estos tiempos como las principales herramientas para transformar la realidad.<\/p>\n","protected":false},"excerpt":{"rendered":"<p>Este libro agrupa trabajos de tres carreras de posgrado que se desarrollan en nuestra unidad acad\u00e9mica: la Especializaci\u00f3n en Asesoramiento y Gesti\u00f3n Pedag\u00f3gica, la Especializaci\u00f3n en Psicopedagog\u00eda Escolar y la Especializaci\u00f3n en Adolescencia con menci\u00f3n en Educaci\u00f3n y con menci\u00f3n en Psicolog\u00eda del Desarrollo.<\/p>\n","protected":false},"featured_media":3401,"comment_status":"closed","ping_status":"closed","template":"","meta":{"_acf_changed":false,"colormag_page_container_layout":"default_layout","colormag_page_sidebar_layout":"default_layout"},"product_brand":[],"product_cat":[1576],"product_tag":[1955,1453,1956],"autor":[1961,1964,395,1958,1960,689,1963,1957,1965,1966,1959,528,1967,375,1962],"editor":[],"traductor":[],"compilador":[1971,1970,1968,1969],"coordinador":[],"director":[],"class_list":{"0":"post-3397","1":"product","2":"type-product","3":"status-publish","4":"has-post-thumbnail","6":"product_cat-publicaciones-del-area-de-publicaciones-de-la-ffyh","7":"product_tag-adolescencias","8":"product_tag-infancias","9":"product_tag-posgrado","10":"autor-abel-lisnovsky","11":"autor-angel-gustavo-romero","12":"autor-carola-rodriguez","13":"autor-laura-andrea-abratte","14":"autor-luchino-luciana","15":"autor-m-cristina-vairo","16":"autor-maria-eugenia-allende","17":"autor-maria-laura-ortiz","18":"autor-maria-laura-pardo","19":"autor-maria-victoria-rivarola","20":"autor-matias-dreizik-jorge-zarate","21":"autor-miriam-abate-daga","22":"autor-natalia-alejandra-del-m-gonzalez","23":"autor-patricia-mercado","24":"autor-silvia-kravetz","25":"compilador-ana-luisa-cilimbini","26":"compilador-gloria-borioli","27":"compilador-laura-andrea-abratte","28":"compilador-matias-dreizik","30":"first","31":"instock","32":"shipping-taxable","33":"product-type-external"},"acf":[],"_links":{"self":[{"href":"https:\/\/ffyh.unc.edu.ar\/publicaciones\/wp-json\/wp\/v2\/product\/3397","targetHints":{"allow":["GET"]}}],"collection":[{"href":"https:\/\/ffyh.unc.edu.ar\/publicaciones\/wp-json\/wp\/v2\/product"}],"about":[{"href":"https:\/\/ffyh.unc.edu.ar\/publicaciones\/wp-json\/wp\/v2\/types\/product"}],"replies":[{"embeddable":true,"href":"https:\/\/ffyh.unc.edu.ar\/publicaciones\/wp-json\/wp\/v2\/comments?post=3397"}],"wp:featuredmedia":[{"embeddable":true,"href":"https:\/\/ffyh.unc.edu.ar\/publicaciones\/wp-json\/wp\/v2\/media\/3401"}],"wp:attachment":[{"href":"https:\/\/ffyh.unc.edu.ar\/publicaciones\/wp-json\/wp\/v2\/media?parent=3397"}],"wp:term":[{"taxonomy":"product_brand","embeddable":true,"href":"https:\/\/ffyh.unc.edu.ar\/publicaciones\/wp-json\/wp\/v2\/product_brand?post=3397"},{"taxonomy":"product_cat","embeddable":true,"href":"https:\/\/ffyh.unc.edu.ar\/publicaciones\/wp-json\/wp\/v2\/product_cat?post=3397"},{"taxonomy":"product_tag","embeddable":true,"href":"https:\/\/ffyh.unc.edu.ar\/publicaciones\/wp-json\/wp\/v2\/product_tag?post=3397"},{"taxonomy":"autor","embeddable":true,"href":"https:\/\/ffyh.unc.edu.ar\/publicaciones\/wp-json\/wp\/v2\/autor?post=3397"},{"taxonomy":"editor","embeddable":true,"href":"https:\/\/ffyh.unc.edu.ar\/publicaciones\/wp-json\/wp\/v2\/editor?post=3397"},{"taxonomy":"traductor","embeddable":true,"href":"https:\/\/ffyh.unc.edu.ar\/publicaciones\/wp-json\/wp\/v2\/traductor?post=3397"},{"taxonomy":"compilador","embeddable":true,"href":"https:\/\/ffyh.unc.edu.ar\/publicaciones\/wp-json\/wp\/v2\/compilador?post=3397"},{"taxonomy":"coordinador","embeddable":true,"href":"https:\/\/ffyh.unc.edu.ar\/publicaciones\/wp-json\/wp\/v2\/coordinador?post=3397"},{"taxonomy":"director","embeddable":true,"href":"https:\/\/ffyh.unc.edu.ar\/publicaciones\/wp-json\/wp\/v2\/director?post=3397"}],"curies":[{"name":"wp","href":"https:\/\/api.w.org\/{rel}","templated":true}]}}