{"id":3602,"date":"2023-09-28T17:29:51","date_gmt":"2023-09-28T20:29:51","guid":{"rendered":"https:\/\/ffyh.unc.edu.ar\/publicaciones\/?post_type=product&#038;p=3602"},"modified":"2023-09-28T17:29:56","modified_gmt":"2023-09-28T20:29:56","slug":"actas-xi-encuentro-de-ciencias-sociales-y-humanas-el-desafio-de-las-desigualdades-critica-e-intervencion-segunda-parte","status":"publish","type":"product","link":"https:\/\/ffyh.unc.edu.ar\/publicaciones\/tienda\/publicaciones-de-investigacion\/ciffyh\/actas\/actas-xi-encuentro-de-ciencias-sociales-y-humanas-el-desafio-de-las-desigualdades-critica-e-intervencion-segunda-parte\/","title":{"rendered":"Actas XI Encuentro de Ciencias Sociales y Humanas: \u201cEl desaf\u00edo de las desigualdades: cr\u00edtica e intervenci\u00f3n\u201d \u2013 Segunda parte"},"content":{"rendered":"<p>Del 29 de noviembre al 2 de diciembre de 2022 se llev\u00f3 a cabo el XI Encuentro Interdisciplinario de Ciencias Sociales y Humanas: \u201cEl desaf\u00edo de las desigualdades: cr\u00edtica e intervenci\u00f3n\u201d, evento acad\u00e9mico coorganizado por el Centro de Investigaciones Mar\u00eda Saleme de Burnichon y el Instituto de Humanidades (CONICET-UNC), dos de los espacios de investigaci\u00f3n de la Facultad de Filosof\u00eda y Humanidades de la Universidad Nacional de C\u00f3rdoba.<\/p>\n<p>Los trabajos que reunimos en estas actas, producto de las numerosas ponencias presentadas en el XI Encuentro, dan cuenta del espacio de reflexi\u00f3n, intercambio y comunicaci\u00f3n de conocimientos que cultivamos a diario entre el IDH y el CIFFyH. Ese v\u00ednculo que espera ser ensayado y fortalecido mucho m\u00e1s todav\u00eda se pone de manifiesto en las valiosas contribuciones de estudiantes, graduad*s, becari*s, docentes e investigador*s que se re\u00fanen en estos dos vol\u00famenes y que revitalizan las pr\u00e1cticas disciplinares de las Humanidades y las Ciencias Sociales en nuestra regi\u00f3n.<\/p>\n<p>Aunque el contexto actual sea tan distinto y tan grave por otros motivos, el volumen y la calidad de nuestro trabajo nos invita a seguir apostando por la construcci\u00f3n colectiva de saberes y el compromiso social con la comunidad democr\u00e1tica que hace posible nuestro trabajo.<\/p>\n","protected":false},"excerpt":{"rendered":"<p>Este es el segundo de los dos tomos del libro digital de Actas del XI Encuentro Interdisciplinario de Ciencias Sociales y Humanas: \u201cEl desaf\u00edo de las desigualdades: cr\u00edtica e intervenci\u00f3n\u201d, llevado a cabo desde el 29 de noviembre al 2 de diciembre de 2022 y organizado por el CIFFyH y el Instituto de Humanidades (IDH) \u2013 CONICET. Los trabajos aqu\u00ed reunidos, producto de las numerosas ponencias presentadas en el XI Encuentro, dan cuenta del espacio de reflexi\u00f3n, intercambio y comunicaci\u00f3n de conocimientos que cultivamos a diario entre el IDH y el CIFFyH.<\/p>\n","protected":false},"featured_media":3600,"comment_status":"closed","ping_status":"closed","template":"","meta":{"_acf_changed":false,"colormag_page_container_layout":"default_layout","colormag_page_sidebar_layout":"default_layout"},"product_brand":[],"product_cat":[32,30,27],"product_tag":[1232,1216],"autor":[2081,2079,2052,2074,2095,2098,592,2124,2099,539,469,526,2105,1882,2088,1980,2110,2120,499,1076,589,561,536,2067,2106,2071,2104,2084,2083,2068,610,2108,2057,2100,2054,611,2114,2127,2062,574,2059,2086,2060,2061,2056,208,2128,775,2117,2122,2058,2075,1303,1532,2116,591,2129,339,2089,2101,1883,2072,2055,2064,559,228,475,2109,2112,2094,2090,1527,585,2076,2078,2115,2103,715,335,571,320,2113,2096,2123,572,2077,2126,2119,477,830,500,2087,805,2066,2093,401,2107,422,2053,479,2118,2082,2121,331,2065,2125,506,2091,2063,2069,2092,569,590,2073,2051,421,2097,566,2111,529,1267,887,491,2070,2080,564,2085,2102],"editor":[],"traductor":[],"compilador":[2050,2049],"coordinador":[],"director":[],"class_list":{"0":"post-3602","1":"product","2":"type-product","3":"status-publish","4":"has-post-thumbnail","6":"product_cat-actas","7":"product_cat-ciffyh","8":"product_cat-publicaciones-de-investigacion","9":"product_tag-actas-de-congresos","10":"product_tag-ciencias-sociales-y-humanidades","11":"autor-adriana-bosio","12":"autor-adriana-edith-salcedo-giacosa","13":"autor-agustin-alincastro","14":"autor-agustin-villarreal","15":"autor-ailen-suyai-pereyra","16":"autor-alberto-taborda","17":"autor-alejandra-castro","18":"autor-alejandra-lamas","19":"autor-alejandro-maniaci","20":"autor-alejandro-milotich","21":"autor-alicia-vaggione","22":"autor-ana-carol-solis","23":"autor-ana-derrico","24":"autor-ana-elisa-zorzi-ferratto","25":"autor-ana-laura-elorza","26":"autor-analia-van-cauteren","27":"autor-anker-diaz-nocera","28":"autor-antonella-carla-cialabrini","29":"autor-bibiana-eguia","30":"autor-carina-bertolino","31":"autor-carla-pedrazzani","32":"autor-carla-romano-roth","33":"autor-carlos-balzi","34":"autor-cecilia-maria-aldao","35":"autor-claudia-l-bilavcik","36":"autor-constanza-lucia-tanner","37":"autor-constanza-molina","38":"autor-daniela-sposito","39":"autor-edie-de-jesus-gomez-marrugo","40":"autor-emilia-masino","41":"autor-ernesto-morillo","42":"autor-eugenia-sequeira","43":"autor-eunice-rebolledo-fica","44":"autor-fabian-h-zampini","45":"autor-fabiana-mabel-barbero","46":"autor-fani-balcazar","47":"autor-federico-de-la-fuente","48":"autor-fidel-azarian","49":"autor-florencia-ortiz","50":"autor-gabriela-gonzalez-ramos","51":"autor-gabriela-lamelas","52":"autor-gaspar-laguens","53":"autor-gonzalo-gutierrez","54":"autor-guadalupe-molina","55":"autor-guadalupe-romero-fassone","56":"autor-guillermo-vazquez","57":"autor-heidi-de-lourdes-raimondo","58":"autor-javier-e-moyano","59":"autor-jeremias-rodigou-cordoba","60":"autor-joaquin-deon","61":"autor-jose-bustamante-vismara","62":"autor-jose-ignacio-paez","63":"autor-jose-maria-bompadre","64":"autor-juan-ezequiel-rogna","65":"autor-juan-pablo-pantano","66":"autor-juliana-enrico","67":"autor-juliana-teresa-rodriguez","68":"autor-julieta-kabalin-campos","69":"autor-katrina-salguero-myers","70":"autor-laura-destefanis","71":"autor-laura-ester-paez","72":"autor-laura-mercedes-prada","73":"autor-leila-jabase","74":"autor-leonardo-javier-barrera","75":"autor-leticia-medina","76":"autor-leticia-paz-sena","77":"autor-luciana-irene-sastre","78":"autor-luisina-alfonzo","79":"autor-luisina-zanuttini","80":"autor-m-cecilia-marengo","81":"autor-macarena-roldan","82":"autor-magdalena-gonzalez-almada","83":"autor-maite-rodigou-nocetti","84":"autor-manuel-giovine","85":"autor-maria-alejandra-pozzi","86":"autor-maria-belen-franco","87":"autor-maria-cielo-farias-kunz","88":"autor-maria-cristina-liendo","89":"autor-maria-elena-legaz","90":"autor-maria-esteve","91":"autor-maria-fernanda-libro","92":"autor-maria-florencia-serra","93":"autor-maria-florencia-sosa","94":"autor-maria-gabriela-boldini","95":"autor-maria-gabriela-morales","96":"autor-maria-jose-amuchastegui","97":"autor-maria-jose-clarisa-olmos-mandolini","98":"autor-maria-jose-garcia-montaldo","99":"autor-maria-jose-sabo","100":"autor-maria-paula-puttini","101":"autor-maria-victoria-martinez","102":"autor-maria-virginia-del-lujan-arpino","103":"autor-mariana-dain","104":"autor-mariana-etchegorry","105":"autor-mariana-gamboa","106":"autor-mariana-tosolini","107":"autor-marina-tomasini","108":"autor-marina-yazyi","109":"autor-maximiliano-jose-chirino","110":"autor-melania-ayelen-estevez-ballestero","111":"autor-melina-bustos-mantovani","112":"autor-monica-uanini","113":"autor-nadia-balmaceda","114":"autor-nancy-calomarde","115":"autor-natalia-elizabeth-rodriguez","116":"autor-pablo-heredia","117":"autor-paola-gramaglia","118":"autor-patricia-acevedo","119":"autor-patricia-daniela-diaz-moyano","120":"autor-rocio-aguilera","121":"autor-romina-cristini","122":"autor-rossana-crosetto","123":"autor-santiago-llorens","124":"autor-santiago-m-romero","125":"autor-sebastian-torres","126":"autor-sergio-andrade","127":"autor-silvia-de-dios","128":"autor-silvia-ortuzar","129":"autor-silvia-p-oliva","130":"autor-silvia-servetto","131":"autor-silvia-susana-anderlini","132":"autor-soledad-boero","133":"autor-susana-gomez","134":"autor-susana-suarez","135":"autor-valentina-arce-castello","136":"autor-valeria-aimar","137":"autor-vanesa-garbero","138":"autor-victoria-vaccalluzzo","139":"compilador-alicia-gutierrez","140":"compilador-eduardo-mattio","142":"first","143":"instock","144":"shipping-taxable","145":"product-type-external"},"acf":[],"_links":{"self":[{"href":"https:\/\/ffyh.unc.edu.ar\/publicaciones\/wp-json\/wp\/v2\/product\/3602","targetHints":{"allow":["GET"]}}],"collection":[{"href":"https:\/\/ffyh.unc.edu.ar\/publicaciones\/wp-json\/wp\/v2\/product"}],"about":[{"href":"https:\/\/ffyh.unc.edu.ar\/publicaciones\/wp-json\/wp\/v2\/types\/product"}],"replies":[{"embeddable":true,"href":"https:\/\/ffyh.unc.edu.ar\/publicaciones\/wp-json\/wp\/v2\/comments?post=3602"}],"wp:featuredmedia":[{"embeddable":true,"href":"https:\/\/ffyh.unc.edu.ar\/publicaciones\/wp-json\/wp\/v2\/media\/3600"}],"wp:attachment":[{"href":"https:\/\/ffyh.unc.edu.ar\/publicaciones\/wp-json\/wp\/v2\/media?parent=3602"}],"wp:term":[{"taxonomy":"product_brand","embeddable":true,"href":"https:\/\/ffyh.unc.edu.ar\/publicaciones\/wp-json\/wp\/v2\/product_brand?post=3602"},{"taxonomy":"product_cat","embeddable":true,"href":"https:\/\/ffyh.unc.edu.ar\/publicaciones\/wp-json\/wp\/v2\/product_cat?post=3602"},{"taxonomy":"product_tag","embeddable":true,"href":"https:\/\/ffyh.unc.edu.ar\/publicaciones\/wp-json\/wp\/v2\/product_tag?post=3602"},{"taxonomy":"autor","embeddable":true,"href":"https:\/\/ffyh.unc.edu.ar\/publicaciones\/wp-json\/wp\/v2\/autor?post=3602"},{"taxonomy":"editor","embeddable":true,"href":"https:\/\/ffyh.unc.edu.ar\/publicaciones\/wp-json\/wp\/v2\/editor?post=3602"},{"taxonomy":"traductor","embeddable":true,"href":"https:\/\/ffyh.unc.edu.ar\/publicaciones\/wp-json\/wp\/v2\/traductor?post=3602"},{"taxonomy":"compilador","embeddable":true,"href":"https:\/\/ffyh.unc.edu.ar\/publicaciones\/wp-json\/wp\/v2\/compilador?post=3602"},{"taxonomy":"coordinador","embeddable":true,"href":"https:\/\/ffyh.unc.edu.ar\/publicaciones\/wp-json\/wp\/v2\/coordinador?post=3602"},{"taxonomy":"director","embeddable":true,"href":"https:\/\/ffyh.unc.edu.ar\/publicaciones\/wp-json\/wp\/v2\/director?post=3602"}],"curies":[{"name":"wp","href":"https:\/\/api.w.org\/{rel}","templated":true}]}}