{"id":3643,"date":"2023-10-04T17:15:02","date_gmt":"2023-10-04T20:15:02","guid":{"rendered":"https:\/\/ffyh.unc.edu.ar\/publicaciones\/?post_type=product&#038;p=3643"},"modified":"2023-10-04T17:15:03","modified_gmt":"2023-10-04T20:15:03","slug":"polinizar-reflexiones-sobre-ensenanza-de-la-literatura-entre-bordes-y-desbordes","status":"publish","type":"product","link":"https:\/\/ffyh.unc.edu.ar\/publicaciones\/tienda\/publicaciones-de-investigacion\/ciffyh\/colecciones-del-ciffyh\/polinizar-reflexiones-sobre-ensenanza-de-la-literatura-entre-bordes-y-desbordes\/","title":{"rendered":"Polinizar. Reflexiones sobre ense\u00f1anza de la literatura entre bordes y desbordes"},"content":{"rendered":"<p>Este libro recoge el trabajo llevado adelante por un equipo de docentes que integran un proyecto de investigaci\u00f3n radicado en el \u00c1rea de Letras del Centro de Investigaciones Mar\u00eda Saleme de Burnichon de la Facultad de Filosof\u00eda y Humanidades (UNC) -con subsidio de la SECyT, UNC-, para plasmar sus reflexiones y darles unidad.<\/p>\n<p>La primera parte de este libro se titula \u201cNarraciones de las experiencias\u201d y contiene siete art\u00edculos y un anexo.\u00a0 Cada uno de ellos remite a reflexiones surgidas a ra\u00edz de distintas pr\u00e1cticas \u00e1ulicas. En la segunda parte titulada \u201cReflexiones te\u00f3rico cr\u00edticas\u201d se incluyen tres art\u00edculos que analizan textos literarios y un panorama complejo y agudo sobre la historia de la ense\u00f1anza de la literatura en nuestro pa\u00eds.<\/p>\n<p>\u201cPolinizar. Reflexiones sobre ense\u00f1anza de la literatura entre bordes y desbordes\u201d forma parte de las Colecciones del CIFFyH, una iniciativa del Centro de Investigaciones Mar\u00eda Saleme de Burnichon (FFyH) en vinculaci\u00f3n con el \u00c1rea de Publicaciones de la FFyH que busca fortalecer la producci\u00f3n y difusi\u00f3n del trabajo de los grupos de investigaci\u00f3n del Centro, fomentar la participaci\u00f3n en la producci\u00f3n y circulaci\u00f3n del conocimiento de estudiantes, egresados\/as y docentes, y generar espacios institucionales que habiliten dicha circulaci\u00f3n.<\/p>\n","protected":false},"excerpt":{"rendered":"<p>Este libro recoge el trabajo llevado adelante por un equipo de docentes que integran un proyecto de investigaci\u00f3n radicado en el \u00c1rea de Letras del Centro de Investigaciones Mar\u00eda Saleme de Burnichon de la Facultad de Filosof\u00eda y Humanidades (UNC) -con subsidio de la SECyT, UNC-, para plasmar sus reflexiones y darles unidad.<\/p>\n","protected":false},"featured_media":3639,"comment_status":"closed","ping_status":"closed","template":"","meta":{"_acf_changed":false,"colormag_page_container_layout":"default_layout","colormag_page_sidebar_layout":"default_layout"},"product_brand":[],"product_cat":[30,31,27],"product_tag":[1081,1181],"autor":[501,2146,2148,678,1172,1200,2150,980,1199,2149,453,2147],"editor":[],"traductor":[],"compilador":[],"coordinador":[2151],"director":[],"class_list":{"0":"post-3643","1":"product","2":"type-product","3":"status-publish","4":"has-post-thumbnail","6":"product_cat-ciffyh","7":"product_cat-colecciones-del-ciffyh","8":"product_cat-publicaciones-de-investigacion","9":"product_tag-ensenanza","10":"product_tag-literatura","11":"autor-adriana-vulponi","12":"autor-debora-cingolani","13":"autor-elisa-filippi","14":"autor-lucrecia-lopez","15":"autor-marcela-carranza","16":"autor-maria-alejandra-forgiarini","17":"autor-maria-elisa-santillan","18":"autor-maria-florencia-ortiz","19":"autor-mariana-mitelman","20":"autor-nadia-marconi","21":"autor-ornella-matarozzo","22":"autor-valeria-daveloza","23":"coordinador-maria-florencia-ortiz","25":"first","26":"instock","27":"shipping-taxable","28":"product-type-external"},"acf":[],"_links":{"self":[{"href":"https:\/\/ffyh.unc.edu.ar\/publicaciones\/wp-json\/wp\/v2\/product\/3643","targetHints":{"allow":["GET"]}}],"collection":[{"href":"https:\/\/ffyh.unc.edu.ar\/publicaciones\/wp-json\/wp\/v2\/product"}],"about":[{"href":"https:\/\/ffyh.unc.edu.ar\/publicaciones\/wp-json\/wp\/v2\/types\/product"}],"replies":[{"embeddable":true,"href":"https:\/\/ffyh.unc.edu.ar\/publicaciones\/wp-json\/wp\/v2\/comments?post=3643"}],"wp:featuredmedia":[{"embeddable":true,"href":"https:\/\/ffyh.unc.edu.ar\/publicaciones\/wp-json\/wp\/v2\/media\/3639"}],"wp:attachment":[{"href":"https:\/\/ffyh.unc.edu.ar\/publicaciones\/wp-json\/wp\/v2\/media?parent=3643"}],"wp:term":[{"taxonomy":"product_brand","embeddable":true,"href":"https:\/\/ffyh.unc.edu.ar\/publicaciones\/wp-json\/wp\/v2\/product_brand?post=3643"},{"taxonomy":"product_cat","embeddable":true,"href":"https:\/\/ffyh.unc.edu.ar\/publicaciones\/wp-json\/wp\/v2\/product_cat?post=3643"},{"taxonomy":"product_tag","embeddable":true,"href":"https:\/\/ffyh.unc.edu.ar\/publicaciones\/wp-json\/wp\/v2\/product_tag?post=3643"},{"taxonomy":"autor","embeddable":true,"href":"https:\/\/ffyh.unc.edu.ar\/publicaciones\/wp-json\/wp\/v2\/autor?post=3643"},{"taxonomy":"editor","embeddable":true,"href":"https:\/\/ffyh.unc.edu.ar\/publicaciones\/wp-json\/wp\/v2\/editor?post=3643"},{"taxonomy":"traductor","embeddable":true,"href":"https:\/\/ffyh.unc.edu.ar\/publicaciones\/wp-json\/wp\/v2\/traductor?post=3643"},{"taxonomy":"compilador","embeddable":true,"href":"https:\/\/ffyh.unc.edu.ar\/publicaciones\/wp-json\/wp\/v2\/compilador?post=3643"},{"taxonomy":"coordinador","embeddable":true,"href":"https:\/\/ffyh.unc.edu.ar\/publicaciones\/wp-json\/wp\/v2\/coordinador?post=3643"},{"taxonomy":"director","embeddable":true,"href":"https:\/\/ffyh.unc.edu.ar\/publicaciones\/wp-json\/wp\/v2\/director?post=3643"}],"curies":[{"name":"wp","href":"https:\/\/api.w.org\/{rel}","templated":true}]}}