{"id":3729,"date":"2023-11-03T17:29:20","date_gmt":"2023-11-03T20:29:20","guid":{"rendered":"https:\/\/ffyh.unc.edu.ar\/publicaciones\/?post_type=product&#038;p=3729"},"modified":"2023-11-03T17:30:04","modified_gmt":"2023-11-03T20:30:04","slug":"en-la-lengua-materna-ensayos-sobre-la-vida-del-espiritu-de-hannah-arendt","status":"publish","type":"product","link":"https:\/\/ffyh.unc.edu.ar\/publicaciones\/tienda\/publicaciones-de-investigacion\/ciffyh\/colecciones-del-ciffyh\/en-la-lengua-materna-ensayos-sobre-la-vida-del-espiritu-de-hannah-arendt\/","title":{"rendered":"En la lengua materna. Ensayos sobre La vida del esp\u00edritu de Hannah Arendt"},"content":{"rendered":"<p>El e-book, cuyxs autorxs son Alejandro Milotich, Maximiliano Chirino, Magal\u00ed Arga\u00f1araz, Simonetta Torres, Ari Costamagna, Camila Meyar y Laura Arese, con pr\u00f3logo de Paula Hunziker, recoge una serie de reflexiones sobre el libro p\u00f3stumo de Hannah Arendt, titulado \u00abLa vida del esp\u00edritu\u00bb.<\/p>\n<p>Surgido a la luz de atentas lecturas y discusiones compartidas, el e-book aborda cuestiones relativas al mundo de las apariencias y su relaci\u00f3n con el pensamiento desde una particular perspectiva fenomenol\u00f3gica; el trabajo de Arendt con fuentes de la filosof\u00eda y di\u00e1logos que realiza la pensadora con la literatura.<\/p>\n<p>Este t\u00edtulo forma parte de las Colecciones del CIFFyH, una iniciativa del Centro de Investigaciones Mar\u00eda Saleme de Burnichon (FFyH) en vinculaci\u00f3n con el \u00c1rea de Publicaciones de la FFyH que busca fortalecer la producci\u00f3n y difusi\u00f3n del trabajo de los grupos de investigaci\u00f3n del Centro, fomentar la participaci\u00f3n en la producci\u00f3n y circulaci\u00f3n del conocimiento de estudiantes, egresados\/as y docentes, y generar espacios institucionales que habiliten dicha circulaci\u00f3n.<\/p>\n","protected":false},"excerpt":{"rendered":"<p>El e-book, editado por Alejandro Milotich y Maximiliano Chirino, recoge una serie de reflexiones sobre el libro de Hannah Arendt \u00abLa vida del esp\u00edritu\u00bb.<\/p>\n","protected":false},"featured_media":3726,"comment_status":"closed","ping_status":"closed","template":"","meta":{"_acf_changed":false,"colormag_page_container_layout":"default_layout","colormag_page_sidebar_layout":"default_layout"},"product_brand":[],"product_cat":[30,31,27],"product_tag":[1231,2153],"autor":[539,2155,213,341,146,1507,197,2154],"editor":[2156,2157],"traductor":[],"compilador":[],"coordinador":[],"director":[],"class_list":{"0":"post-3729","1":"product","2":"type-product","3":"status-publish","4":"has-post-thumbnail","6":"product_cat-ciffyh","7":"product_cat-colecciones-del-ciffyh","8":"product_cat-publicaciones-de-investigacion","9":"product_tag-filosofia-contemporanea","10":"product_tag-hannah-arendt","11":"autor-alejandro-milotich","12":"autor-ari-costamagna","13":"autor-camila-meyar","14":"autor-laura-arese","15":"autor-magali-arganaraz","16":"autor-maximiliano-chirino","17":"autor-paula-hunziker","18":"autor-simonetta-torres","19":"editor-alejandro-milotich","20":"editor-maximiliano-chirino","22":"first","23":"instock","24":"shipping-taxable","25":"product-type-external"},"acf":[],"_links":{"self":[{"href":"https:\/\/ffyh.unc.edu.ar\/publicaciones\/wp-json\/wp\/v2\/product\/3729","targetHints":{"allow":["GET"]}}],"collection":[{"href":"https:\/\/ffyh.unc.edu.ar\/publicaciones\/wp-json\/wp\/v2\/product"}],"about":[{"href":"https:\/\/ffyh.unc.edu.ar\/publicaciones\/wp-json\/wp\/v2\/types\/product"}],"replies":[{"embeddable":true,"href":"https:\/\/ffyh.unc.edu.ar\/publicaciones\/wp-json\/wp\/v2\/comments?post=3729"}],"wp:featuredmedia":[{"embeddable":true,"href":"https:\/\/ffyh.unc.edu.ar\/publicaciones\/wp-json\/wp\/v2\/media\/3726"}],"wp:attachment":[{"href":"https:\/\/ffyh.unc.edu.ar\/publicaciones\/wp-json\/wp\/v2\/media?parent=3729"}],"wp:term":[{"taxonomy":"product_brand","embeddable":true,"href":"https:\/\/ffyh.unc.edu.ar\/publicaciones\/wp-json\/wp\/v2\/product_brand?post=3729"},{"taxonomy":"product_cat","embeddable":true,"href":"https:\/\/ffyh.unc.edu.ar\/publicaciones\/wp-json\/wp\/v2\/product_cat?post=3729"},{"taxonomy":"product_tag","embeddable":true,"href":"https:\/\/ffyh.unc.edu.ar\/publicaciones\/wp-json\/wp\/v2\/product_tag?post=3729"},{"taxonomy":"autor","embeddable":true,"href":"https:\/\/ffyh.unc.edu.ar\/publicaciones\/wp-json\/wp\/v2\/autor?post=3729"},{"taxonomy":"editor","embeddable":true,"href":"https:\/\/ffyh.unc.edu.ar\/publicaciones\/wp-json\/wp\/v2\/editor?post=3729"},{"taxonomy":"traductor","embeddable":true,"href":"https:\/\/ffyh.unc.edu.ar\/publicaciones\/wp-json\/wp\/v2\/traductor?post=3729"},{"taxonomy":"compilador","embeddable":true,"href":"https:\/\/ffyh.unc.edu.ar\/publicaciones\/wp-json\/wp\/v2\/compilador?post=3729"},{"taxonomy":"coordinador","embeddable":true,"href":"https:\/\/ffyh.unc.edu.ar\/publicaciones\/wp-json\/wp\/v2\/coordinador?post=3729"},{"taxonomy":"director","embeddable":true,"href":"https:\/\/ffyh.unc.edu.ar\/publicaciones\/wp-json\/wp\/v2\/director?post=3729"}],"curies":[{"name":"wp","href":"https:\/\/api.w.org\/{rel}","templated":true}]}}