{"id":3740,"date":"2023-11-07T16:58:44","date_gmt":"2023-11-07T19:58:44","guid":{"rendered":"https:\/\/ffyh.unc.edu.ar\/publicaciones\/?post_type=product&#038;p=3740"},"modified":"2023-11-07T16:58:44","modified_gmt":"2023-11-07T19:58:44","slug":"mapeo-de-egresades-de-la-escuela-de-ciencias-de-la-educacion-facultad-de-filosofia-y-humanidades-de-la-universidad-nacional-de-cordoba","status":"publish","type":"product","link":"https:\/\/ffyh.unc.edu.ar\/publicaciones\/tienda\/publicaciones-del-area-de-publicaciones-de-la-ffyh\/mapeo-de-egresades-de-la-escuela-de-ciencias-de-la-educacion-facultad-de-filosofia-y-humanidades-de-la-universidad-nacional-de-cordoba\/","title":{"rendered":"Mapeo de egresades de la Escuela de Ciencias de la Educaci\u00f3n. Facultad de Filosof\u00eda y Humanidades de la Universidad Nacional de C\u00f3rdoba"},"content":{"rendered":"<p><span style=\"font-weight: 400\">Este documento sistematiza un relevamiento realizado en el per\u00edodo diciembre 2021 a julio de 2022 a egresades de las carreras de profesorado y licenciatura en Ciencias de la Educaci\u00f3n de la FFyH de la UNC. Su elaboraci\u00f3n form\u00f3 parte de un proyecto de representantes del espacio \u201cEgresades por la Universidad P\u00fablica\u201d (per\u00edodo 2021-2023) que sostuvo como prop\u00f3sitos centrales el encuentro entre colegas; la visibilizaci\u00f3n y reconocimiento de las diferentes cohortes que habitan cotidianamente el campo profesional.\u00a0 En \u00e9l asumimos una apuesta pol\u00edtica: visibilizar las particularidades de un claustro disperso.<\/span><\/p>\n<p><span style=\"font-weight: 400\">La presentaci\u00f3n de los datos se organiza en cuatro bloques a partir de las preguntas del formulario de relevamiento. En el primero, se indag\u00f3 sobre algunos datos personales de les egresades (edad, g\u00e9nero, lugar de residencia, uso de redes sociales); en el segundo bloque sobre estudios superiores previos a los desarrollados en la Escuela de Ciencias de la Educaci\u00f3n; en el tercero sobre t\u00edtulo\/s obtenido\/s y a\u00f1o\/s de egreso y en el cuarto, sobre la inserci\u00f3n laboral. Finalmente, en el quinto bloque indagamos acerca del ejercicio profesional y la formaci\u00f3n continua. <\/span><\/p>\n<p><span style=\"font-weight: 400\">Sostener lazos con colegas de la ECE se constituye en un complejo desaf\u00edo. Creemos que interiorizarnos en las trayectorias profesionales de nuestros compa\u00f1eres y socializar sus opiniones ha sido, a nuestro entender, un modo de hacerlo.<\/span><\/p>\n","protected":false},"excerpt":{"rendered":"<p><span style=\"font-weight: 400\">Este mapeo sistematiza un relevamiento realizado en el per\u00edodo diciembre 2021 a julio de 2022 a egresades de las carreras de profesorado y licenciatura en Ciencias de la Educaci\u00f3n de la Facultad de Filosof\u00eda y Humanidades de la Universidad Nacional de C\u00f3rdoba.<\/span><\/p>\n","protected":false},"featured_media":3744,"comment_status":"closed","ping_status":"closed","template":"","meta":{"_acf_changed":false,"colormag_page_container_layout":"default_layout","colormag_page_sidebar_layout":"default_layout"},"product_brand":[],"product_cat":[1576],"product_tag":[2160,2161,1174,1218],"autor":[1800,2166,2165,2163,2162,2164],"editor":[],"traductor":[],"compilador":[],"coordinador":[],"director":[],"class_list":{"0":"post-3740","1":"product","2":"type-product","3":"status-publish","4":"has-post-thumbnail","6":"product_cat-publicaciones-del-area-de-publicaciones-de-la-ffyh","7":"product_tag-egresades","8":"product_tag-ejercicio-profesional","9":"product_tag-formacion","10":"product_tag-universidades","11":"autor-carola-perea","12":"autor-leila-esteban","13":"autor-luciana-bibbo","14":"autor-maria-clara-brunori","15":"autor-maria-laura-diaz","16":"autor-silvia-elisabet-tejerina","18":"first","19":"instock","20":"shipping-taxable","21":"product-type-external"},"acf":[],"_links":{"self":[{"href":"https:\/\/ffyh.unc.edu.ar\/publicaciones\/wp-json\/wp\/v2\/product\/3740","targetHints":{"allow":["GET"]}}],"collection":[{"href":"https:\/\/ffyh.unc.edu.ar\/publicaciones\/wp-json\/wp\/v2\/product"}],"about":[{"href":"https:\/\/ffyh.unc.edu.ar\/publicaciones\/wp-json\/wp\/v2\/types\/product"}],"replies":[{"embeddable":true,"href":"https:\/\/ffyh.unc.edu.ar\/publicaciones\/wp-json\/wp\/v2\/comments?post=3740"}],"wp:featuredmedia":[{"embeddable":true,"href":"https:\/\/ffyh.unc.edu.ar\/publicaciones\/wp-json\/wp\/v2\/media\/3744"}],"wp:attachment":[{"href":"https:\/\/ffyh.unc.edu.ar\/publicaciones\/wp-json\/wp\/v2\/media?parent=3740"}],"wp:term":[{"taxonomy":"product_brand","embeddable":true,"href":"https:\/\/ffyh.unc.edu.ar\/publicaciones\/wp-json\/wp\/v2\/product_brand?post=3740"},{"taxonomy":"product_cat","embeddable":true,"href":"https:\/\/ffyh.unc.edu.ar\/publicaciones\/wp-json\/wp\/v2\/product_cat?post=3740"},{"taxonomy":"product_tag","embeddable":true,"href":"https:\/\/ffyh.unc.edu.ar\/publicaciones\/wp-json\/wp\/v2\/product_tag?post=3740"},{"taxonomy":"autor","embeddable":true,"href":"https:\/\/ffyh.unc.edu.ar\/publicaciones\/wp-json\/wp\/v2\/autor?post=3740"},{"taxonomy":"editor","embeddable":true,"href":"https:\/\/ffyh.unc.edu.ar\/publicaciones\/wp-json\/wp\/v2\/editor?post=3740"},{"taxonomy":"traductor","embeddable":true,"href":"https:\/\/ffyh.unc.edu.ar\/publicaciones\/wp-json\/wp\/v2\/traductor?post=3740"},{"taxonomy":"compilador","embeddable":true,"href":"https:\/\/ffyh.unc.edu.ar\/publicaciones\/wp-json\/wp\/v2\/compilador?post=3740"},{"taxonomy":"coordinador","embeddable":true,"href":"https:\/\/ffyh.unc.edu.ar\/publicaciones\/wp-json\/wp\/v2\/coordinador?post=3740"},{"taxonomy":"director","embeddable":true,"href":"https:\/\/ffyh.unc.edu.ar\/publicaciones\/wp-json\/wp\/v2\/director?post=3740"}],"curies":[{"name":"wp","href":"https:\/\/api.w.org\/{rel}","templated":true}]}}