{"id":3776,"date":"2023-11-09T16:57:49","date_gmt":"2023-11-09T19:57:49","guid":{"rendered":"https:\/\/ffyh.unc.edu.ar\/publicaciones\/?post_type=product&#038;p=3776"},"modified":"2023-11-09T16:57:52","modified_gmt":"2023-11-09T19:57:52","slug":"filosofia-de-la-ciencia-por-jovenes-investigadores-vol-4","status":"publish","type":"product","link":"https:\/\/ffyh.unc.edu.ar\/publicaciones\/tienda\/publicaciones-de-investigacion\/ciffyh\/colecciones-del-ciffyh\/filosofia-de-la-ciencia-por-jovenes-investigadores-vol-4\/","title":{"rendered":"Filosof\u00eda de la Ciencia por J\u00f3venes Investigadores vol. 4"},"content":{"rendered":"<p><span style=\"font-weight: 400\">Este volumen re\u00fane los trabajos presentados originalmente en las 4tas Jornadas de J\u00f3venes Investigadores en Filosof\u00eda de la Ciencia (JJFIC), llevadas a cabo los d\u00edas 4, 5 y 6 de octubre de 2022\u00a0<\/span><span style=\"font-weight: 400\">en el Auditorio de CONICET de la Universidad Nacional de C\u00f3rdoba y organizadas por <\/span><b>\u201c<\/b>J<span style=\"font-weight: 400\">\u00f3venes FIC\u201d, grupo de estudiantes de grado y posgrado de la Facultad de Filosof\u00eda y Humanidades de la Universidad Nacional de C\u00f3rdoba y el grupo de investigaci\u00f3n \u201cModelar, simular y experimentar: un an\u00e1lisis epistemol\u00f3gico desde las pr\u00e1cticas cient\u00edficas\u201d (SECyT) del Centro de Investigaciones Mar\u00eda Saleme de Burnichon.<\/span><\/p>\n<p><span style=\"font-weight: 400\">El e-book surge de la necesidad de construir y habilitar un espacio de comunidad que fomente la participaci\u00f3n de estudiantes de grado y posgrado que est\u00e9n iniciando su camino en la investigaci\u00f3n de Filosof\u00eda, Sociolog\u00eda, Antropolog\u00eda e Historia de las Ciencias y disciplinas afines. En ese sentido, este volumen da cuenta de la voluntad colectiva de proponer una discusi\u00f3n sobre las formas en que investigamos las ciencias, desde un espacio pensado por y para les j\u00f3venes investigadores.<\/span><\/p>\n<p>Este e-book, como sus tres vol\u00famenes anteriores, forma parte de las Colecciones del CIFFyH, una iniciativa del Centro de Investigaciones Mar\u00eda Saleme de Burnichon (FFyH) en vinculaci\u00f3n con el \u00c1rea de Publicaciones de la FFyH que busca fortalecer la producci\u00f3n y difusi\u00f3n del trabajo de los grupos de investigaci\u00f3n del Centro, fomentar la participaci\u00f3n en la producci\u00f3n y circulaci\u00f3n del conocimiento de estudiantes, egresados\/as y docentes, y generar espacios institucionales que habiliten dicha circulaci\u00f3n.<\/p>\n","protected":false},"excerpt":{"rendered":"<p><span style=\"font-weight: 400\">Este volumen, editado por Mar\u00eda Gabriela Fissore, Agust\u00edn Mauro, Barbara Paez Sueldo y Mateo Santillan Castro, re\u00fane los trabajos presentados originalmente en las 4tas Jornadas de J\u00f3venes Investigadores en Filosof\u00eda de la Ciencia (JJFIC), llevadas a cabo los d\u00edas 4, 5 y 6 de octubre de 2022 <\/span><span style=\"font-weight: 400\">en el Auditorio de CONICET de la Universidad Nacional de C\u00f3rdoba.\u00a0<\/span><\/p>\n","protected":false},"featured_media":3777,"comment_status":"closed","ping_status":"closed","template":"","meta":{"_acf_changed":false,"colormag_page_container_layout":"default_layout","colormag_page_sidebar_layout":"default_layout"},"product_brand":[],"product_cat":[30,31,27],"product_tag":[1210,1211],"autor":[112,1502,2177,2188,1917,1920,916,2183,2184,1497,118,2182,111,2189,121,1918,1494,2185,1922,2176,2181,2179,1495,2187,2180,2186,2178,127,1500],"editor":[129,1930,1928,2190],"traductor":[],"compilador":[],"coordinador":[],"director":[],"class_list":{"0":"post-3776","1":"product","2":"type-product","3":"status-publish","4":"has-post-thumbnail","6":"product_cat-ciffyh","7":"product_cat-colecciones-del-ciffyh","8":"product_cat-publicaciones-de-investigacion","9":"product_tag-filosofia-de-la-ciencia","10":"product_tag-jovenes-investigadores","11":"autor-agustin-mauro","12":"autor-alejandro-gracia-di-rienzo","13":"autor-ariel-olmedo-giompliakis","14":"autor-barbara-paez-sueldo","15":"autor-clara-castanares","16":"autor-francisco-elias-moreno","17":"autor-hector-horacio-gervan","18":"autor-joaquin-morales","19":"autor-juan-manuel-gonzalez-de-pinera","20":"autor-julian-arriaga","21":"autor-julian-reynoso","22":"autor-lara-medina-tomas","23":"autor-lucia-cespedes","24":"autor-lucia-martino","25":"autor-maria-fissore","26":"autor-maria-luz-damico","27":"autor-mariano-gordillo","28":"autor-martin-ivan-druvetta","29":"autor-mateo-santillan-castro","30":"autor-matias-daniel-giri","31":"autor-milena-dassie-wilke","32":"autor-nicolas-antonio-rojas-cortes","33":"autor-nicolas-pohl","34":"autor-ricardo-david-rosso","35":"autor-santo-scabuzzo","36":"autor-sebastian-mejia-rendon","37":"autor-tamara-jesus-chibey-rivas","38":"autor-tamara-nizetich","39":"autor-tatiana-balbontin-beltran","40":"editor-agustin-mauro","41":"editor-barbara-paez-sueldo","42":"editor-maria-gabriela-fissore","43":"editor-mateo-santillan-castro","45":"first","46":"instock","47":"shipping-taxable","48":"product-type-external"},"acf":[],"_links":{"self":[{"href":"https:\/\/ffyh.unc.edu.ar\/publicaciones\/wp-json\/wp\/v2\/product\/3776","targetHints":{"allow":["GET"]}}],"collection":[{"href":"https:\/\/ffyh.unc.edu.ar\/publicaciones\/wp-json\/wp\/v2\/product"}],"about":[{"href":"https:\/\/ffyh.unc.edu.ar\/publicaciones\/wp-json\/wp\/v2\/types\/product"}],"replies":[{"embeddable":true,"href":"https:\/\/ffyh.unc.edu.ar\/publicaciones\/wp-json\/wp\/v2\/comments?post=3776"}],"wp:featuredmedia":[{"embeddable":true,"href":"https:\/\/ffyh.unc.edu.ar\/publicaciones\/wp-json\/wp\/v2\/media\/3777"}],"wp:attachment":[{"href":"https:\/\/ffyh.unc.edu.ar\/publicaciones\/wp-json\/wp\/v2\/media?parent=3776"}],"wp:term":[{"taxonomy":"product_brand","embeddable":true,"href":"https:\/\/ffyh.unc.edu.ar\/publicaciones\/wp-json\/wp\/v2\/product_brand?post=3776"},{"taxonomy":"product_cat","embeddable":true,"href":"https:\/\/ffyh.unc.edu.ar\/publicaciones\/wp-json\/wp\/v2\/product_cat?post=3776"},{"taxonomy":"product_tag","embeddable":true,"href":"https:\/\/ffyh.unc.edu.ar\/publicaciones\/wp-json\/wp\/v2\/product_tag?post=3776"},{"taxonomy":"autor","embeddable":true,"href":"https:\/\/ffyh.unc.edu.ar\/publicaciones\/wp-json\/wp\/v2\/autor?post=3776"},{"taxonomy":"editor","embeddable":true,"href":"https:\/\/ffyh.unc.edu.ar\/publicaciones\/wp-json\/wp\/v2\/editor?post=3776"},{"taxonomy":"traductor","embeddable":true,"href":"https:\/\/ffyh.unc.edu.ar\/publicaciones\/wp-json\/wp\/v2\/traductor?post=3776"},{"taxonomy":"compilador","embeddable":true,"href":"https:\/\/ffyh.unc.edu.ar\/publicaciones\/wp-json\/wp\/v2\/compilador?post=3776"},{"taxonomy":"coordinador","embeddable":true,"href":"https:\/\/ffyh.unc.edu.ar\/publicaciones\/wp-json\/wp\/v2\/coordinador?post=3776"},{"taxonomy":"director","embeddable":true,"href":"https:\/\/ffyh.unc.edu.ar\/publicaciones\/wp-json\/wp\/v2\/director?post=3776"}],"curies":[{"name":"wp","href":"https:\/\/api.w.org\/{rel}","templated":true}]}}